{"id":824,"date":"2024-09-20T15:15:54","date_gmt":"2024-09-20T13:15:54","guid":{"rendered":"https:\/\/vivaroi.org\/agb\/"},"modified":"2026-03-15T11:28:35","modified_gmt":"2026-03-15T10:28:35","slug":"agb","status":"publish","type":"page","link":"https:\/\/risawave.org\/en\/agb\/","title":{"rendered":"Legal information: AGB"},"content":{"rendered":"<h2 class=\"wp-block-heading\" id=\"h-allgemeine-geschaftsbedingungen\">General Terms and Conditions<\/h2>\n\n\n\n<h3 class=\"wp-block-heading\">1. scope of application<\/h3>\n\n\n\n<p>These terms of use apply to the use of the RISAWAVE.org website and the digital services of RISAWAVE's parent company: <\/p>\n\n\n\n<figure class=\"wp-block-image size-full\"><img loading=\"lazy\" decoding=\"async\" width=\"300\" height=\"100\" src=\"https:\/\/risawave.org\/wp-content\/uploads\/2026\/03\/legal.png\" alt=\"\" class=\"wp-image-352298\"\/><\/figure>\n\n\n\n<hr class=\"wp-block-separator has-alpha-channel-opacity\"\/>\n\n\n\n<h3 class=\"wp-block-heading\">2. use of the services<\/h3>\n\n\n\n<p>The content and services offered on this website serve exclusively to <strong>Information and business purposes<\/strong>.<\/p>\n\n\n\n<p>Misuse of the services is prohibited.<\/p>\n\n\n\n<hr class=\"wp-block-separator has-alpha-channel-opacity\"\/>\n\n\n\n<h3 class=\"wp-block-heading\">3. intellectual property<\/h3>\n\n\n\n<p>All contents of this website, including text, graphics, trademarks and software, are the property of <strong>risawave<\/strong> or their licensors.<\/p>\n\n\n\n<p>Any use outside the intended purposes requires prior consent.<\/p>\n\n\n\n<hr class=\"wp-block-separator has-alpha-channel-opacity\"\/>\n\n\n\n<h3 class=\"wp-block-heading\">4. liability<\/h3>\n\n\n\n<p>The content of this website has been created with the greatest possible care.<br>However, no liability can be accepted for the accuracy, completeness or topicality of the content.<\/p>\n\n\n\n<hr class=\"wp-block-separator has-alpha-channel-opacity\"\/>\n\n\n\n<h3 class=\"wp-block-heading\">5 AI-generated content<\/h3>\n\n\n\n<p>If content is created with the help of AI systems, it is used exclusively to <strong>Support and information purposes<\/strong>.<\/p>\n\n\n\n<p>No guarantee is given for the completeness or accuracy of automatically generated content.<\/p>\n\n\n\n<hr class=\"wp-block-separator has-alpha-channel-opacity\"\/>\n\n\n\n<h3 class=\"wp-block-heading\">6 Applicable law<\/h3>\n\n\n\n<p>These terms of use are subject to the law of <strong>Hong Kong<\/strong>, unless there are mandatory statutory provisions of other legal systems to the contrary.<\/p>\n\n\n\n<p><\/p>","protected":false},"excerpt":{"rendered":"<p>General Terms and Conditions\n1. Scope\nThese terms and conditions of use apply to the use of the website RISAWAVE.org and the digital services of RISAWAVE's parent company:\n2. Use of Services\nThe content and services offered on this website are for informational and business purposes only. Any misuse of the services is prohibited.\n3. Intellectual Property\nAll content on this website, including text, ... <a title=\"Legal information: AGB\" class=\"read-more\" href=\"https:\/\/risawave.org\/en\/agb\/\" aria-label=\"Read more about Legal Information: Terms and Conditions\">Read more<\/a><\/p>","protected":false},"author":2,"featured_media":0,"parent":0,"menu_order":0,"comment_status":"closed","ping_status":"closed","template":"","meta":{"footnotes":""},"class_list":{"0":"post-824","1":"page","2":"type-page","3":"status-publish","5":"page_cat-rechtliche-seiten"},"yoast_head":"<!-- This site is optimized with the Yoast SEO Premium plugin v27.5 (Yoast SEO v27.5) - https:\/\/yoast.com\/product\/yoast-seo-premium-wordpress\/ -->\n<title>Rechtliche Information: AGB - risawave.org<\/title>\n<meta name=\"robots\" content=\"index, follow, max-snippet:-1, max-image-preview:large, max-video-preview:-1\" \/>\n<link rel=\"canonical\" href=\"https:\/\/risawave.org\/en\/agb\/\" \/>\n<meta property=\"og:locale\" content=\"en_GB\" \/>\n<meta property=\"og:type\" content=\"article\" \/>\n<meta property=\"og:title\" content=\"Rechtliche Information: AGB\" \/>\n<meta property=\"og:description\" content=\"Allgemeine Gesch\u00e4ftsbedingungen 1. Geltungsbereich Diese Nutzungsbedingungen gelten f\u00fcr die Nutzung der Website RISAWAVE.org sowie der digitalen Dienstleistungen von dem Mutterunternehmen von RISAWAVE: 2. Nutzung der Dienste Die auf dieser Website angebotenen Inhalte und Dienstleistungen dienen ausschlie\u00dflich Informations- und Gesch\u00e4ftszwecken. Eine missbr\u00e4uchliche Nutzung der Dienste ist untersagt. 3. Geistiges Eigentum Alle Inhalte dieser Website, einschlie\u00dflich Texte, ... Read more\" \/>\n<meta property=\"og:url\" content=\"https:\/\/risawave.org\/en\/agb\/\" \/>\n<meta property=\"og:site_name\" content=\"risawave.org\" \/>\n<meta property=\"article:modified_time\" content=\"2026-03-15T10:28:35+00:00\" \/>\n<meta property=\"og:image\" content=\"https:\/\/risawave.org\/wp-content\/uploads\/2026\/03\/legal.png\" \/>\n\t<meta property=\"og:image:width\" content=\"300\" \/>\n\t<meta property=\"og:image:height\" content=\"100\" \/>\n\t<meta property=\"og:image:type\" content=\"image\/png\" \/>\n<meta name=\"twitter:card\" content=\"summary_large_image\" \/>\n<meta name=\"twitter:label1\" content=\"Estimated reading time\" \/>\n\t<meta name=\"twitter:data1\" content=\"2 minutes\" \/>\n<script type=\"application\/ld+json\" class=\"yoast-schema-graph\">{\"@context\":\"https:\\\/\\\/schema.org\",\"@graph\":[{\"@type\":\"WebPage\",\"@id\":\"https:\\\/\\\/risawave.org\\\/agb\\\/\",\"url\":\"https:\\\/\\\/risawave.org\\\/agb\\\/\",\"name\":\"Rechtliche Information: AGB - risawave.org\",\"isPartOf\":{\"@id\":\"https:\\\/\\\/risawave.org\\\/#website\"},\"primaryImageOfPage\":{\"@id\":\"https:\\\/\\\/risawave.org\\\/agb\\\/#primaryimage\"},\"image\":{\"@id\":\"https:\\\/\\\/risawave.org\\\/agb\\\/#primaryimage\"},\"thumbnailUrl\":\"https:\\\/\\\/risawave.org\\\/wp-content\\\/uploads\\\/2026\\\/03\\\/legal.png\",\"datePublished\":\"2024-09-20T13:15:54+00:00\",\"dateModified\":\"2026-03-15T10:28:35+00:00\",\"breadcrumb\":{\"@id\":\"https:\\\/\\\/risawave.org\\\/agb\\\/#breadcrumb\"},\"inLanguage\":\"en-GB\",\"potentialAction\":[{\"@type\":\"ReadAction\",\"target\":[\"https:\\\/\\\/risawave.org\\\/agb\\\/\"]}]},{\"@type\":\"ImageObject\",\"inLanguage\":\"en-GB\",\"@id\":\"https:\\\/\\\/risawave.org\\\/agb\\\/#primaryimage\",\"url\":\"https:\\\/\\\/risawave.org\\\/wp-content\\\/uploads\\\/2026\\\/03\\\/legal.png\",\"contentUrl\":\"https:\\\/\\\/risawave.org\\\/wp-content\\\/uploads\\\/2026\\\/03\\\/legal.png\"},{\"@type\":\"BreadcrumbList\",\"@id\":\"https:\\\/\\\/risawave.org\\\/agb\\\/#breadcrumb\",\"itemListElement\":[{\"@type\":\"ListItem\",\"position\":1,\"name\":\"Start\",\"item\":\"https:\\\/\\\/risawave.org\\\/\"},{\"@type\":\"ListItem\",\"position\":2,\"name\":\"Rechtliche Information: AGB\"}]},{\"@type\":\"WebSite\",\"@id\":\"https:\\\/\\\/risawave.org\\\/#website\",\"url\":\"https:\\\/\\\/risawave.org\\\/\",\"name\":\"risawave.org\",\"description\":\"\",\"publisher\":{\"@id\":\"https:\\\/\\\/risawave.org\\\/#organization\"},\"potentialAction\":[{\"@type\":\"SearchAction\",\"target\":{\"@type\":\"EntryPoint\",\"urlTemplate\":\"https:\\\/\\\/risawave.org\\\/?s={search_term_string}\"},\"query-input\":{\"@type\":\"PropertyValueSpecification\",\"valueRequired\":true,\"valueName\":\"search_term_string\"}}],\"inLanguage\":\"en-GB\"},{\"@type\":[\"Organization\",\"Place\"],\"@id\":\"https:\\\/\\\/risawave.org\\\/#organization\",\"name\":\"risawave.org\",\"url\":\"https:\\\/\\\/risawave.org\\\/\",\"logo\":{\"@id\":\"https:\\\/\\\/risawave.org\\\/agb\\\/#local-main-organization-logo\"},\"image\":{\"@id\":\"https:\\\/\\\/risawave.org\\\/agb\\\/#local-main-organization-logo\"},\"telephone\":[\"015140530884\"],\"openingHoursSpecification\":[],\"email\":\"office@newrella.hk\",\"faxNumber\":\"newrella Limited\"},{\"@type\":\"ImageObject\",\"inLanguage\":\"en-GB\",\"@id\":\"https:\\\/\\\/risawave.org\\\/agb\\\/#local-main-organization-logo\",\"url\":\"https:\\\/\\\/risawave.org\\\/wp-content\\\/uploads\\\/2026\\\/01\\\/Globales-logo-scaled-1.png\",\"contentUrl\":\"https:\\\/\\\/risawave.org\\\/wp-content\\\/uploads\\\/2026\\\/01\\\/Globales-logo-scaled-1.png\",\"width\":2560,\"height\":2560,\"caption\":\"risawave.org\"}]}<\/script>\n<meta name=\"geo.placename\" content=\"\u8202\u574e\u89d2\" \/>\n<meta name=\"geo.region\" content=\"Hong Kong\" \/>\n<!-- \/ Yoast SEO Premium plugin. -->","yoast_head_json":{"title":"Legal information: AGB - risawave.org","robots":{"index":"index","follow":"follow","max-snippet":"max-snippet:-1","max-image-preview":"max-image-preview:large","max-video-preview":"max-video-preview:-1"},"canonical":"https:\/\/risawave.org\/en\/agb\/","og_locale":"en_GB","og_type":"article","og_title":"Rechtliche Information: AGB","og_description":"Allgemeine Gesch\u00e4ftsbedingungen 1. Geltungsbereich Diese Nutzungsbedingungen gelten f\u00fcr die Nutzung der Website RISAWAVE.org sowie der digitalen Dienstleistungen von dem Mutterunternehmen von RISAWAVE: 2. Nutzung der Dienste Die auf dieser Website angebotenen Inhalte und Dienstleistungen dienen ausschlie\u00dflich Informations- und Gesch\u00e4ftszwecken. Eine missbr\u00e4uchliche Nutzung der Dienste ist untersagt. 3. Geistiges Eigentum Alle Inhalte dieser Website, einschlie\u00dflich Texte, ... Read more","og_url":"https:\/\/risawave.org\/en\/agb\/","og_site_name":"risawave.org","article_modified_time":"2026-03-15T10:28:35+00:00","og_image":[{"width":300,"height":100,"url":"https:\/\/risawave.org\/wp-content\/uploads\/2026\/03\/legal.png","type":"image\/png"}],"twitter_card":"summary_large_image","twitter_misc":{"Estimated reading time":"2 minutes"},"schema":{"@context":"https:\/\/schema.org","@graph":[{"@type":"WebPage","@id":"https:\/\/risawave.org\/agb\/","url":"https:\/\/risawave.org\/agb\/","name":"Legal information: AGB - risawave.org","isPartOf":{"@id":"https:\/\/risawave.org\/#website"},"primaryImageOfPage":{"@id":"https:\/\/risawave.org\/agb\/#primaryimage"},"image":{"@id":"https:\/\/risawave.org\/agb\/#primaryimage"},"thumbnailUrl":"https:\/\/risawave.org\/wp-content\/uploads\/2026\/03\/legal.png","datePublished":"2024-09-20T13:15:54+00:00","dateModified":"2026-03-15T10:28:35+00:00","breadcrumb":{"@id":"https:\/\/risawave.org\/agb\/#breadcrumb"},"inLanguage":"en-GB","potentialAction":[{"@type":"ReadAction","target":["https:\/\/risawave.org\/agb\/"]}]},{"@type":"ImageObject","inLanguage":"en-GB","@id":"https:\/\/risawave.org\/agb\/#primaryimage","url":"https:\/\/risawave.org\/wp-content\/uploads\/2026\/03\/legal.png","contentUrl":"https:\/\/risawave.org\/wp-content\/uploads\/2026\/03\/legal.png"},{"@type":"BreadcrumbList","@id":"https:\/\/risawave.org\/agb\/#breadcrumb","itemListElement":[{"@type":"ListItem","position":1,"name":"Start","item":"https:\/\/risawave.org\/"},{"@type":"ListItem","position":2,"name":"Rechtliche Information: AGB"}]},{"@type":"WebSite","@id":"https:\/\/risawave.org\/#website","url":"https:\/\/risawave.org\/","name":"risawave.org","description":"","publisher":{"@id":"https:\/\/risawave.org\/#organization"},"potentialAction":[{"@type":"SearchAction","target":{"@type":"EntryPoint","urlTemplate":"https:\/\/risawave.org\/?s={search_term_string}"},"query-input":{"@type":"PropertyValueSpecification","valueRequired":true,"valueName":"search_term_string"}}],"inLanguage":"en-GB"},{"@type":["Organization","Place"],"@id":"https:\/\/risawave.org\/#organization","name":"risawave.org","url":"https:\/\/risawave.org\/","logo":{"@id":"https:\/\/risawave.org\/agb\/#local-main-organization-logo"},"image":{"@id":"https:\/\/risawave.org\/agb\/#local-main-organization-logo"},"telephone":["015140530884"],"openingHoursSpecification":[],"email":"office@newrella.hk","faxNumber":"newrella Limited"},{"@type":"ImageObject","inLanguage":"en-GB","@id":"https:\/\/risawave.org\/agb\/#local-main-organization-logo","url":"https:\/\/risawave.org\/wp-content\/uploads\/2026\/01\/Globales-logo-scaled-1.png","contentUrl":"https:\/\/risawave.org\/wp-content\/uploads\/2026\/01\/Globales-logo-scaled-1.png","width":2560,"height":2560,"caption":"risawave.org"}]},"geo.placename":"\u8202\u574e\u89d2","geo.region":"Hong Kong"},"_links":{"self":[{"href":"https:\/\/risawave.org\/en\/wp-json\/wp\/v2\/pages\/824","targetHints":{"allow":["GET"]}}],"collection":[{"href":"https:\/\/risawave.org\/en\/wp-json\/wp\/v2\/pages"}],"about":[{"href":"https:\/\/risawave.org\/en\/wp-json\/wp\/v2\/types\/page"}],"author":[{"embeddable":true,"href":"https:\/\/risawave.org\/en\/wp-json\/wp\/v2\/users\/2"}],"replies":[{"embeddable":true,"href":"https:\/\/risawave.org\/en\/wp-json\/wp\/v2\/comments?post=824"}],"version-history":[{"count":3,"href":"https:\/\/risawave.org\/en\/wp-json\/wp\/v2\/pages\/824\/revisions"}],"predecessor-version":[{"id":355039,"href":"https:\/\/risawave.org\/en\/wp-json\/wp\/v2\/pages\/824\/revisions\/355039"}],"wp:attachment":[{"href":"https:\/\/risawave.org\/en\/wp-json\/wp\/v2\/media?parent=824"}],"curies":[{"name":"wp","href":"https:\/\/api.w.org\/{rel}","templated":true}]}}