{"id":822,"date":"2024-09-20T15:15:54","date_gmt":"2024-09-20T13:15:54","guid":{"rendered":"https:\/\/vivaroi.org\/impressum\/"},"modified":"2026-03-13T20:27:12","modified_gmt":"2026-03-13T19:27:12","slug":"imprint","status":"publish","type":"page","link":"https:\/\/risawave.org\/en\/impressum\/","title":{"rendered":"Legal information: Imprint"},"content":{"rendered":"<h2 class=\"wp-block-heading adsimple-322542178\">Imprint<\/h2>\n\n\n\n<p class=\"adsimple-322542178\">Information about the service provider: risawave is a 100% subsidiary of<\/p>\n\n\n\n<figure class=\"wp-block-image size-full\"><img loading=\"lazy\" decoding=\"async\" width=\"300\" height=\"100\" src=\"https:\/\/risawave.org\/wp-content\/uploads\/2026\/03\/legal.png\" alt=\"\" class=\"wp-image-352298\"\/><\/figure>\n\n\n\n<p>Registered in Hong Kong<\/p>\n\n\n\n<p><strong>You will find various providers on this platform:<\/strong><\/p>\n\n\n\n<ul class=\"wp-block-list\">\n<li>Sanjay Sauldie: research and development in the fields of law, economics and social sciences, linguistics, cultural studies and the arts as well as digitalisation and artificial intelligence<br><strong>Job title:<\/strong> Management Consultancy<br><strong>Awarding state:<\/strong> Malta<\/li>\n\n\n\n<li>Rita Anna Sauldie-K\u00fcffner: miReiki and aromatherapy specialist with extensive expertise in these areas. She combines traditional healing methods with modern approaches to offer holistic health solutions<br><strong>VAT number:<\/strong> Rita Anna Sauldie-K\u00fcffner: DE 61372895805<br><strong>Job title:<\/strong> Management Consultancy<br><strong>Awarding state:<\/strong> Germany<\/li>\n<\/ul>\n\n\n\n<p><strong>Responsible for content according to \u00a718 Abs. 2 MStV:<\/strong><\/p>\n\n\n\n<figure class=\"wp-block-image size-full\"><img loading=\"lazy\" decoding=\"async\" width=\"300\" height=\"100\" src=\"https:\/\/risawave.org\/wp-content\/uploads\/2026\/03\/legal.png\" alt=\"\" class=\"wp-image-352298\"\/><\/figure>\n\n\n\n<p><strong>Note for users from the European Union<\/strong><\/p>\n\n\n\n<p>The digital services and AI-based systems offered are also aimed at users within the European Union.<br>Insofar as personal data is processed, this is done in compliance with the <strong>EU General Data Protection Regulation (GDPR)<\/strong>. Further information can be found in the privacy policy of this website.<\/p>","protected":false},"excerpt":{"rendered":"<p>Impressum Informationen \u00fcber den Diensteanbieter: risawave ist eine 100% Tochter von Registered in Hong Kong Auf dieser Plattform finden Sie verschiedene Anbieter: Verantwortlich f\u00fcr Inhalte gem\u00e4\u00df \u00a718 Abs. 2 MStV: Hinweis f\u00fcr Nutzer aus der Europ\u00e4ischen Union Die angebotenen digitalen Dienstleistungen und KI-basierten Systeme richten sich auch an Nutzer innerhalb der Europ\u00e4ischen Union.Soweit personenbezogene Daten &#8230; <a title=\"Legal information: Imprint\" class=\"read-more\" href=\"https:\/\/risawave.org\/en\/impressum\/\" aria-label=\"Read more about Rechtliche Information: Impressum\">Read more<\/a><\/p>","protected":false},"author":2,"featured_media":0,"parent":0,"menu_order":0,"comment_status":"closed","ping_status":"closed","template":"","meta":{"footnotes":""},"class_list":{"0":"post-822","1":"page","2":"type-page","3":"status-publish","5":"page_cat-rechtliche-seiten"},"yoast_head":"<!-- This site is optimized with the Yoast SEO Premium plugin v27.5 (Yoast SEO v27.5) - https:\/\/yoast.com\/product\/yoast-seo-premium-wordpress\/ -->\n<title>Rechtliche Information: Impressum - risawave.org<\/title>\n<meta name=\"robots\" content=\"index, follow, max-snippet:-1, max-image-preview:large, max-video-preview:-1\" \/>\n<link rel=\"canonical\" href=\"https:\/\/risawave.org\/en\/imprint\/\" \/>\n<meta property=\"og:locale\" content=\"en_GB\" \/>\n<meta property=\"og:type\" content=\"article\" \/>\n<meta property=\"og:title\" content=\"Rechtliche Information: Impressum\" \/>\n<meta property=\"og:description\" content=\"Impressum Informationen \u00fcber den Diensteanbieter: risawave ist eine 100% Tochter von Registered in Hong Kong Auf dieser Plattform finden Sie verschiedene Anbieter: Verantwortlich f\u00fcr Inhalte gem\u00e4\u00df \u00a718 Abs. 2 MStV: Hinweis f\u00fcr Nutzer aus der Europ\u00e4ischen Union Die angebotenen digitalen Dienstleistungen und KI-basierten Systeme richten sich auch an Nutzer innerhalb der Europ\u00e4ischen Union.Soweit personenbezogene Daten ... Read more\" \/>\n<meta property=\"og:url\" content=\"https:\/\/risawave.org\/en\/imprint\/\" \/>\n<meta property=\"og:site_name\" content=\"risawave.org\" \/>\n<meta property=\"article:modified_time\" content=\"2026-03-13T19:27:12+00:00\" \/>\n<meta property=\"og:image\" content=\"https:\/\/risawave.org\/wp-content\/uploads\/2026\/03\/legal.png\" \/>\n<meta name=\"twitter:card\" content=\"summary_large_image\" \/>\n<meta name=\"twitter:label1\" content=\"Estimated reading time\" \/>\n\t<meta name=\"twitter:data1\" content=\"2 minutes\" \/>\n<script type=\"application\/ld+json\" class=\"yoast-schema-graph\">{\"@context\":\"https:\\\/\\\/schema.org\",\"@graph\":[{\"@type\":\"WebPage\",\"@id\":\"https:\\\/\\\/risawave.org\\\/impressum\\\/\",\"url\":\"https:\\\/\\\/risawave.org\\\/impressum\\\/\",\"name\":\"Rechtliche Information: Impressum - risawave.org\",\"isPartOf\":{\"@id\":\"https:\\\/\\\/risawave.org\\\/#website\"},\"primaryImageOfPage\":{\"@id\":\"https:\\\/\\\/risawave.org\\\/impressum\\\/#primaryimage\"},\"image\":{\"@id\":\"https:\\\/\\\/risawave.org\\\/impressum\\\/#primaryimage\"},\"thumbnailUrl\":\"https:\\\/\\\/risawave.org\\\/wp-content\\\/uploads\\\/2026\\\/03\\\/legal.png\",\"datePublished\":\"2024-09-20T13:15:54+00:00\",\"dateModified\":\"2026-03-13T19:27:12+00:00\",\"breadcrumb\":{\"@id\":\"https:\\\/\\\/risawave.org\\\/impressum\\\/#breadcrumb\"},\"inLanguage\":\"en-GB\",\"potentialAction\":[{\"@type\":\"ReadAction\",\"target\":[\"https:\\\/\\\/risawave.org\\\/impressum\\\/\"]}]},{\"@type\":\"ImageObject\",\"inLanguage\":\"en-GB\",\"@id\":\"https:\\\/\\\/risawave.org\\\/impressum\\\/#primaryimage\",\"url\":\"https:\\\/\\\/risawave.org\\\/wp-content\\\/uploads\\\/2026\\\/03\\\/legal.png\",\"contentUrl\":\"https:\\\/\\\/risawave.org\\\/wp-content\\\/uploads\\\/2026\\\/03\\\/legal.png\"},{\"@type\":\"BreadcrumbList\",\"@id\":\"https:\\\/\\\/risawave.org\\\/impressum\\\/#breadcrumb\",\"itemListElement\":[{\"@type\":\"ListItem\",\"position\":1,\"name\":\"Start\",\"item\":\"https:\\\/\\\/risawave.org\\\/\"},{\"@type\":\"ListItem\",\"position\":2,\"name\":\"Rechtliche Information: Impressum\"}]},{\"@type\":\"WebSite\",\"@id\":\"https:\\\/\\\/risawave.org\\\/#website\",\"url\":\"https:\\\/\\\/risawave.org\\\/\",\"name\":\"risawave.org\",\"description\":\"\",\"publisher\":{\"@id\":\"https:\\\/\\\/risawave.org\\\/#organization\"},\"potentialAction\":[{\"@type\":\"SearchAction\",\"target\":{\"@type\":\"EntryPoint\",\"urlTemplate\":\"https:\\\/\\\/risawave.org\\\/?s={search_term_string}\"},\"query-input\":{\"@type\":\"PropertyValueSpecification\",\"valueRequired\":true,\"valueName\":\"search_term_string\"}}],\"inLanguage\":\"en-GB\"},{\"@type\":[\"Organization\",\"Place\"],\"@id\":\"https:\\\/\\\/risawave.org\\\/#organization\",\"name\":\"risawave.org\",\"url\":\"https:\\\/\\\/risawave.org\\\/\",\"logo\":{\"@id\":\"https:\\\/\\\/risawave.org\\\/impressum\\\/#local-main-organization-logo\"},\"image\":{\"@id\":\"https:\\\/\\\/risawave.org\\\/impressum\\\/#local-main-organization-logo\"},\"telephone\":[\"015140530884\"],\"openingHoursSpecification\":[],\"email\":\"office@newrella.hk\",\"faxNumber\":\"newrella Limited\"},{\"@type\":\"ImageObject\",\"inLanguage\":\"en-GB\",\"@id\":\"https:\\\/\\\/risawave.org\\\/impressum\\\/#local-main-organization-logo\",\"url\":\"https:\\\/\\\/risawave.org\\\/wp-content\\\/uploads\\\/2026\\\/01\\\/Globales-logo-scaled-1.png\",\"contentUrl\":\"https:\\\/\\\/risawave.org\\\/wp-content\\\/uploads\\\/2026\\\/01\\\/Globales-logo-scaled-1.png\",\"width\":2560,\"height\":2560,\"caption\":\"risawave.org\"}]}<\/script>\n<meta name=\"geo.placename\" content=\"\u8202\u574e\u89d2\" \/>\n<meta name=\"geo.region\" content=\"Hong Kong\" \/>\n<!-- \/ Yoast SEO Premium plugin. -->","yoast_head_json":{"title":"Legal information: Imprint - risawave.org","robots":{"index":"index","follow":"follow","max-snippet":"max-snippet:-1","max-image-preview":"max-image-preview:large","max-video-preview":"max-video-preview:-1"},"canonical":"https:\/\/risawave.org\/en\/imprint\/","og_locale":"en_GB","og_type":"article","og_title":"Rechtliche Information: Impressum","og_description":"Impressum Informationen \u00fcber den Diensteanbieter: risawave ist eine 100% Tochter von Registered in Hong Kong Auf dieser Plattform finden Sie verschiedene Anbieter: Verantwortlich f\u00fcr Inhalte gem\u00e4\u00df \u00a718 Abs. 2 MStV: Hinweis f\u00fcr Nutzer aus der Europ\u00e4ischen Union Die angebotenen digitalen Dienstleistungen und KI-basierten Systeme richten sich auch an Nutzer innerhalb der Europ\u00e4ischen Union.Soweit personenbezogene Daten ... Read more","og_url":"https:\/\/risawave.org\/en\/imprint\/","og_site_name":"risawave.org","article_modified_time":"2026-03-13T19:27:12+00:00","og_image":[{"url":"https:\/\/risawave.org\/wp-content\/uploads\/2026\/03\/legal.png","type":"","width":"","height":""}],"twitter_card":"summary_large_image","twitter_misc":{"Estimated reading time":"2 minutes"},"schema":{"@context":"https:\/\/schema.org","@graph":[{"@type":"WebPage","@id":"https:\/\/risawave.org\/impressum\/","url":"https:\/\/risawave.org\/impressum\/","name":"Legal information: Imprint - risawave.org","isPartOf":{"@id":"https:\/\/risawave.org\/#website"},"primaryImageOfPage":{"@id":"https:\/\/risawave.org\/impressum\/#primaryimage"},"image":{"@id":"https:\/\/risawave.org\/impressum\/#primaryimage"},"thumbnailUrl":"https:\/\/risawave.org\/wp-content\/uploads\/2026\/03\/legal.png","datePublished":"2024-09-20T13:15:54+00:00","dateModified":"2026-03-13T19:27:12+00:00","breadcrumb":{"@id":"https:\/\/risawave.org\/impressum\/#breadcrumb"},"inLanguage":"en-GB","potentialAction":[{"@type":"ReadAction","target":["https:\/\/risawave.org\/impressum\/"]}]},{"@type":"ImageObject","inLanguage":"en-GB","@id":"https:\/\/risawave.org\/impressum\/#primaryimage","url":"https:\/\/risawave.org\/wp-content\/uploads\/2026\/03\/legal.png","contentUrl":"https:\/\/risawave.org\/wp-content\/uploads\/2026\/03\/legal.png"},{"@type":"BreadcrumbList","@id":"https:\/\/risawave.org\/impressum\/#breadcrumb","itemListElement":[{"@type":"ListItem","position":1,"name":"Start","item":"https:\/\/risawave.org\/"},{"@type":"ListItem","position":2,"name":"Rechtliche Information: Impressum"}]},{"@type":"WebSite","@id":"https:\/\/risawave.org\/#website","url":"https:\/\/risawave.org\/","name":"risawave.org","description":"","publisher":{"@id":"https:\/\/risawave.org\/#organization"},"potentialAction":[{"@type":"SearchAction","target":{"@type":"EntryPoint","urlTemplate":"https:\/\/risawave.org\/?s={search_term_string}"},"query-input":{"@type":"PropertyValueSpecification","valueRequired":true,"valueName":"search_term_string"}}],"inLanguage":"en-GB"},{"@type":["Organization","Place"],"@id":"https:\/\/risawave.org\/#organization","name":"risawave.org","url":"https:\/\/risawave.org\/","logo":{"@id":"https:\/\/risawave.org\/impressum\/#local-main-organization-logo"},"image":{"@id":"https:\/\/risawave.org\/impressum\/#local-main-organization-logo"},"telephone":["015140530884"],"openingHoursSpecification":[],"email":"office@newrella.hk","faxNumber":"newrella Limited"},{"@type":"ImageObject","inLanguage":"en-GB","@id":"https:\/\/risawave.org\/impressum\/#local-main-organization-logo","url":"https:\/\/risawave.org\/wp-content\/uploads\/2026\/01\/Globales-logo-scaled-1.png","contentUrl":"https:\/\/risawave.org\/wp-content\/uploads\/2026\/01\/Globales-logo-scaled-1.png","width":2560,"height":2560,"caption":"risawave.org"}]},"geo.placename":"\u8202\u574e\u89d2","geo.region":"Hong Kong"},"_links":{"self":[{"href":"https:\/\/risawave.org\/en\/wp-json\/wp\/v2\/pages\/822","targetHints":{"allow":["GET"]}}],"collection":[{"href":"https:\/\/risawave.org\/en\/wp-json\/wp\/v2\/pages"}],"about":[{"href":"https:\/\/risawave.org\/en\/wp-json\/wp\/v2\/types\/page"}],"author":[{"embeddable":true,"href":"https:\/\/risawave.org\/en\/wp-json\/wp\/v2\/users\/2"}],"replies":[{"embeddable":true,"href":"https:\/\/risawave.org\/en\/wp-json\/wp\/v2\/comments?post=822"}],"version-history":[{"count":8,"href":"https:\/\/risawave.org\/en\/wp-json\/wp\/v2\/pages\/822\/revisions"}],"predecessor-version":[{"id":352321,"href":"https:\/\/risawave.org\/en\/wp-json\/wp\/v2\/pages\/822\/revisions\/352321"}],"wp:attachment":[{"href":"https:\/\/risawave.org\/en\/wp-json\/wp\/v2\/media?parent=822"}],"curies":[{"name":"wp","href":"https:\/\/api.w.org\/{rel}","templated":true}]}}