{"id":404,"date":"2024-09-19T03:21:25","date_gmt":"2024-09-19T01:21:25","guid":{"rendered":"https:\/\/vivaroi.org\/?page_id=404"},"modified":"2026-03-13T20:49:43","modified_gmt":"2026-03-13T19:49:43","slug":"data-protection-declaration","status":"publish","type":"page","link":"https:\/\/risawave.org\/en\/datenschutzerklaerung\/","title":{"rendered":"Legal information: Privacy policy"},"content":{"rendered":"<h2 class=\"wp-block-heading\">Privacy policy<\/h2>\n\n\n\n<h3 class=\"wp-block-heading\">1. responsible person<\/h3>\n\n\n\n<figure class=\"wp-block-image size-full\"><img loading=\"lazy\" decoding=\"async\" width=\"300\" height=\"100\" src=\"https:\/\/risawave.org\/wp-content\/uploads\/2026\/03\/legal.png\" alt=\"\" class=\"wp-image-352298\"\/><\/figure>\n\n\n\n<p>Since the data controller is based outside the European Union, but its services may also be accessible to users within the European Union, the data controller may, in accordance with <strong>Article 27 of the General Data Protection Regulation (GDPR)<\/strong> a representative within the European Union.<\/p>\n\n\n\n<p>This representative serves as a point of contact for supervisory authorities and data subjects in the European Union in relation to issues concerning the processing of personal data.<\/p>\n\n\n\n<p>Enquiries regarding data protection can currently be addressed to:<\/p>\n\n\n\n<figure class=\"wp-block-image size-full\"><img loading=\"lazy\" decoding=\"async\" width=\"300\" height=\"100\" src=\"https:\/\/risawave.org\/wp-content\/uploads\/2026\/03\/legal.png\" alt=\"\" class=\"wp-image-352298\"\/><\/figure>\n\n\n\n<p>If required by law, a representative will be appointed within the European Union.<\/p>\n\n\n\n<p>We are committed to the security of personal data. We take appropriate security measures to limit the misuse of and unauthorised access to personal data. This ensures that only the necessary persons have access to your data, that access to the data is protected and that our security measures are regularly reviewed.<\/p>\n\n\n\n<p>The security measures we use include the following:<\/p>\n\n\n\n<ul class=\"wp-block-list\">\n<li>Detection of vulnerabilities<\/li>\n\n\n\n<li>HTTP Strict Transport Security and associated security headers<\/li>\n\n\n\n<li>TLS \/ SSL<\/li>\n\n\n\n<li>Recommended functions for side reinforcement<\/li>\n<\/ul>\n\n\n\n<hr class=\"wp-block-separator has-alpha-channel-opacity\"\/>\n\n\n\n<h3 class=\"wp-block-heading\">2. general information on data processing<\/h3>\n\n\n\n<p>We take the protection of personal data very seriously.<br>Personal data is processed exclusively within the framework of the statutory provisions, in particular taking into account the <strong>EU General Data Protection Regulation (GDPR \/ DSGVO)<\/strong>.<\/p>\n\n\n\n<p>Personal data is any information that can be used to identify a person.<\/p>\n\n\n\n<hr class=\"wp-block-separator has-alpha-channel-opacity\"\/>\n\n\n\n<h3 class=\"wp-block-heading\">3. collection of data when visiting the website<\/h3>\n\n\n\n<p>When you visit this website, technical information is automatically collected, e.g:<\/p>\n\n\n\n<ul class=\"wp-block-list\">\n<li>IP address<\/li>\n\n\n\n<li>Date and time of access<\/li>\n\n\n\n<li>Browser type and operating system<\/li>\n\n\n\n<li>pages viewed<\/li>\n<\/ul>\n\n\n\n<p>This data is used exclusively for <strong>technical provision and security of the website<\/strong>.<\/p>\n\n\n\n<p>Legal basis: Art. 6 para. 1 lit. f GDPR (legitimate interest).<\/p>\n\n\n\n<hr class=\"wp-block-separator has-alpha-channel-opacity\"\/>\n\n\n\n<h3 class=\"wp-block-heading\">4. making contact<\/h3>\n\n\n\n<p>If you contact us by e-mail, the data you send us (e.g. name, e-mail address and content of the enquiry) will be stored in order to process your enquiry.<\/p>\n\n\n\n<p>Legal basis: Art. 6 para. 1 lit. b GDPR.<\/p>\n\n\n\n<hr class=\"wp-block-separator has-alpha-channel-opacity\"\/>\n\n\n\n<h3 class=\"wp-block-heading\">5. disclosure of data<\/h3>\n\n\n\n<p>Personal data will only be passed on:<\/p>\n\n\n\n<ul class=\"wp-block-list\">\n<li>if this is required by law<\/li>\n\n\n\n<li>is necessary for the fulfilment of the contract<\/li>\n\n\n\n<li>or you have expressly consented<\/li>\n<\/ul>\n\n\n\n<hr class=\"wp-block-separator has-alpha-channel-opacity\"\/>\n\n\n\n<h3 class=\"wp-block-heading\">6. international data transmission<\/h3>\n\n\n\n<p>As the company's registered office is located in <strong>Hong Kong<\/strong> data may be processed outside the European Union. Appropriate measures are taken to ensure an adequate level of data protection.<\/p>\n\n\n\n<hr class=\"wp-block-separator has-alpha-channel-opacity\"\/>\n\n\n\n<h3 class=\"wp-block-heading\">7 Rights of data subjects<\/h3>\n\n\n\n<p>In particular, you have the following rights under the GDPR:<\/p>\n\n\n\n<ul class=\"wp-block-list\">\n<li>Right to information<\/li>\n\n\n\n<li>Right to rectification<\/li>\n\n\n\n<li>Right to cancellation<\/li>\n\n\n\n<li>Right to restriction of processing<\/li>\n\n\n\n<li>Right to data portability<\/li>\n\n\n\n<li>Right to object<\/li>\n<\/ul>\n\n\n\n<p>Enquiries can be sent to the following address:<\/p>\n\n\n\n<img loading=\"lazy\" decoding=\"async\" width=\"300\" height=\"100\" class=\"gb-media-a7dd0aa4\" alt=\"\" title=\"legal\" src=\"https:\/\/risawave.org\/wp-content\/uploads\/2026\/03\/legal.png\"\/>\n\n\n\n<hr class=\"wp-block-separator has-alpha-channel-opacity\"\/>\n\n\n\n<h3 class=\"wp-block-heading\">8. changes to this privacy policy<\/h3>\n\n\n\n<p>We reserve the right to update this privacy policy in order to adapt it to changed legal requirements or new services.<\/p>\n\n\n\n<p><\/p>","protected":false},"excerpt":{"rendered":"<p>Datenschutzerkl\u00e4rung 1. Verantwortlicher Da die Verantwortliche ihren Sitz au\u00dferhalb der Europ\u00e4ischen Union hat, jedoch ihre Dienstleistungen auch Nutzern innerhalb der Europ\u00e4ischen Union zug\u00e4nglich sein k\u00f6nnen, kann gem\u00e4\u00df Artikel 27 der Datenschutz-Grundverordnung (DSGVO) ein Vertreter innerhalb der Europ\u00e4ischen Union benannt werden. Dieser Vertreter dient als Ansprechpartner f\u00fcr Aufsichtsbeh\u00f6rden und betroffene Personen in der Europ\u00e4ischen Union in &#8230; <a title=\"Legal information: Privacy policy\" class=\"read-more\" href=\"https:\/\/risawave.org\/en\/datenschutzerklaerung\/\" aria-label=\"Read more about Rechtliche Information: Datenschutzerkl\u00e4rung\">Read more<\/a><\/p>","protected":false},"author":2,"featured_media":0,"parent":0,"menu_order":0,"comment_status":"closed","ping_status":"closed","template":"","meta":{"footnotes":""},"class_list":{"0":"post-404","1":"page","2":"type-page","3":"status-publish","5":"page_cat-rechtliche-seiten"},"yoast_head":"<!-- This site is optimized with the Yoast SEO Premium plugin v27.2 (Yoast SEO v27.2) - https:\/\/yoast.com\/product\/yoast-seo-premium-wordpress\/ -->\n<title>Rechtliche Information: Datenschutzerkl\u00e4rung - risawave.org<\/title>\n<meta name=\"robots\" content=\"index, follow, max-snippet:-1, max-image-preview:large, max-video-preview:-1\" \/>\n<link rel=\"canonical\" href=\"https:\/\/risawave.org\/en\/data-protection-declaration\/\" \/>\n<meta property=\"og:locale\" content=\"en_GB\" \/>\n<meta property=\"og:type\" content=\"article\" \/>\n<meta property=\"og:title\" content=\"Rechtliche Information: Datenschutzerkl\u00e4rung\" \/>\n<meta property=\"og:description\" content=\"Datenschutzerkl\u00e4rung 1. Verantwortlicher Da die Verantwortliche ihren Sitz au\u00dferhalb der Europ\u00e4ischen Union hat, jedoch ihre Dienstleistungen auch Nutzern innerhalb der Europ\u00e4ischen Union zug\u00e4nglich sein k\u00f6nnen, kann gem\u00e4\u00df Artikel 27 der Datenschutz-Grundverordnung (DSGVO) ein Vertreter innerhalb der Europ\u00e4ischen Union benannt werden. Dieser Vertreter dient als Ansprechpartner f\u00fcr Aufsichtsbeh\u00f6rden und betroffene Personen in der Europ\u00e4ischen Union in ... Read more\" \/>\n<meta property=\"og:url\" content=\"https:\/\/risawave.org\/en\/data-protection-declaration\/\" \/>\n<meta property=\"og:site_name\" content=\"risawave.org\" \/>\n<meta property=\"article:modified_time\" content=\"2026-03-13T19:49:43+00:00\" \/>\n<meta property=\"og:image\" content=\"https:\/\/risawave.org\/wp-content\/uploads\/2026\/03\/legal.png\" \/>\n<meta name=\"twitter:card\" content=\"summary_large_image\" \/>\n<meta name=\"twitter:label1\" content=\"Estimated reading time\" \/>\n\t<meta name=\"twitter:data1\" content=\"3 minutes\" \/>\n<script type=\"application\/ld+json\" class=\"yoast-schema-graph\">{\"@context\":\"https:\/\/schema.org\",\"@graph\":[{\"@type\":\"WebPage\",\"@id\":\"https:\/\/risawave.org\/datenschutzerklaerung\/\",\"url\":\"https:\/\/risawave.org\/datenschutzerklaerung\/\",\"name\":\"Rechtliche Information: Datenschutzerkl\u00e4rung - risawave.org\",\"isPartOf\":{\"@id\":\"https:\/\/risawave.org\/#website\"},\"primaryImageOfPage\":{\"@id\":\"https:\/\/risawave.org\/datenschutzerklaerung\/#primaryimage\"},\"image\":{\"@id\":\"https:\/\/risawave.org\/datenschutzerklaerung\/#primaryimage\"},\"thumbnailUrl\":\"https:\/\/risawave.org\/wp-content\/uploads\/2026\/03\/legal.png\",\"datePublished\":\"2024-09-19T01:21:25+00:00\",\"dateModified\":\"2026-03-13T19:49:43+00:00\",\"breadcrumb\":{\"@id\":\"https:\/\/risawave.org\/datenschutzerklaerung\/#breadcrumb\"},\"inLanguage\":\"en-GB\",\"potentialAction\":[{\"@type\":\"ReadAction\",\"target\":[\"https:\/\/risawave.org\/datenschutzerklaerung\/\"]}]},{\"@type\":\"ImageObject\",\"inLanguage\":\"en-GB\",\"@id\":\"https:\/\/risawave.org\/datenschutzerklaerung\/#primaryimage\",\"url\":\"https:\/\/risawave.org\/wp-content\/uploads\/2026\/03\/legal.png\",\"contentUrl\":\"https:\/\/risawave.org\/wp-content\/uploads\/2026\/03\/legal.png\"},{\"@type\":\"BreadcrumbList\",\"@id\":\"https:\/\/risawave.org\/datenschutzerklaerung\/#breadcrumb\",\"itemListElement\":[{\"@type\":\"ListItem\",\"position\":1,\"name\":\"Start\",\"item\":\"https:\/\/risawave.org\/\"},{\"@type\":\"ListItem\",\"position\":2,\"name\":\"Rechtliche Information: Datenschutzerkl\u00e4rung\"}]},{\"@type\":\"WebSite\",\"@id\":\"https:\/\/risawave.org\/#website\",\"url\":\"https:\/\/risawave.org\/\",\"name\":\"risawave.org\",\"description\":\"\",\"publisher\":{\"@id\":\"https:\/\/risawave.org\/#organization\"},\"potentialAction\":[{\"@type\":\"SearchAction\",\"target\":{\"@type\":\"EntryPoint\",\"urlTemplate\":\"https:\/\/risawave.org\/?s={search_term_string}\"},\"query-input\":{\"@type\":\"PropertyValueSpecification\",\"valueRequired\":true,\"valueName\":\"search_term_string\"}}],\"inLanguage\":\"en-GB\"},{\"@type\":[\"Organization\",\"Place\"],\"@id\":\"https:\/\/risawave.org\/#organization\",\"name\":\"risawave.org\",\"url\":\"https:\/\/risawave.org\/\",\"logo\":{\"@id\":\"https:\/\/risawave.org\/datenschutzerklaerung\/#local-main-organization-logo\"},\"image\":{\"@id\":\"https:\/\/risawave.org\/datenschutzerklaerung\/#local-main-organization-logo\"},\"telephone\":[\"015140530884\"],\"openingHoursSpecification\":[],\"email\":\"office@newrella.hk\",\"faxNumber\":\"newrella Limited\"},{\"@type\":\"ImageObject\",\"inLanguage\":\"en-GB\",\"@id\":\"https:\/\/risawave.org\/datenschutzerklaerung\/#local-main-organization-logo\",\"url\":\"https:\/\/risawave.org\/wp-content\/uploads\/2026\/01\/Globales-logo-scaled-1.png\",\"contentUrl\":\"https:\/\/risawave.org\/wp-content\/uploads\/2026\/01\/Globales-logo-scaled-1.png\",\"width\":2560,\"height\":2560,\"caption\":\"risawave.org\"}]}<\/script>\n<meta name=\"geo.placename\" content=\"\u8202\u574e\u89d2\" \/>\n<meta name=\"geo.region\" content=\"Hong Kong\" \/>\n<!-- \/ Yoast SEO Premium plugin. -->","yoast_head_json":{"title":"Legal information: Privacy policy - risawave.org","robots":{"index":"index","follow":"follow","max-snippet":"max-snippet:-1","max-image-preview":"max-image-preview:large","max-video-preview":"max-video-preview:-1"},"canonical":"https:\/\/risawave.org\/en\/data-protection-declaration\/","og_locale":"en_GB","og_type":"article","og_title":"Rechtliche Information: Datenschutzerkl\u00e4rung","og_description":"Datenschutzerkl\u00e4rung 1. Verantwortlicher Da die Verantwortliche ihren Sitz au\u00dferhalb der Europ\u00e4ischen Union hat, jedoch ihre Dienstleistungen auch Nutzern innerhalb der Europ\u00e4ischen Union zug\u00e4nglich sein k\u00f6nnen, kann gem\u00e4\u00df Artikel 27 der Datenschutz-Grundverordnung (DSGVO) ein Vertreter innerhalb der Europ\u00e4ischen Union benannt werden. Dieser Vertreter dient als Ansprechpartner f\u00fcr Aufsichtsbeh\u00f6rden und betroffene Personen in der Europ\u00e4ischen Union in ... Read more","og_url":"https:\/\/risawave.org\/en\/data-protection-declaration\/","og_site_name":"risawave.org","article_modified_time":"2026-03-13T19:49:43+00:00","og_image":[{"url":"https:\/\/risawave.org\/wp-content\/uploads\/2026\/03\/legal.png","type":"","width":"","height":""}],"twitter_card":"summary_large_image","twitter_misc":{"Estimated reading time":"3 minutes"},"schema":{"@context":"https:\/\/schema.org","@graph":[{"@type":"WebPage","@id":"https:\/\/risawave.org\/datenschutzerklaerung\/","url":"https:\/\/risawave.org\/datenschutzerklaerung\/","name":"Legal information: Privacy policy - risawave.org","isPartOf":{"@id":"https:\/\/risawave.org\/#website"},"primaryImageOfPage":{"@id":"https:\/\/risawave.org\/datenschutzerklaerung\/#primaryimage"},"image":{"@id":"https:\/\/risawave.org\/datenschutzerklaerung\/#primaryimage"},"thumbnailUrl":"https:\/\/risawave.org\/wp-content\/uploads\/2026\/03\/legal.png","datePublished":"2024-09-19T01:21:25+00:00","dateModified":"2026-03-13T19:49:43+00:00","breadcrumb":{"@id":"https:\/\/risawave.org\/datenschutzerklaerung\/#breadcrumb"},"inLanguage":"en-GB","potentialAction":[{"@type":"ReadAction","target":["https:\/\/risawave.org\/datenschutzerklaerung\/"]}]},{"@type":"ImageObject","inLanguage":"en-GB","@id":"https:\/\/risawave.org\/datenschutzerklaerung\/#primaryimage","url":"https:\/\/risawave.org\/wp-content\/uploads\/2026\/03\/legal.png","contentUrl":"https:\/\/risawave.org\/wp-content\/uploads\/2026\/03\/legal.png"},{"@type":"BreadcrumbList","@id":"https:\/\/risawave.org\/datenschutzerklaerung\/#breadcrumb","itemListElement":[{"@type":"ListItem","position":1,"name":"Start","item":"https:\/\/risawave.org\/"},{"@type":"ListItem","position":2,"name":"Rechtliche Information: Datenschutzerkl\u00e4rung"}]},{"@type":"WebSite","@id":"https:\/\/risawave.org\/#website","url":"https:\/\/risawave.org\/","name":"risawave.org","description":"","publisher":{"@id":"https:\/\/risawave.org\/#organization"},"potentialAction":[{"@type":"SearchAction","target":{"@type":"EntryPoint","urlTemplate":"https:\/\/risawave.org\/?s={search_term_string}"},"query-input":{"@type":"PropertyValueSpecification","valueRequired":true,"valueName":"search_term_string"}}],"inLanguage":"en-GB"},{"@type":["Organization","Place"],"@id":"https:\/\/risawave.org\/#organization","name":"risawave.org","url":"https:\/\/risawave.org\/","logo":{"@id":"https:\/\/risawave.org\/datenschutzerklaerung\/#local-main-organization-logo"},"image":{"@id":"https:\/\/risawave.org\/datenschutzerklaerung\/#local-main-organization-logo"},"telephone":["015140530884"],"openingHoursSpecification":[],"email":"office@newrella.hk","faxNumber":"newrella Limited"},{"@type":"ImageObject","inLanguage":"en-GB","@id":"https:\/\/risawave.org\/datenschutzerklaerung\/#local-main-organization-logo","url":"https:\/\/risawave.org\/wp-content\/uploads\/2026\/01\/Globales-logo-scaled-1.png","contentUrl":"https:\/\/risawave.org\/wp-content\/uploads\/2026\/01\/Globales-logo-scaled-1.png","width":2560,"height":2560,"caption":"risawave.org"}]},"geo.placename":"\u8202\u574e\u89d2","geo.region":"Hong Kong"},"_links":{"self":[{"href":"https:\/\/risawave.org\/en\/wp-json\/wp\/v2\/pages\/404","targetHints":{"allow":["GET"]}}],"collection":[{"href":"https:\/\/risawave.org\/en\/wp-json\/wp\/v2\/pages"}],"about":[{"href":"https:\/\/risawave.org\/en\/wp-json\/wp\/v2\/types\/page"}],"author":[{"embeddable":true,"href":"https:\/\/risawave.org\/en\/wp-json\/wp\/v2\/users\/2"}],"replies":[{"embeddable":true,"href":"https:\/\/risawave.org\/en\/wp-json\/wp\/v2\/comments?post=404"}],"version-history":[{"count":10,"href":"https:\/\/risawave.org\/en\/wp-json\/wp\/v2\/pages\/404\/revisions"}],"predecessor-version":[{"id":352339,"href":"https:\/\/risawave.org\/en\/wp-json\/wp\/v2\/pages\/404\/revisions\/352339"}],"wp:attachment":[{"href":"https:\/\/risawave.org\/en\/wp-json\/wp\/v2\/media?parent=404"}],"curies":[{"name":"wp","href":"https:\/\/api.w.org\/{rel}","templated":true}]}}