{"id":333528,"date":"2025-06-14T11:45:21","date_gmt":"2025-06-14T09:45:21","guid":{"rendered":"https:\/\/sauldie.org\/?page_id=333528"},"modified":"2026-03-15T22:30:09","modified_gmt":"2026-03-15T21:30:09","slug":"2026-vedaviva-mireiki-ball-for-students","status":"publish","type":"page","link":"https:\/\/risawave.org\/en\/2026-vedaviva-mireiki-kugel-fuer-studierende\/","title":{"rendered":"#VEDAVIVA: miReiki ball for students"},"content":{"rendered":"<h2 class=\"wp-block-heading\" id=\"h-fur-studierende-und-schuler-prufungsbegleitung-fur-bessere-noten\">For students and pupils: Exam guidance for better grades<\/h2>\n\n\n\n<hr class=\"wp-block-separator has-text-color has-alpha-channel-opacity has-background is-style-wide\" style=\"background-color:#b29a36;color:#b29a36\"\/>\n\n\n\n<div class=\"wp-block-columns is-layout-flex wp-container-core-columns-is-layout-9d6595d7 wp-block-columns-is-layout-flex\">\n<div class=\"wp-block-column is-layout-flow wp-block-column-is-layout-flow\">\n<figure class=\"wp-block-image size-full\"><img loading=\"lazy\" decoding=\"async\" width=\"1080\" height=\"1080\" src=\"https:\/\/risawave.org\/wp-content\/uploads\/2025\/06\/miReiki-Kugel-Studenten1.png\" alt=\"\" class=\"wp-image-339778\" srcset=\"https:\/\/risawave.org\/wp-content\/uploads\/2025\/06\/miReiki-Kugel-Studenten1.png 1080w, https:\/\/risawave.org\/wp-content\/uploads\/2025\/06\/miReiki-Kugel-Studenten1-300x300.png 300w, https:\/\/risawave.org\/wp-content\/uploads\/2025\/06\/miReiki-Kugel-Studenten1-1024x1024.png 1024w, https:\/\/risawave.org\/wp-content\/uploads\/2025\/06\/miReiki-Kugel-Studenten1-150x150.png 150w, https:\/\/risawave.org\/wp-content\/uploads\/2025\/06\/miReiki-Kugel-Studenten1-768x768.png 768w, https:\/\/risawave.org\/wp-content\/uploads\/2025\/06\/miReiki-Kugel-Studenten1-12x12.png 12w\" sizes=\"auto, (max-width: 1080px) 100vw, 1080px\" \/><\/figure>\n\n\n\n<div style=\"height:0px\" aria-hidden=\"true\" class=\"wp-block-spacer\"><\/div>\n<\/div>\n\n\n\n<div class=\"wp-block-column is-layout-flow wp-block-column-is-layout-flow\">\n<h2 class=\"wp-block-heading\" id=\"h-meine-motivation\">My motivation<\/h2>\n\n\n\n<p>I am Rita Anna, and I am the founder of miReiki. <\/p>\n\n\n\n<p>During my time at school and university, I regularly received support from a naturopath during my important exams. Not only did this support help me to feel safe and supported during the exam periods, but it also significantly improved my concentration and focus. Thanks to this experience, I was able to approach my exams with less stress and more confidence, and this has shown in better results.<\/p>\n\n\n\n<p>These positive experiences inspired me to create miReiki, because I want to offer pupils and students the same valuable support that helped me so much. With miReiki exam coaching, I pass on this proven method to help others pass their exams successfully and achieve their professional goals.<\/p>\n\n\n\n<p><strong>IDEAL Exam Method<\/strong><\/p>\n\n\n\n<ul class=\"wp-block-list\">\n<li><strong>I - Information<\/strong> (understand substance)<\/li>\n\n\n\n<li><strong>D - Deep Learning<\/strong> (in-depth learning)<\/li>\n\n\n\n<li><strong>E - Exam Strategy<\/strong> (Audit strategy)<\/li>\n\n\n\n<li><strong>A - Active Recall<\/strong> (active repetition)<\/li>\n\n\n\n<li><strong>L - Last Mile Preparation<\/strong> (final exam preparation)<\/li>\n<\/ul>\n\n\n\n<p><\/p>\n<\/div>\n<\/div>\n\n\n\n<hr class=\"wp-block-separator has-text-color has-alpha-channel-opacity has-background is-style-wide\" style=\"background-color:#b29a36;color:#b29a36\"\/>\n\n\n\n<div class=\"wp-block-columns has-base-3-background-color has-background is-layout-flex wp-container-core-columns-is-layout-9d6595d7 wp-block-columns-is-layout-flex\">\n<div class=\"wp-block-column is-layout-flow wp-block-column-is-layout-flow\">\n<p>With miReiki exam support, you can master your exams with maximum concentration and minimum stress. This support leads to better grades and boosts your self-confidence. Now is the best time to use miReiki and actively shape your future.<\/p>\n\n\n\n<p>Don't miss the chance to pass your exams and create a solid foundation for your professional career. <br>miReiki is a gentle and natural method that does not require medication or complex techniques and is easy to use and specifically designed to promote mental clarity and calm.<\/p>\n\n\n\n<p>miReiki exam coaching is a unique concept where you receive miReiki energy from a distance during your entire exam period. This special form of energy helps you to increase your concentration and focus, which can lead to better results.<br>All you have to do is relax and feel the positive effects.<\/p>\n<\/div>\n\n\n\n<div class=\"wp-block-column is-layout-flow wp-block-column-is-layout-flow\">\n<figure class=\"wp-block-image size-full\"><img loading=\"lazy\" decoding=\"async\" width=\"1080\" height=\"1080\" src=\"https:\/\/risawave.org\/wp-content\/uploads\/2025\/06\/miReiki-Kugel-Studenten2.png\" alt=\"\" class=\"wp-image-339779\" srcset=\"https:\/\/risawave.org\/wp-content\/uploads\/2025\/06\/miReiki-Kugel-Studenten2.png 1080w, https:\/\/risawave.org\/wp-content\/uploads\/2025\/06\/miReiki-Kugel-Studenten2-300x300.png 300w, https:\/\/risawave.org\/wp-content\/uploads\/2025\/06\/miReiki-Kugel-Studenten2-1024x1024.png 1024w, https:\/\/risawave.org\/wp-content\/uploads\/2025\/06\/miReiki-Kugel-Studenten2-150x150.png 150w, https:\/\/risawave.org\/wp-content\/uploads\/2025\/06\/miReiki-Kugel-Studenten2-768x768.png 768w, https:\/\/risawave.org\/wp-content\/uploads\/2025\/06\/miReiki-Kugel-Studenten2-12x12.png 12w\" sizes=\"auto, (max-width: 1080px) 100vw, 1080px\" \/><\/figure>\n<\/div>\n<\/div>\n\n\n\n<hr class=\"wp-block-separator has-text-color has-alpha-channel-opacity has-background is-style-wide\" style=\"background-color:#b29a36;color:#b29a36\"\/>\n\n\n\n<div class=\"wp-block-columns has-base-3-background-color has-background is-layout-flex wp-container-core-columns-is-layout-9d6595d7 wp-block-columns-is-layout-flex\">\n<div class=\"wp-block-column is-vertically-aligned-top is-layout-flow wp-block-column-is-layout-flow\">\n<figure class=\"wp-block-image size-large\"><img loading=\"lazy\" decoding=\"async\" width=\"1024\" height=\"1024\" src=\"https:\/\/risawave.org\/wp-content\/uploads\/2025\/06\/miReiki-Kugel-1-1024x1024.png\" alt=\"\" class=\"wp-image-339772\" srcset=\"https:\/\/risawave.org\/wp-content\/uploads\/2025\/06\/miReiki-Kugel-1-1024x1024.png 1024w, https:\/\/risawave.org\/wp-content\/uploads\/2025\/06\/miReiki-Kugel-1-300x300.png 300w, https:\/\/risawave.org\/wp-content\/uploads\/2025\/06\/miReiki-Kugel-1-150x150.png 150w, https:\/\/risawave.org\/wp-content\/uploads\/2025\/06\/miReiki-Kugel-1-768x768.png 768w, https:\/\/risawave.org\/wp-content\/uploads\/2025\/06\/miReiki-Kugel-1-12x12.png 12w, https:\/\/risawave.org\/wp-content\/uploads\/2025\/06\/miReiki-Kugel-1.png 1080w\" sizes=\"auto, (max-width: 1024px) 100vw, 1024px\" \/><\/figure>\n<\/div>\n\n\n\n<div class=\"wp-block-column is-layout-flow wp-block-column-is-layout-flow\">\n<h3 class=\"wp-block-heading\">The most important advantages of miReiki examination support are<\/h3>\n\n\n\n<p>It is a simple application that can be integrated into your everyday life without any time expenditure<\/p>\n\n\n\n<p><strong>Improved concentration: <\/strong>It can increase your focus and concentration during exams<\/p>\n\n\n\n<p><strong>Less stress<\/strong>It can reduce your exam anxiety and pressure and can help you stay calm and composed<\/p>\n\n\n\n<p><strong>Better results<\/strong>: Utilise your full mental capacity and achieve your best possible grades<\/p>\n\n\n\n<p>Most of our users report increased focus and reduced test anxiety after the first test, and the long-term results are evident as the test progresses.<\/p>\n<\/div>\n<\/div>\n\n\n\n<h2 class=\"gb-headline gb-headline-2a9ad19b gb-headline-text\">Your success is our mission: miReiki exam support<\/h2>\n\n\n\n<p>Exams are an important moment in the life of every pupil and every student. A good grade not only ensures success at school and academically, but is also one of the most important cornerstones for a successful career and a good income. Good grades open doors to the best universities and the most sought-after jobs.<\/p>\n\n\n\n<hr class=\"wp-block-separator has-text-color has-alpha-channel-opacity has-background is-style-wide\" style=\"background-color:#b29a36;color:#b29a36\"\/>\n\n\n\n<div class=\"wp-block-columns is-layout-flex wp-container-core-columns-is-layout-9d6595d7 wp-block-columns-is-layout-flex\">\n<div class=\"wp-block-column is-layout-flow wp-block-column-is-layout-flow\">\n<figure class=\"wp-block-image size-large\"><img loading=\"lazy\" decoding=\"async\" width=\"1024\" height=\"1024\" src=\"https:\/\/risawave.org\/wp-content\/uploads\/2025\/06\/miReiki-Kugel-Studenten3-1024x1024.png\" alt=\"\" class=\"wp-image-339780\" srcset=\"https:\/\/risawave.org\/wp-content\/uploads\/2025\/06\/miReiki-Kugel-Studenten3-1024x1024.png 1024w, https:\/\/risawave.org\/wp-content\/uploads\/2025\/06\/miReiki-Kugel-Studenten3-300x300.png 300w, https:\/\/risawave.org\/wp-content\/uploads\/2025\/06\/miReiki-Kugel-Studenten3-150x150.png 150w, https:\/\/risawave.org\/wp-content\/uploads\/2025\/06\/miReiki-Kugel-Studenten3-768x768.png 768w, https:\/\/risawave.org\/wp-content\/uploads\/2025\/06\/miReiki-Kugel-Studenten3-12x12.png 12w, https:\/\/risawave.org\/wp-content\/uploads\/2025\/06\/miReiki-Kugel-Studenten3.png 1080w\" sizes=\"auto, (max-width: 1024px) 100vw, 1024px\" \/><\/figure>\n<\/div>\n\n\n\n<div class=\"wp-block-column is-layout-flow wp-block-column-is-layout-flow\">\n<p>It is my heartfelt wish that you do not feel alone during your exam time, but know that miReiki is supporting you from afar. Through miReiki exam counselling, you will receive holistic support that will help you to be calmer, more focused and more self-confident. My aim is to provide you with the best possible conditions so that you can master your exams and create a solid foundation for your future.<\/p>\n\n\n\n<p><strong>I offer you:<\/strong><\/p>\n\n\n\n<ul class=\"wp-block-list\">\n<li>Personalised miReiki exam support: Tailored to your schedule and your needs.<\/li>\n\n\n\n<li>Packages of 5 and 10: I offer flexible options tailored to your exam schedule. From one remote treatment to an entire exam period.<\/li>\n<\/ul>\n\n\n\n<p>Let me help you to walk your path to success with inner peace and clarity. Sign up today for miReiki exam support and experience how powerful this support can be.<\/p>\n\n\n\n<p class=\"has-text-align-left\"><\/p>\n<\/div>\n<\/div>\n\n\n\n<h2 class=\"gb-headline gb-headline-31651871 gb-headline-text\"><strong>Contact me to find out more about miReiki exam coaching and whether it's right for you. In a free initial consultation, we will find out together whether and how we can work together. <\/strong><\/h2>\n\n\n\n<a class=\"gb-button gb-button-b5c9fb36 gb-button-text\" href=\"https:\/\/risawave.org\/en\/risawave-contact-to-rita-anna-sauldie-kueffner\/\">Contact us now without obligation<\/a>\n\n\n\n<hr class=\"wp-block-separator has-text-color has-alpha-channel-opacity has-background is-style-wide\" style=\"background-color:#b29a36;color:#b29a36\"\/>\n\n\n\n<h2 class=\"wp-block-heading has-text-align-center\" id=\"h-meine-bucher-bei-amazon\"><strong>My books on Amazon:<\/strong><\/h2>\n\n\n\n<div class=\"wp-block-columns is-layout-flex wp-container-core-columns-is-layout-9d6595d7 wp-block-columns-is-layout-flex\">\n<div class=\"wp-block-column is-layout-flow wp-block-column-is-layout-flow\">\n<figure class=\"wp-block-embed is-type-rich is-provider-amazon wp-block-embed-amazon\"><div class=\"wp-block-embed__wrapper\">\n<iframe loading=\"lazy\" title=\"miReiki the life concept : For a successful and healthy life (Healthy life concepts)\" type=\"text\/html\" width=\"1200\" height=\"550\" frameborder=\"0\" allowfullscreen style=\"max-width:100%\" src=\"https:\/\/lesen.amazon.de\/kp\/card?preview=inline&#038;linkCode=kpd&#038;ref_=k4w_oembed_mCcNTHMP0pcVGe&#038;asin=B0CP172J2R&#038;tag=kpembed-20\"><\/iframe>\n<\/div><\/figure>\n<\/div>\n\n\n\n<div class=\"wp-block-column is-layout-flow wp-block-column-is-layout-flow\">\n<figure class=\"wp-block-embed is-type-rich is-provider-amazon wp-block-embed-amazon\"><div class=\"wp-block-embed__wrapper\">\n<iframe loading=\"lazy\" title=\"Yoga and Business in the Digital Age: Master Success: Unleash Your Potential with Yoga and Business Strategies for the Digital Age (Healthy Living Concepts)\" type=\"text\/html\" width=\"1200\" height=\"550\" frameborder=\"0\" allowfullscreen style=\"max-width:100%\" src=\"https:\/\/lesen.amazon.de\/kp\/card?preview=inline&#038;linkCode=kpd&#038;ref_=k4w_oembed_EmYCIlORxKdaqM&#038;asin=B0CTHRF68F&#038;tag=kpembed-20\"><\/iframe>\n<\/div><\/figure>\n<\/div>\n\n\n\n<div class=\"wp-block-column is-layout-flow wp-block-column-is-layout-flow\">\n<figure class=\"wp-block-embed is-type-rich is-provider-amazon wp-block-embed-amazon\"><div class=\"wp-block-embed__wrapper\">\n<iframe loading=\"lazy\" title=\"Ayurveda and business in the digital age: How decision-makers keep fit for the future (Healthy Living Concepts)\" type=\"text\/html\" width=\"1200\" height=\"550\" frameborder=\"0\" allowfullscreen style=\"max-width:100%\" src=\"https:\/\/lesen.amazon.de\/kp\/card?preview=inline&#038;linkCode=kpd&#038;ref_=k4w_oembed_XMNub5pm48iRkR&#038;asin=B0CWDLB6SC&#038;tag=kpembed-20\"><\/iframe>\n<\/div><\/figure>\n<\/div>\n\n\n\n<div class=\"wp-block-column is-layout-flow wp-block-column-is-layout-flow\">\n<figure class=\"wp-block-embed is-type-rich is-provider-amazon wp-block-embed-amazon\"><div class=\"wp-block-embed__wrapper\">\n<iframe loading=\"lazy\" title=\"miReiki for parents &amp; children: mindfully accompanying children (Healthy living concepts)\" type=\"text\/html\" width=\"1200\" height=\"550\" frameborder=\"0\" allowfullscreen style=\"max-width:100%\" src=\"https:\/\/lesen.amazon.de\/kp\/card?preview=inline&#038;linkCode=kpd&#038;ref_=k4w_oembed_DqIp09ZKwwb3iQ&#038;asin=B0CDMVVDWQ&#038;tag=kpembed-20\"><\/iframe>\n<\/div><\/figure>\n<\/div>\n<\/div>","protected":false},"excerpt":{"rendered":"<p>For students and pupils: exam support for better grades My motivation I am Rita Anna, and I am the founder of miReiki. During my time at school and university, I regularly received support from a naturopath during my important exams. This support not only helped me to feel safe and supported during the exam phases, it also helped me to ... <a title=\"#VEDAVIVA: miReiki ball for students\" class=\"read-more\" href=\"https:\/\/risawave.org\/en\/2026-vedaviva-mireiki-kugel-fuer-studierende\/\" aria-label=\"Read more about #VEDAVIVA: miReiki ball for students\">Read more<\/a><\/p>","protected":false},"author":2,"featured_media":0,"parent":0,"menu_order":0,"comment_status":"closed","ping_status":"closed","template":"","meta":{"footnotes":""},"class_list":{"0":"post-333528","1":"page","2":"type-page","3":"status-publish","5":"page_cat-vedaviva-seiten"},"yoast_head":"<!-- This site is optimized with the Yoast SEO Premium plugin v27.5 (Yoast SEO v27.5) - https:\/\/yoast.com\/product\/yoast-seo-premium-wordpress\/ -->\n<title>#VEDAVIVA: miReiki-Kugel f\u00fcr Studierende - risawave.org<\/title>\n<meta name=\"robots\" content=\"index, follow, max-snippet:-1, max-image-preview:large, max-video-preview:-1\" \/>\n<link rel=\"canonical\" href=\"https:\/\/risawave.org\/en\/2026-vedaviva-mireiki-ball-for-students\/\" \/>\n<meta property=\"og:locale\" content=\"en_GB\" \/>\n<meta property=\"og:type\" content=\"article\" \/>\n<meta property=\"og:title\" content=\"#VEDAVIVA: miReiki-Kugel f\u00fcr Studierende\" \/>\n<meta property=\"og:description\" content=\"F\u00fcr Studierende und Sch\u00fcler: Pr\u00fcfungsbegleitung f\u00fcr bessere Noten Meine Motivation Ich bin Rita Anna, und ich bin die Gr\u00fcnderin von miReiki. Schon w\u00e4hrend meiner Schulzeit und im Studium habe ich, w\u00e4hrend meinen wichtigen Pr\u00fcfungen, regelm\u00e4\u00dfig Unterst\u00fctzung von einem Naturarzt erhalten. Diese Begleitung hat mir nicht nur geholfen, mich w\u00e4hrend den Pr\u00fcfungsphasen geborgen und unterst\u00fctzt zu ... Read more\" \/>\n<meta property=\"og:url\" content=\"https:\/\/risawave.org\/en\/2026-vedaviva-mireiki-ball-for-students\/\" \/>\n<meta property=\"og:site_name\" content=\"risawave.org\" \/>\n<meta property=\"article:modified_time\" content=\"2026-03-15T21:30:09+00:00\" \/>\n<meta property=\"og:image\" content=\"https:\/\/risawave.org\/wp-content\/uploads\/2025\/06\/miReiki-Kugel-Studenten1.png\" \/>\n\t<meta property=\"og:image:width\" content=\"1080\" \/>\n\t<meta property=\"og:image:height\" content=\"1080\" \/>\n\t<meta property=\"og:image:type\" content=\"image\/png\" \/>\n<meta name=\"twitter:card\" content=\"summary_large_image\" \/>\n<meta name=\"twitter:label1\" content=\"Estimated reading time\" \/>\n\t<meta name=\"twitter:data1\" content=\"5 minutes\" \/>\n<script type=\"application\/ld+json\" class=\"yoast-schema-graph\">{\"@context\":\"https:\\\/\\\/schema.org\",\"@graph\":[{\"@type\":\"WebPage\",\"@id\":\"https:\\\/\\\/risawave.org\\\/2026-vedaviva-mireiki-kugel-fuer-studierende\\\/\",\"url\":\"https:\\\/\\\/risawave.org\\\/2026-vedaviva-mireiki-kugel-fuer-studierende\\\/\",\"name\":\"#VEDAVIVA: miReiki-Kugel f\u00fcr Studierende - risawave.org\",\"isPartOf\":{\"@id\":\"https:\\\/\\\/risawave.org\\\/#website\"},\"primaryImageOfPage\":{\"@id\":\"https:\\\/\\\/risawave.org\\\/2026-vedaviva-mireiki-kugel-fuer-studierende\\\/#primaryimage\"},\"image\":{\"@id\":\"https:\\\/\\\/risawave.org\\\/2026-vedaviva-mireiki-kugel-fuer-studierende\\\/#primaryimage\"},\"thumbnailUrl\":\"https:\\\/\\\/risawave.org\\\/wp-content\\\/uploads\\\/2025\\\/06\\\/miReiki-Kugel-Studenten1.png\",\"datePublished\":\"2025-06-14T09:45:21+00:00\",\"dateModified\":\"2026-03-15T21:30:09+00:00\",\"breadcrumb\":{\"@id\":\"https:\\\/\\\/risawave.org\\\/2026-vedaviva-mireiki-kugel-fuer-studierende\\\/#breadcrumb\"},\"inLanguage\":\"en-GB\",\"potentialAction\":[{\"@type\":\"ReadAction\",\"target\":[\"https:\\\/\\\/risawave.org\\\/2026-vedaviva-mireiki-kugel-fuer-studierende\\\/\"]}]},{\"@type\":\"ImageObject\",\"inLanguage\":\"en-GB\",\"@id\":\"https:\\\/\\\/risawave.org\\\/2026-vedaviva-mireiki-kugel-fuer-studierende\\\/#primaryimage\",\"url\":\"https:\\\/\\\/risawave.org\\\/wp-content\\\/uploads\\\/2025\\\/06\\\/miReiki-Kugel-Studenten1.png\",\"contentUrl\":\"https:\\\/\\\/risawave.org\\\/wp-content\\\/uploads\\\/2025\\\/06\\\/miReiki-Kugel-Studenten1.png\"},{\"@type\":\"BreadcrumbList\",\"@id\":\"https:\\\/\\\/risawave.org\\\/2026-vedaviva-mireiki-kugel-fuer-studierende\\\/#breadcrumb\",\"itemListElement\":[{\"@type\":\"ListItem\",\"position\":1,\"name\":\"Start\",\"item\":\"https:\\\/\\\/risawave.org\\\/\"},{\"@type\":\"ListItem\",\"position\":2,\"name\":\"#VEDAVIVA: miReiki-Kugel f\u00fcr Studierende\"}]},{\"@type\":\"WebSite\",\"@id\":\"https:\\\/\\\/risawave.org\\\/#website\",\"url\":\"https:\\\/\\\/risawave.org\\\/\",\"name\":\"risawave.org\",\"description\":\"\",\"publisher\":{\"@id\":\"https:\\\/\\\/risawave.org\\\/#organization\"},\"potentialAction\":[{\"@type\":\"SearchAction\",\"target\":{\"@type\":\"EntryPoint\",\"urlTemplate\":\"https:\\\/\\\/risawave.org\\\/?s={search_term_string}\"},\"query-input\":{\"@type\":\"PropertyValueSpecification\",\"valueRequired\":true,\"valueName\":\"search_term_string\"}}],\"inLanguage\":\"en-GB\"},{\"@type\":[\"Organization\",\"Place\"],\"@id\":\"https:\\\/\\\/risawave.org\\\/#organization\",\"name\":\"risawave.org\",\"url\":\"https:\\\/\\\/risawave.org\\\/\",\"logo\":{\"@id\":\"https:\\\/\\\/risawave.org\\\/2026-vedaviva-mireiki-kugel-fuer-studierende\\\/#local-main-organization-logo\"},\"image\":{\"@id\":\"https:\\\/\\\/risawave.org\\\/2026-vedaviva-mireiki-kugel-fuer-studierende\\\/#local-main-organization-logo\"},\"telephone\":[\"015140530884\"],\"openingHoursSpecification\":[],\"email\":\"office@newrella.hk\",\"faxNumber\":\"newrella Limited\"},{\"@type\":\"ImageObject\",\"inLanguage\":\"en-GB\",\"@id\":\"https:\\\/\\\/risawave.org\\\/2026-vedaviva-mireiki-kugel-fuer-studierende\\\/#local-main-organization-logo\",\"url\":\"https:\\\/\\\/risawave.org\\\/wp-content\\\/uploads\\\/2026\\\/01\\\/Globales-logo-scaled-1.png\",\"contentUrl\":\"https:\\\/\\\/risawave.org\\\/wp-content\\\/uploads\\\/2026\\\/01\\\/Globales-logo-scaled-1.png\",\"width\":2560,\"height\":2560,\"caption\":\"risawave.org\"}]}<\/script>\n<meta name=\"geo.placename\" content=\"\u8202\u574e\u89d2\" \/>\n<meta name=\"geo.region\" content=\"Hong Kong\" \/>\n<!-- \/ Yoast SEO Premium plugin. -->","yoast_head_json":{"title":"#VEDAVIVA: miReiki ball for students - risawave.org","robots":{"index":"index","follow":"follow","max-snippet":"max-snippet:-1","max-image-preview":"max-image-preview:large","max-video-preview":"max-video-preview:-1"},"canonical":"https:\/\/risawave.org\/en\/2026-vedaviva-mireiki-ball-for-students\/","og_locale":"en_GB","og_type":"article","og_title":"#VEDAVIVA: miReiki-Kugel f\u00fcr Studierende","og_description":"F\u00fcr Studierende und Sch\u00fcler: Pr\u00fcfungsbegleitung f\u00fcr bessere Noten Meine Motivation Ich bin Rita Anna, und ich bin die Gr\u00fcnderin von miReiki. Schon w\u00e4hrend meiner Schulzeit und im Studium habe ich, w\u00e4hrend meinen wichtigen Pr\u00fcfungen, regelm\u00e4\u00dfig Unterst\u00fctzung von einem Naturarzt erhalten. Diese Begleitung hat mir nicht nur geholfen, mich w\u00e4hrend den Pr\u00fcfungsphasen geborgen und unterst\u00fctzt zu ... Read more","og_url":"https:\/\/risawave.org\/en\/2026-vedaviva-mireiki-ball-for-students\/","og_site_name":"risawave.org","article_modified_time":"2026-03-15T21:30:09+00:00","og_image":[{"width":1080,"height":1080,"url":"https:\/\/risawave.org\/wp-content\/uploads\/2025\/06\/miReiki-Kugel-Studenten1.png","type":"image\/png"}],"twitter_card":"summary_large_image","twitter_misc":{"Estimated reading time":"5 minutes"},"schema":{"@context":"https:\/\/schema.org","@graph":[{"@type":"WebPage","@id":"https:\/\/risawave.org\/2026-vedaviva-mireiki-kugel-fuer-studierende\/","url":"https:\/\/risawave.org\/2026-vedaviva-mireiki-kugel-fuer-studierende\/","name":"#VEDAVIVA: miReiki ball for students - risawave.org","isPartOf":{"@id":"https:\/\/risawave.org\/#website"},"primaryImageOfPage":{"@id":"https:\/\/risawave.org\/2026-vedaviva-mireiki-kugel-fuer-studierende\/#primaryimage"},"image":{"@id":"https:\/\/risawave.org\/2026-vedaviva-mireiki-kugel-fuer-studierende\/#primaryimage"},"thumbnailUrl":"https:\/\/risawave.org\/wp-content\/uploads\/2025\/06\/miReiki-Kugel-Studenten1.png","datePublished":"2025-06-14T09:45:21+00:00","dateModified":"2026-03-15T21:30:09+00:00","breadcrumb":{"@id":"https:\/\/risawave.org\/2026-vedaviva-mireiki-kugel-fuer-studierende\/#breadcrumb"},"inLanguage":"en-GB","potentialAction":[{"@type":"ReadAction","target":["https:\/\/risawave.org\/2026-vedaviva-mireiki-kugel-fuer-studierende\/"]}]},{"@type":"ImageObject","inLanguage":"en-GB","@id":"https:\/\/risawave.org\/2026-vedaviva-mireiki-kugel-fuer-studierende\/#primaryimage","url":"https:\/\/risawave.org\/wp-content\/uploads\/2025\/06\/miReiki-Kugel-Studenten1.png","contentUrl":"https:\/\/risawave.org\/wp-content\/uploads\/2025\/06\/miReiki-Kugel-Studenten1.png"},{"@type":"BreadcrumbList","@id":"https:\/\/risawave.org\/2026-vedaviva-mireiki-kugel-fuer-studierende\/#breadcrumb","itemListElement":[{"@type":"ListItem","position":1,"name":"Start","item":"https:\/\/risawave.org\/"},{"@type":"ListItem","position":2,"name":"#VEDAVIVA: miReiki-Kugel f\u00fcr Studierende"}]},{"@type":"WebSite","@id":"https:\/\/risawave.org\/#website","url":"https:\/\/risawave.org\/","name":"risawave.org","description":"","publisher":{"@id":"https:\/\/risawave.org\/#organization"},"potentialAction":[{"@type":"SearchAction","target":{"@type":"EntryPoint","urlTemplate":"https:\/\/risawave.org\/?s={search_term_string}"},"query-input":{"@type":"PropertyValueSpecification","valueRequired":true,"valueName":"search_term_string"}}],"inLanguage":"en-GB"},{"@type":["Organization","Place"],"@id":"https:\/\/risawave.org\/#organization","name":"risawave.org","url":"https:\/\/risawave.org\/","logo":{"@id":"https:\/\/risawave.org\/2026-vedaviva-mireiki-kugel-fuer-studierende\/#local-main-organization-logo"},"image":{"@id":"https:\/\/risawave.org\/2026-vedaviva-mireiki-kugel-fuer-studierende\/#local-main-organization-logo"},"telephone":["015140530884"],"openingHoursSpecification":[],"email":"office@newrella.hk","faxNumber":"newrella Limited"},{"@type":"ImageObject","inLanguage":"en-GB","@id":"https:\/\/risawave.org\/2026-vedaviva-mireiki-kugel-fuer-studierende\/#local-main-organization-logo","url":"https:\/\/risawave.org\/wp-content\/uploads\/2026\/01\/Globales-logo-scaled-1.png","contentUrl":"https:\/\/risawave.org\/wp-content\/uploads\/2026\/01\/Globales-logo-scaled-1.png","width":2560,"height":2560,"caption":"risawave.org"}]},"geo.placename":"\u8202\u574e\u89d2","geo.region":"Hong Kong"},"_links":{"self":[{"href":"https:\/\/risawave.org\/en\/wp-json\/wp\/v2\/pages\/333528","targetHints":{"allow":["GET"]}}],"collection":[{"href":"https:\/\/risawave.org\/en\/wp-json\/wp\/v2\/pages"}],"about":[{"href":"https:\/\/risawave.org\/en\/wp-json\/wp\/v2\/types\/page"}],"author":[{"embeddable":true,"href":"https:\/\/risawave.org\/en\/wp-json\/wp\/v2\/users\/2"}],"replies":[{"embeddable":true,"href":"https:\/\/risawave.org\/en\/wp-json\/wp\/v2\/comments?post=333528"}],"version-history":[{"count":2,"href":"https:\/\/risawave.org\/en\/wp-json\/wp\/v2\/pages\/333528\/revisions"}],"predecessor-version":[{"id":355228,"href":"https:\/\/risawave.org\/en\/wp-json\/wp\/v2\/pages\/333528\/revisions\/355228"}],"wp:attachment":[{"href":"https:\/\/risawave.org\/en\/wp-json\/wp\/v2\/media?parent=333528"}],"curies":[{"name":"wp","href":"https:\/\/api.w.org\/{rel}","templated":true}]}}