{"id":333516,"date":"2025-06-14T11:34:58","date_gmt":"2025-06-14T09:34:58","guid":{"rendered":"https:\/\/sauldie.org\/?page_id=333516"},"modified":"2026-03-15T22:31:18","modified_gmt":"2026-03-15T21:31:18","slug":"2026-vedaviva-aromatherapy","status":"publish","type":"page","link":"https:\/\/risawave.org\/en\/2026-vedaviva-aromatherapie\/","title":{"rendered":"#VEDAVIVA: miAromatherapy"},"content":{"rendered":"<h2 class=\"wp-block-heading\" id=\"h-miaroma-deine-nase-fuhrt-dich-zum-ziel-folge-den-geruchen-zum-erfolg\">miAroma: Your nose leads you to your destination, follow the odours to success!<\/h2>\n\n\n\n<hr class=\"wp-block-separator has-text-color has-alpha-channel-opacity has-background is-style-wide\" style=\"background-color:#b29a36;color:#b29a36\"\/>\n\n\n\n<div class=\"wp-block-columns is-layout-flex wp-container-core-columns-is-layout-9d6595d7 wp-block-columns-is-layout-flex\">\n<div class=\"wp-block-column is-layout-flow wp-block-column-is-layout-flow\">\n<figure class=\"wp-block-image size-full\"><img loading=\"lazy\" decoding=\"async\" width=\"1080\" height=\"1080\" src=\"https:\/\/risawave.org\/wp-content\/uploads\/2025\/06\/miAroma1.png\" alt=\"\" class=\"wp-image-339639\" srcset=\"https:\/\/risawave.org\/wp-content\/uploads\/2025\/06\/miAroma1.png 1080w, https:\/\/risawave.org\/wp-content\/uploads\/2025\/06\/miAroma1-300x300.png 300w, https:\/\/risawave.org\/wp-content\/uploads\/2025\/06\/miAroma1-1024x1024.png 1024w, https:\/\/risawave.org\/wp-content\/uploads\/2025\/06\/miAroma1-150x150.png 150w, https:\/\/risawave.org\/wp-content\/uploads\/2025\/06\/miAroma1-768x768.png 768w, https:\/\/risawave.org\/wp-content\/uploads\/2025\/06\/miAroma1-12x12.png 12w\" sizes=\"auto, (max-width: 1080px) 100vw, 1080px\" \/><\/figure>\n<\/div>\n\n\n\n<div class=\"wp-block-column is-layout-flow wp-block-column-is-layout-flow\">\n<h3 class=\"wp-block-heading\" id=\"h-gezielte-aromaberatung-fur-deinen-fokus-deine-starke-deine-erholung\">Targeted aroma counselling - for your focus, your strength, your recovery<\/h3>\n\n\n\n<p>\u201eMy nose has always been my guide.\u201c My name is Rita Anna Sauldie-K\u00fcffner and I have been helping people to support their body and mind with essential oils for many years - both in business and in everyday life.<\/p>\n\n\n\n<p>I won't give you blanket recommendations, but an individualised aroma consultation: tailored to your challenges, your goals and your energy level. Whether it's to regulate stress, boost your concentration or promote lasting regeneration - I'll show you which oils will really help you and how you can use them effectively. Clients appreciate my clear perception, my empathy and my ability to get to the point quickly - discreetly, confidently and with a focus on the essentials.<\/p>\n\n\n\n<p>If you feel it's time to do something good for your system - physically and mentally - then let's talk.<\/p>\n<\/div>\n<\/div>\n\n\n\n<hr class=\"wp-block-separator has-text-color has-alpha-channel-opacity has-background is-style-wide\" style=\"background-color:#b29a36;color:#b29a36\"\/>\n\n\n\n<div class=\"wp-block-columns has-base-3-background-color has-background is-layout-flex wp-container-core-columns-is-layout-9d6595d7 wp-block-columns-is-layout-flex\">\n<div class=\"wp-block-column is-layout-flow wp-block-column-is-layout-flow\">\n<h3 class=\"wp-block-heading has-text-align-center\" id=\"h-was-sind-atherische-ole-atherische-ole-naturkraft-fur-moderne-anforderungen\">What are essential oils? Essential oils - natural power for modern requirements<\/h3>\n\n\n\n<p>Essential oils are highly concentrated plant extracts obtained from various parts of plants such as flowers, leaves, bark, roots or seeds. They fulfil key functions in nature: They protect plants from external influences such as pests or environmental stress and support their pollination through their aromatic properties.<\/p>\n\n\n\n<p>They are usually obtained by careful cold pressing or steam distillation - processes that preserve the plant's valuable active ingredients in their purest form.<\/p>\n\n\n\n<p><a href=\"https:\/\/risawave.org\/wp-content\/uploads\/2025\/06\/1-1-1024x1024.png.webp\"><\/a>These volatile fragrances are not only vital for plants - they also have many uses for us humans.<br>Essential oils have been used worldwide for centuries in health promotion, body care and nutrition.<\/p>\n\n\n\n<p>A decisive mechanism of action is their influence on the <strong>limbic system<\/strong> - the part of the brain that is responsible for emotions, memories and the perception of stress.<\/p>\n\n\n\n<p>If a fragrance is absorbed through the nose, it reaches this emotional centre directly and can have a calming effect,<br>activating or equalising impulses - without any detours.<\/p>\n<\/div>\n\n\n\n<div class=\"wp-block-column is-layout-flow wp-block-column-is-layout-flow\">\n<figure class=\"wp-block-image size-full\"><img loading=\"lazy\" decoding=\"async\" width=\"1080\" height=\"1080\" src=\"https:\/\/risawave.org\/wp-content\/uploads\/2025\/06\/miAroma-3.png\" alt=\"\" class=\"wp-image-339664\" srcset=\"https:\/\/risawave.org\/wp-content\/uploads\/2025\/06\/miAroma-3.png 1080w, https:\/\/risawave.org\/wp-content\/uploads\/2025\/06\/miAroma-3-300x300.png 300w, https:\/\/risawave.org\/wp-content\/uploads\/2025\/06\/miAroma-3-1024x1024.png 1024w, https:\/\/risawave.org\/wp-content\/uploads\/2025\/06\/miAroma-3-150x150.png 150w, https:\/\/risawave.org\/wp-content\/uploads\/2025\/06\/miAroma-3-768x768.png 768w, https:\/\/risawave.org\/wp-content\/uploads\/2025\/06\/miAroma-3-12x12.png 12w\" sizes=\"auto, (max-width: 1080px) 100vw, 1080px\" \/><\/figure>\n<\/div>\n<\/div>\n\n\n\n<hr class=\"wp-block-separator has-text-color has-alpha-channel-opacity has-background is-style-wide\" style=\"background-color:#b29a36;color:#b29a36\"\/>\n\n\n\n<p><strong>Advantages in everyday working life:<\/strong><\/p>\n\n\n\n<ul class=\"wp-block-list\">\n<li><strong>Stress reduction and emotional balance<\/strong><br>Can promote inner calm - especially in demanding situations.<\/li>\n\n\n\n<li><strong>More energy and concentration<\/strong><br>Can support clear thoughts and mental performance.<\/li>\n\n\n\n<li><strong>Natural, safe, effective<\/strong><br>No harmful side effects - easy to use as a roll-on, in a diffuser or directly on the skin.<\/li>\n\n\n\n<li><strong>Versatile in use<\/strong><br>Long proven in nutrition, body care and health care.<\/li>\n\n\n\n<li><strong>Can be optimally integrated into everyday working life<\/strong><br>Discreet and efficient - even in the office or on the move<\/li>\n<\/ul>\n\n\n\n<hr class=\"wp-block-separator has-text-color has-alpha-channel-opacity has-background is-style-wide\" style=\"background-color:#b29a36;color:#b29a36\"\/>\n\n\n\n<h2 class=\"gb-headline gb-headline-7df7d3dd gb-headline-text\"><strong>Contact me to find out more about aromatherapy and whether it's right for you. In a free, no-obligation initial consultation, we will find out together whether and how we can work together. <\/strong><\/h2>\n\n\n\n<a class=\"gb-button gb-button-b5c9fb36 gb-button-text\" href=\"https:\/\/risawave.org\/en\/risawave-contact-to-rita-anna-sauldie-kueffner\/\">Contact us now without obligation<\/a>\n\n\n\n<hr class=\"wp-block-separator has-text-color has-alpha-channel-opacity has-background is-style-wide\" style=\"background-color:#b29a36;color:#b29a36\"\/>\n\n\n\n<p class=\"has-text-align-center\">With a consultation with Rita, you can be sure that you will receive the right oils for the desired effect and will also be informed about the correct application. <strong>Experience for yourself why aromatherapy is so appreciated by decision-makers:<\/strong><\/p>\n\n\n\n<div>\n<div class=\"wp-block-columns is-layout-flex wp-container-core-columns-is-layout-9d6595d7 wp-block-columns-is-layout-flex\">\n<div class=\"wp-block-column is-layout-flow wp-block-column-is-layout-flow\">\n<figure class=\"wp-block-embed aligncenter is-type-video is-provider-youtube wp-block-embed-youtube wp-embed-aspect-16-9 wp-has-aspect-ratio\"><div class=\"wp-block-embed__wrapper\">\n<iframe loading=\"lazy\" title=\"doTERRA Thinker (Translated Subtitles)\" width=\"1200\" height=\"675\" src=\"https:\/\/www.youtube.com\/embed\/XeOvpDXrdwg?feature=oembed\" frameborder=\"0\" allow=\"accelerometer; autoplay; clipboard-write; encrypted-media; gyroscope; picture-in-picture; web-share\" referrerpolicy=\"strict-origin-when-cross-origin\" allowfullscreen><\/iframe>\n<\/div><figcaption class=\"wp-element-caption\">doTERRA Thinker&nbsp;<\/figcaption><\/figure>\n<\/div>\n\n\n\n<div class=\"wp-block-column is-layout-flow wp-block-column-is-layout-flow\">\n<figure class=\"wp-block-embed is-type-video is-provider-youtube wp-block-embed-youtube wp-embed-aspect-16-9 wp-has-aspect-ratio\"><div class=\"wp-block-embed__wrapper\">\n<iframe loading=\"lazy\" title=\"doTERRA Lemon (Translated Subtitles)\" width=\"1200\" height=\"675\" src=\"https:\/\/www.youtube.com\/embed\/uUXJr28Votc?feature=oembed\" frameborder=\"0\" allow=\"accelerometer; autoplay; clipboard-write; encrypted-media; gyroscope; picture-in-picture; web-share\" referrerpolicy=\"strict-origin-when-cross-origin\" allowfullscreen><\/iframe>\n<\/div><figcaption class=\"wp-element-caption\">doTERRA Lemon<\/figcaption><\/figure>\n<\/div>\n\n\n\n<div class=\"wp-block-column is-layout-flow wp-block-column-is-layout-flow\">\n<figure class=\"wp-block-embed is-type-video is-provider-youtube wp-block-embed-youtube wp-embed-aspect-16-9 wp-has-aspect-ratio\"><div class=\"wp-block-embed__wrapper\">\n<iframe loading=\"lazy\" title=\"doTERRA MetaPWR | Power Within Reach\" width=\"1200\" height=\"675\" src=\"https:\/\/www.youtube.com\/embed\/nAWxdHYCsvw?feature=oembed\" frameborder=\"0\" allow=\"accelerometer; autoplay; clipboard-write; encrypted-media; gyroscope; picture-in-picture; web-share\" referrerpolicy=\"strict-origin-when-cross-origin\" allowfullscreen><\/iframe>\n<\/div><figcaption class=\"wp-element-caption\">doTERRA MetaPWR<\/figcaption><\/figure>\n<\/div>\n\n\n\n<div class=\"wp-block-column is-layout-flow wp-block-column-is-layout-flow\">\n<figure class=\"wp-block-embed is-type-video is-provider-youtube wp-block-embed-youtube wp-embed-aspect-4-3 wp-has-aspect-ratio\"><div class=\"wp-block-embed__wrapper\">\n<iframe loading=\"lazy\" title=\"Aroma care\" width=\"1200\" height=\"900\" src=\"https:\/\/www.youtube.com\/embed\/XHj57LkFD2M?feature=oembed\" frameborder=\"0\" allow=\"accelerometer; autoplay; clipboard-write; encrypted-media; gyroscope; picture-in-picture; web-share\" referrerpolicy=\"strict-origin-when-cross-origin\" allowfullscreen><\/iframe>\n<\/div><figcaption class=\"wp-element-caption\">Aroma care at the Raphael Clinic<\/figcaption><\/figure>\n<\/div>\n<\/div>\n<\/div>\n\n\n\n<hr class=\"wp-block-separator has-text-color has-alpha-channel-opacity has-background is-style-wide\" style=\"background-color:#b29a36;color:#b29a36\"\/>\n\n\n\n<p class=\"has-text-align-center\"><strong>The world of essential oils is fascinating<\/strong><\/p>\n\n\n\n<hr class=\"wp-block-separator has-text-color has-alpha-channel-opacity has-background is-style-wide\" style=\"background-color:#b29a36;color:#b29a36\"\/>\n\n\n\n<div class=\"wp-block-columns is-layout-flex wp-container-core-columns-is-layout-9d6595d7 wp-block-columns-is-layout-flex\">\n<div class=\"wp-block-column is-layout-flow wp-block-column-is-layout-flow\">\n<p>If you have ever savoured the scent of a rose, you have also experienced the aromatic properties of essential oils.<\/p>\n\n\n\n<p>These volatile, naturally occurring aromatic compounds are found in the seeds, bark, stems, roots, flowers and other parts of plants.<\/p>\n\n\n\n<p>Essential oils serve to protect plants from attacks from their environment and play an important role in pollination.<\/p>\n\n\n\n<p>In addition to their crucial benefits for plants and wonderful scents for people, essential oils have long been used in food preparation, beauty treatments and health practices.<\/p>\n\n\n\n<p><strong>The most important advantages of the products we recommend:<\/strong><\/p>\n\n\n\n<ul class=\"wp-block-list\">\n<li>More energy and productivity possible<\/li>\n\n\n\n<li>Less stress and better relaxation possible<\/li>\n\n\n\n<li>Natural and gentle method without side effects<\/li>\n\n\n\n<li>Easy to integrate into everyday life<\/li>\n\n\n\n<li>Better decisions in everyday professional and private life<\/li>\n<\/ul>\n<\/div>\n\n\n\n<div class=\"wp-block-column is-layout-flow wp-block-column-is-layout-flow\">\n<figure class=\"wp-block-image size-full\"><img loading=\"lazy\" decoding=\"async\" width=\"1080\" height=\"1080\" src=\"https:\/\/risawave.org\/wp-content\/uploads\/2025\/06\/miAroma-2.png\" alt=\"\" class=\"wp-image-339640\" srcset=\"https:\/\/risawave.org\/wp-content\/uploads\/2025\/06\/miAroma-2.png 1080w, https:\/\/risawave.org\/wp-content\/uploads\/2025\/06\/miAroma-2-300x300.png 300w, https:\/\/risawave.org\/wp-content\/uploads\/2025\/06\/miAroma-2-1024x1024.png 1024w, https:\/\/risawave.org\/wp-content\/uploads\/2025\/06\/miAroma-2-150x150.png 150w, https:\/\/risawave.org\/wp-content\/uploads\/2025\/06\/miAroma-2-768x768.png 768w, https:\/\/risawave.org\/wp-content\/uploads\/2025\/06\/miAroma-2-12x12.png 12w\" sizes=\"auto, (max-width: 1080px) 100vw, 1080px\" \/><\/figure>\n<\/div>\n<\/div>\n\n\n\n<h2 class=\"gb-headline gb-headline-50b4a678 gb-headline-text\"><strong>My shop for essential oils at d\u014dTERRA*:<\/strong><\/h2>\n\n\n<div class=\"gb-container gb-container-9767bca3\">\n<div class=\"wp-block-image\">\n<figure class=\"aligncenter size-full is-resized\"><a href=\"https:\/\/shop.doterra.com\/DE\/de_DE\/shop\/home?OwnerID=8805828\"><img loading=\"lazy\" decoding=\"async\" width=\"600\" height=\"300\" src=\"https:\/\/risawave.org\/wp-content\/uploads\/2025\/06\/wellness-advocate-female-white-600x900-1.jpg.webp\" alt=\"\" class=\"wp-image-333519\" style=\"width:600px;height:auto\" srcset=\"https:\/\/risawave.org\/wp-content\/uploads\/2025\/06\/wellness-advocate-female-white-600x900-1.jpg.webp 600w, https:\/\/risawave.org\/wp-content\/uploads\/2025\/06\/wellness-advocate-female-white-600x900-1.jpg-300x150.webp 300w, https:\/\/risawave.org\/wp-content\/uploads\/2025\/06\/wellness-advocate-female-white-600x900-1.jpg-18x9.webp 18w\" sizes=\"auto, (max-width: 600px) 100vw, 600px\" \/><\/a><\/figure>\n<\/div>\n<\/div>\n\n\n<a class=\"gb-button gb-button-b5c9fb36 gb-button-text\" href=\"https:\/\/shop.doterra.com\/DE\/de_DE\/shop\/home?OwnerID=8805828\" target=\"_blank\" rel=\"noopener noreferrer\">Visit our shop for essential oils now*<\/a>\n\n\n\n<p>*=This link is an affiliate link. If you buy something through it, I receive a commission - the price remains the same for you<\/p>","protected":false},"excerpt":{"rendered":"<p>miAroma: Your nose leads you to your goal, follow the odours to success! Targeted aroma counselling - for your focus, your strength, your recovery \u201eMy nose has always been my guide.\u201c My name is Rita Anna Sauldie-K\u00fcffner and I have been helping people to support their body and mind with essential oils for many years - in business as well as ... <a title=\"#VEDAVIVA: miAromatherapy\" class=\"read-more\" href=\"https:\/\/risawave.org\/en\/2026-vedaviva-aromatherapie\/\" aria-label=\"Read more about #VEDAVIVA: miAromatherapy\">Read more<\/a><\/p>","protected":false},"author":2,"featured_media":0,"parent":0,"menu_order":0,"comment_status":"closed","ping_status":"closed","template":"","meta":{"footnotes":""},"class_list":{"0":"post-333516","1":"page","2":"type-page","3":"status-publish","5":"page_cat-vedaviva-seiten"},"yoast_head":"<!-- This site is optimized with the Yoast SEO Premium plugin v27.5 (Yoast SEO v27.5) - https:\/\/yoast.com\/product\/yoast-seo-premium-wordpress\/ -->\n<title>#VEDAVIVA: miAromatherapie - risawave.org<\/title>\n<meta name=\"robots\" content=\"index, follow, max-snippet:-1, max-image-preview:large, max-video-preview:-1\" \/>\n<link rel=\"canonical\" href=\"https:\/\/risawave.org\/en\/2026-vedaviva-aromatherapy\/\" \/>\n<meta property=\"og:locale\" content=\"en_GB\" \/>\n<meta property=\"og:type\" content=\"article\" \/>\n<meta property=\"og:title\" content=\"#VEDAVIVA: miAromatherapie\" \/>\n<meta property=\"og:description\" content=\"miAroma: Deine Nase f\u00fchrt Dich zum Ziel, folge den Ger\u00fcchen zum Erfolg! Gezielte Aromaberatung \u2013 f\u00fcr Deinen Fokus, Deine St\u00e4rke, Deine Erholung \u201eMeine Nase war schon immer meine Orientierung.\u201c Ich bin Rita Anna Sauldie-K\u00fcffner und begleite seit vielen Jahren Menschen dabei, mit \u00e4therischen \u00d6len gezielt K\u00f6rper und Geist zu unterst\u00fctzen \u2013 im Business genauso wie ... Read more\" \/>\n<meta property=\"og:url\" content=\"https:\/\/risawave.org\/en\/2026-vedaviva-aromatherapy\/\" \/>\n<meta property=\"og:site_name\" content=\"risawave.org\" \/>\n<meta property=\"article:modified_time\" content=\"2026-03-15T21:31:18+00:00\" \/>\n<meta property=\"og:image\" content=\"https:\/\/risawave.org\/wp-content\/uploads\/2025\/06\/miAroma1-1024x1024.png\" \/>\n\t<meta property=\"og:image:width\" content=\"1024\" \/>\n\t<meta property=\"og:image:height\" content=\"1024\" \/>\n\t<meta property=\"og:image:type\" content=\"image\/png\" \/>\n<meta name=\"twitter:card\" content=\"summary_large_image\" \/>\n<meta name=\"twitter:label1\" content=\"Estimated reading time\" \/>\n\t<meta name=\"twitter:data1\" content=\"5 minutes\" \/>\n<script type=\"application\/ld+json\" class=\"yoast-schema-graph\">{\"@context\":\"https:\\\/\\\/schema.org\",\"@graph\":[{\"@type\":\"WebPage\",\"@id\":\"https:\\\/\\\/risawave.org\\\/2026-vedaviva-aromatherapie\\\/\",\"url\":\"https:\\\/\\\/risawave.org\\\/2026-vedaviva-aromatherapie\\\/\",\"name\":\"#VEDAVIVA: miAromatherapie - risawave.org\",\"isPartOf\":{\"@id\":\"https:\\\/\\\/risawave.org\\\/#website\"},\"primaryImageOfPage\":{\"@id\":\"https:\\\/\\\/risawave.org\\\/2026-vedaviva-aromatherapie\\\/#primaryimage\"},\"image\":{\"@id\":\"https:\\\/\\\/risawave.org\\\/2026-vedaviva-aromatherapie\\\/#primaryimage\"},\"thumbnailUrl\":\"https:\\\/\\\/risawave.org\\\/wp-content\\\/uploads\\\/2025\\\/06\\\/miAroma1.png\",\"datePublished\":\"2025-06-14T09:34:58+00:00\",\"dateModified\":\"2026-03-15T21:31:18+00:00\",\"breadcrumb\":{\"@id\":\"https:\\\/\\\/risawave.org\\\/2026-vedaviva-aromatherapie\\\/#breadcrumb\"},\"inLanguage\":\"en-GB\",\"potentialAction\":[{\"@type\":\"ReadAction\",\"target\":[\"https:\\\/\\\/risawave.org\\\/2026-vedaviva-aromatherapie\\\/\"]}]},{\"@type\":\"ImageObject\",\"inLanguage\":\"en-GB\",\"@id\":\"https:\\\/\\\/risawave.org\\\/2026-vedaviva-aromatherapie\\\/#primaryimage\",\"url\":\"https:\\\/\\\/risawave.org\\\/wp-content\\\/uploads\\\/2025\\\/06\\\/miAroma1.png\",\"contentUrl\":\"https:\\\/\\\/risawave.org\\\/wp-content\\\/uploads\\\/2025\\\/06\\\/miAroma1.png\"},{\"@type\":\"BreadcrumbList\",\"@id\":\"https:\\\/\\\/risawave.org\\\/2026-vedaviva-aromatherapie\\\/#breadcrumb\",\"itemListElement\":[{\"@type\":\"ListItem\",\"position\":1,\"name\":\"Start\",\"item\":\"https:\\\/\\\/risawave.org\\\/\"},{\"@type\":\"ListItem\",\"position\":2,\"name\":\"#VEDAVIVA: miAromatherapie\"}]},{\"@type\":\"WebSite\",\"@id\":\"https:\\\/\\\/risawave.org\\\/#website\",\"url\":\"https:\\\/\\\/risawave.org\\\/\",\"name\":\"risawave.org\",\"description\":\"\",\"publisher\":{\"@id\":\"https:\\\/\\\/risawave.org\\\/#organization\"},\"potentialAction\":[{\"@type\":\"SearchAction\",\"target\":{\"@type\":\"EntryPoint\",\"urlTemplate\":\"https:\\\/\\\/risawave.org\\\/?s={search_term_string}\"},\"query-input\":{\"@type\":\"PropertyValueSpecification\",\"valueRequired\":true,\"valueName\":\"search_term_string\"}}],\"inLanguage\":\"en-GB\"},{\"@type\":[\"Organization\",\"Place\"],\"@id\":\"https:\\\/\\\/risawave.org\\\/#organization\",\"name\":\"risawave.org\",\"url\":\"https:\\\/\\\/risawave.org\\\/\",\"logo\":{\"@id\":\"https:\\\/\\\/risawave.org\\\/2026-vedaviva-aromatherapie\\\/#local-main-organization-logo\"},\"image\":{\"@id\":\"https:\\\/\\\/risawave.org\\\/2026-vedaviva-aromatherapie\\\/#local-main-organization-logo\"},\"telephone\":[\"015140530884\"],\"openingHoursSpecification\":[],\"email\":\"office@newrella.hk\",\"faxNumber\":\"newrella Limited\"},{\"@type\":\"ImageObject\",\"inLanguage\":\"en-GB\",\"@id\":\"https:\\\/\\\/risawave.org\\\/2026-vedaviva-aromatherapie\\\/#local-main-organization-logo\",\"url\":\"https:\\\/\\\/risawave.org\\\/wp-content\\\/uploads\\\/2026\\\/01\\\/Globales-logo-scaled-1.png\",\"contentUrl\":\"https:\\\/\\\/risawave.org\\\/wp-content\\\/uploads\\\/2026\\\/01\\\/Globales-logo-scaled-1.png\",\"width\":2560,\"height\":2560,\"caption\":\"risawave.org\"}]}<\/script>\n<meta name=\"geo.placename\" content=\"\u8202\u574e\u89d2\" \/>\n<meta name=\"geo.region\" content=\"Hong Kong\" \/>\n<!-- \/ Yoast SEO Premium plugin. -->","yoast_head_json":{"title":"#VEDAVIVA: miAromatherapy - risawave.org","robots":{"index":"index","follow":"follow","max-snippet":"max-snippet:-1","max-image-preview":"max-image-preview:large","max-video-preview":"max-video-preview:-1"},"canonical":"https:\/\/risawave.org\/en\/2026-vedaviva-aromatherapy\/","og_locale":"en_GB","og_type":"article","og_title":"#VEDAVIVA: miAromatherapie","og_description":"miAroma: Deine Nase f\u00fchrt Dich zum Ziel, folge den Ger\u00fcchen zum Erfolg! Gezielte Aromaberatung \u2013 f\u00fcr Deinen Fokus, Deine St\u00e4rke, Deine Erholung \u201eMeine Nase war schon immer meine Orientierung.\u201c Ich bin Rita Anna Sauldie-K\u00fcffner und begleite seit vielen Jahren Menschen dabei, mit \u00e4therischen \u00d6len gezielt K\u00f6rper und Geist zu unterst\u00fctzen \u2013 im Business genauso wie ... Read more","og_url":"https:\/\/risawave.org\/en\/2026-vedaviva-aromatherapy\/","og_site_name":"risawave.org","article_modified_time":"2026-03-15T21:31:18+00:00","og_image":[{"width":1024,"height":1024,"url":"https:\/\/risawave.org\/wp-content\/uploads\/2025\/06\/miAroma1-1024x1024.png","type":"image\/png"}],"twitter_card":"summary_large_image","twitter_misc":{"Estimated reading time":"5 minutes"},"schema":{"@context":"https:\/\/schema.org","@graph":[{"@type":"WebPage","@id":"https:\/\/risawave.org\/2026-vedaviva-aromatherapie\/","url":"https:\/\/risawave.org\/2026-vedaviva-aromatherapie\/","name":"#VEDAVIVA: miAromatherapy - risawave.org","isPartOf":{"@id":"https:\/\/risawave.org\/#website"},"primaryImageOfPage":{"@id":"https:\/\/risawave.org\/2026-vedaviva-aromatherapie\/#primaryimage"},"image":{"@id":"https:\/\/risawave.org\/2026-vedaviva-aromatherapie\/#primaryimage"},"thumbnailUrl":"https:\/\/risawave.org\/wp-content\/uploads\/2025\/06\/miAroma1.png","datePublished":"2025-06-14T09:34:58+00:00","dateModified":"2026-03-15T21:31:18+00:00","breadcrumb":{"@id":"https:\/\/risawave.org\/2026-vedaviva-aromatherapie\/#breadcrumb"},"inLanguage":"en-GB","potentialAction":[{"@type":"ReadAction","target":["https:\/\/risawave.org\/2026-vedaviva-aromatherapie\/"]}]},{"@type":"ImageObject","inLanguage":"en-GB","@id":"https:\/\/risawave.org\/2026-vedaviva-aromatherapie\/#primaryimage","url":"https:\/\/risawave.org\/wp-content\/uploads\/2025\/06\/miAroma1.png","contentUrl":"https:\/\/risawave.org\/wp-content\/uploads\/2025\/06\/miAroma1.png"},{"@type":"BreadcrumbList","@id":"https:\/\/risawave.org\/2026-vedaviva-aromatherapie\/#breadcrumb","itemListElement":[{"@type":"ListItem","position":1,"name":"Start","item":"https:\/\/risawave.org\/"},{"@type":"ListItem","position":2,"name":"#VEDAVIVA: miAromatherapie"}]},{"@type":"WebSite","@id":"https:\/\/risawave.org\/#website","url":"https:\/\/risawave.org\/","name":"risawave.org","description":"","publisher":{"@id":"https:\/\/risawave.org\/#organization"},"potentialAction":[{"@type":"SearchAction","target":{"@type":"EntryPoint","urlTemplate":"https:\/\/risawave.org\/?s={search_term_string}"},"query-input":{"@type":"PropertyValueSpecification","valueRequired":true,"valueName":"search_term_string"}}],"inLanguage":"en-GB"},{"@type":["Organization","Place"],"@id":"https:\/\/risawave.org\/#organization","name":"risawave.org","url":"https:\/\/risawave.org\/","logo":{"@id":"https:\/\/risawave.org\/2026-vedaviva-aromatherapie\/#local-main-organization-logo"},"image":{"@id":"https:\/\/risawave.org\/2026-vedaviva-aromatherapie\/#local-main-organization-logo"},"telephone":["015140530884"],"openingHoursSpecification":[],"email":"office@newrella.hk","faxNumber":"newrella Limited"},{"@type":"ImageObject","inLanguage":"en-GB","@id":"https:\/\/risawave.org\/2026-vedaviva-aromatherapie\/#local-main-organization-logo","url":"https:\/\/risawave.org\/wp-content\/uploads\/2026\/01\/Globales-logo-scaled-1.png","contentUrl":"https:\/\/risawave.org\/wp-content\/uploads\/2026\/01\/Globales-logo-scaled-1.png","width":2560,"height":2560,"caption":"risawave.org"}]},"geo.placename":"\u8202\u574e\u89d2","geo.region":"Hong Kong"},"_links":{"self":[{"href":"https:\/\/risawave.org\/en\/wp-json\/wp\/v2\/pages\/333516","targetHints":{"allow":["GET"]}}],"collection":[{"href":"https:\/\/risawave.org\/en\/wp-json\/wp\/v2\/pages"}],"about":[{"href":"https:\/\/risawave.org\/en\/wp-json\/wp\/v2\/types\/page"}],"author":[{"embeddable":true,"href":"https:\/\/risawave.org\/en\/wp-json\/wp\/v2\/users\/2"}],"replies":[{"embeddable":true,"href":"https:\/\/risawave.org\/en\/wp-json\/wp\/v2\/comments?post=333516"}],"version-history":[{"count":1,"href":"https:\/\/risawave.org\/en\/wp-json\/wp\/v2\/pages\/333516\/revisions"}],"predecessor-version":[{"id":355230,"href":"https:\/\/risawave.org\/en\/wp-json\/wp\/v2\/pages\/333516\/revisions\/355230"}],"wp:attachment":[{"href":"https:\/\/risawave.org\/en\/wp-json\/wp\/v2\/media?parent=333516"}],"curies":[{"name":"wp","href":"https:\/\/api.w.org\/{rel}","templated":true}]}}