{"id":332175,"date":"2025-06-07T18:16:58","date_gmt":"2025-06-07T16:16:58","guid":{"rendered":"https:\/\/sauldie.org\/?page_id=332175"},"modified":"2026-03-14T16:27:37","modified_gmt":"2026-03-14T15:27:37","slug":"contact-sanjay","status":"publish","type":"page","link":"https:\/\/risawave.org\/en\/kontakt-zu-sanjay\/","title":{"rendered":"risawave contact: Sanjay Sauldie"},"content":{"rendered":"<h2 class=\"wp-block-heading has-text-align-center\" id=\"h-nehmen-sie-unverbindlich-kontakt-zu-sanjay-sauldie-auf\"><strong>Get in touch with Sanjay Sauldie without obligation:<\/strong><\/h2>\n\n\n\n<div class=\"risa-form\">\n\n<form method=\"post\" action=\"https:\/\/post.risawave.org\/nl.php\">\n\n<input type=\"hidden\" name=\"MailingListId\" value=\"4\">\n<input type=\"hidden\" name=\"FormId\" value=\"1\">\n<input type=\"hidden\" name=\"FormEncoding\" value=\"utf-8\">\n<input type=\"hidden\" name=\"Action\" value=\"subscribe\">\n\n<div class=\"risa-grid\">\n\n\n<div class=\"risa-group\">\n<label for=\"u_EMail\">E-mail address <span class=\"required\">*<\/span><\/label>\n\n<input \ntype=\"email\"\nname=\"u_EMail\"\nid=\"u_EMail\"\nrequired\noninvalid=\"this.setCustomValidity('Bitte geben Sie Ihre E-Mail-Adresse ein.')\"\noninput=\"this.setCustomValidity('')\"\n>\n\n<\/div>\n\n\n<div class=\"risa-group\">\n<label for=\"u_Firm\">Company<\/label>\n<input type=\"text\" name=\"u_Firm\" id=\"u_Firm\">\n<\/div>\n\n\n<div class=\"risa-group\">\n<label for=\"u_Salutation\">Salutation<\/label>\n\n<select name=\"u_Salutation\" id=\"u_Salutation\">\n\n<option value=\"\">Please select<\/option>\n<option value=\"Herr\">Mr<\/option>\n<option value=\"Frau\">Mrs<\/option>\n<option value=\"Divers\">Miscellaneous<\/option>\n\n<\/select>\n\n<\/div>\n\n\n<div class=\"risa-group\">\n<label for=\"u_Profession\">Academic degree<\/label>\n<input type=\"text\" name=\"u_Profession\" id=\"u_Profession\">\n<\/div>\n\n\n<div class=\"risa-group\">\n<label for=\"u_FirstName\">First name <span class=\"required\">*<\/span><\/label>\n\n<input \ntype=\"text\"\nname=\"u_FirstName\"\nid=\"u_FirstName\"\nrequired\noninvalid=\"this.setCustomValidity('Bitte f\u00fcllen Sie dieses Feld aus.')\"\noninput=\"this.setCustomValidity('')\"\n>\n\n<\/div>\n\n\n<div class=\"risa-group\">\n<label for=\"u_LastName\">Surname <span class=\"required\">*<\/span><\/label>\n\n<input \ntype=\"text\"\nname=\"u_LastName\"\nid=\"u_LastName\"\nrequired\noninvalid=\"this.setCustomValidity('Bitte f\u00fcllen Sie dieses Feld aus.')\"\noninput=\"this.setCustomValidity('')\"\n>\n\n<\/div>\n\n\n<div class=\"risa-group risa-full\">\n\n<label for=\"u_Comments\">How can I provide you with the best possible support?<\/label>\n\n<textarea \nname=\"u_Comments\"\nid=\"u_Comments\"\nplaceholder=\"z. e.g. advice, presentation, cooperation or a specific question...\"\n><\/textarea>\n\n<\/div>\n\n\n<div class=\"risa-group risa-full risa-privacy\">\n\n<p>\n\nI consent to this website storing my submitted information so that my enquiry can be answered.  \nMy data will be shared with the relevant expert and I consent to being contacted by them.\n\nYou can revoke this consent at any time.\n\nFurther information can be found in the  \n<a href=\"https:\/\/risawave.org\/en\/data-protection-declaration\/\" target=\"_blank\">Privacy policy<\/a>.\n\n<\/p>\n\n\n<label>\n\n<input \ntype=\"checkbox\"\nname=\"PrivacyPolicyAccepted\"\nid=\"PrivacyPolicyAccepted\"\nvalue=\"1\"\nrequired\noninvalid=\"this.setCustomValidity('Bitte akzeptieren Sie die Datenschutzerkl\u00e4rung.')\"\noninput=\"this.setCustomValidity('')\"\n>\n\nI accept the privacy policy. <span class=\"required\">*<\/span>\n\n<\/label>\n\n<\/div>\n\n\n<div class=\"risa-group risa-full\">\n\n<button class=\"risa-button\" type=\"submit\">\n\nSending\n\n<\/button>\n\n<\/div>\n\n\n<div class=\"risa-group risa-full risa-note\">\n\n* Mandatory fields\n\n<\/div>\n\n\n<\/div>\n\n<\/form>\n\n<\/div>","protected":false},"excerpt":{"rendered":"<p>Feel free to contact Sanjay Sauldie: Email address * Company Salutation Please selectMrMrsDiverse Academic title First name * Last name * How can I best support you? I agree that this website stores my submitted information so that my request can be answered. My data will be shared with the respective expert and I agree to\u2026 <a title=\"risawave contact: Sanjay Sauldie\" class=\"read-more\" href=\"https:\/\/risawave.org\/en\/kontakt-zu-sanjay\/\" aria-label=\"Read more about risawavekontakt: Sanjay Sauldie\">Read more<\/a><\/p>","protected":false},"author":2,"featured_media":0,"parent":0,"menu_order":0,"comment_status":"closed","ping_status":"closed","template":"","meta":{"footnotes":""},"class_list":{"0":"post-332175","1":"page","2":"type-page","3":"status-publish","5":"page_cat-sanjay-seiten"},"yoast_head":"<!-- This site is optimized with the Yoast SEO Premium plugin v27.5 (Yoast SEO v27.5) - https:\/\/yoast.com\/product\/yoast-seo-premium-wordpress\/ -->\n<title>risawavekontakt: Sanjay Sauldie - risawave.org<\/title>\n<meta name=\"robots\" content=\"index, follow, max-snippet:-1, max-image-preview:large, max-video-preview:-1\" \/>\n<link rel=\"canonical\" href=\"https:\/\/risawave.org\/en\/contact-sanjay\/\" \/>\n<meta property=\"og:locale\" content=\"en_GB\" \/>\n<meta property=\"og:type\" content=\"article\" \/>\n<meta property=\"og:title\" content=\"risawavekontakt: Sanjay Sauldie\" \/>\n<meta property=\"og:description\" content=\"Nehmen Sie unverbindlich Kontakt zu Sanjay Sauldie auf: E-Mail-Adresse * Firma Anrede Bitte w\u00e4hlen SieHerrFrauDivers Akademischer Grad Vorname * Nachname * Wie kann ich Sie optimal unterst\u00fctzen? Ich willige ein, dass diese Website meine \u00fcbermittelten Informationen speichert, damit meine Anfrage beantwortet werden kann. Meine Daten werden mit dem jeweiligen Experten geteilt und ich willige ein, ... Read more\" \/>\n<meta property=\"og:url\" content=\"https:\/\/risawave.org\/en\/contact-sanjay\/\" \/>\n<meta property=\"og:site_name\" content=\"risawave.org\" \/>\n<meta property=\"article:modified_time\" content=\"2026-03-14T15:27:37+00:00\" \/>\n<meta property=\"og:image\" content=\"https:\/\/risawave.org\/wp-content\/uploads\/2026\/01\/Globales-logo-scaled-1.png\" \/>\n\t<meta property=\"og:image:width\" content=\"2560\" \/>\n\t<meta property=\"og:image:height\" content=\"2560\" \/>\n\t<meta property=\"og:image:type\" content=\"image\/png\" \/>\n<meta name=\"twitter:card\" content=\"summary_large_image\" \/>\n<meta name=\"twitter:label1\" content=\"Estimated reading time\" \/>\n\t<meta name=\"twitter:data1\" content=\"1 minute\" \/>\n<script type=\"application\/ld+json\" class=\"yoast-schema-graph\">{\"@context\":\"https:\\\/\\\/schema.org\",\"@graph\":[{\"@type\":\"WebPage\",\"@id\":\"https:\\\/\\\/risawave.org\\\/kontakt-zu-sanjay\\\/\",\"url\":\"https:\\\/\\\/risawave.org\\\/kontakt-zu-sanjay\\\/\",\"name\":\"risawavekontakt: Sanjay Sauldie - risawave.org\",\"isPartOf\":{\"@id\":\"https:\\\/\\\/risawave.org\\\/#website\"},\"datePublished\":\"2025-06-07T16:16:58+00:00\",\"dateModified\":\"2026-03-14T15:27:37+00:00\",\"breadcrumb\":{\"@id\":\"https:\\\/\\\/risawave.org\\\/kontakt-zu-sanjay\\\/#breadcrumb\"},\"inLanguage\":\"en-GB\",\"potentialAction\":[{\"@type\":\"ReadAction\",\"target\":[\"https:\\\/\\\/risawave.org\\\/kontakt-zu-sanjay\\\/\"]}]},{\"@type\":\"BreadcrumbList\",\"@id\":\"https:\\\/\\\/risawave.org\\\/kontakt-zu-sanjay\\\/#breadcrumb\",\"itemListElement\":[{\"@type\":\"ListItem\",\"position\":1,\"name\":\"Start\",\"item\":\"https:\\\/\\\/risawave.org\\\/\"},{\"@type\":\"ListItem\",\"position\":2,\"name\":\"risawavekontakt: Sanjay Sauldie\"}]},{\"@type\":\"WebSite\",\"@id\":\"https:\\\/\\\/risawave.org\\\/#website\",\"url\":\"https:\\\/\\\/risawave.org\\\/\",\"name\":\"risawave.org\",\"description\":\"\",\"publisher\":{\"@id\":\"https:\\\/\\\/risawave.org\\\/#organization\"},\"potentialAction\":[{\"@type\":\"SearchAction\",\"target\":{\"@type\":\"EntryPoint\",\"urlTemplate\":\"https:\\\/\\\/risawave.org\\\/?s={search_term_string}\"},\"query-input\":{\"@type\":\"PropertyValueSpecification\",\"valueRequired\":true,\"valueName\":\"search_term_string\"}}],\"inLanguage\":\"en-GB\"},{\"@type\":[\"Organization\",\"Place\"],\"@id\":\"https:\\\/\\\/risawave.org\\\/#organization\",\"name\":\"risawave.org\",\"url\":\"https:\\\/\\\/risawave.org\\\/\",\"logo\":{\"@id\":\"https:\\\/\\\/risawave.org\\\/kontakt-zu-sanjay\\\/#local-main-organization-logo\"},\"image\":{\"@id\":\"https:\\\/\\\/risawave.org\\\/kontakt-zu-sanjay\\\/#local-main-organization-logo\"},\"telephone\":[\"015140530884\"],\"openingHoursSpecification\":[],\"email\":\"office@newrella.hk\",\"faxNumber\":\"newrella Limited\"},{\"@type\":\"ImageObject\",\"inLanguage\":\"en-GB\",\"@id\":\"https:\\\/\\\/risawave.org\\\/kontakt-zu-sanjay\\\/#local-main-organization-logo\",\"url\":\"https:\\\/\\\/risawave.org\\\/wp-content\\\/uploads\\\/2026\\\/01\\\/Globales-logo-scaled-1.png\",\"contentUrl\":\"https:\\\/\\\/risawave.org\\\/wp-content\\\/uploads\\\/2026\\\/01\\\/Globales-logo-scaled-1.png\",\"width\":2560,\"height\":2560,\"caption\":\"risawave.org\"}]}<\/script>\n<meta name=\"geo.placename\" content=\"\u8202\u574e\u89d2\" \/>\n<meta name=\"geo.region\" content=\"Hong Kong\" \/>\n<!-- \/ Yoast SEO Premium plugin. -->","yoast_head_json":{"title":"risawave contact: Sanjay Sauldie - risawave.org","robots":{"index":"index","follow":"follow","max-snippet":"max-snippet:-1","max-image-preview":"max-image-preview:large","max-video-preview":"max-video-preview:-1"},"canonical":"https:\/\/risawave.org\/en\/contact-sanjay\/","og_locale":"en_GB","og_type":"article","og_title":"risawavekontakt: Sanjay Sauldie","og_description":"Nehmen Sie unverbindlich Kontakt zu Sanjay Sauldie auf: E-Mail-Adresse * Firma Anrede Bitte w\u00e4hlen SieHerrFrauDivers Akademischer Grad Vorname * Nachname * Wie kann ich Sie optimal unterst\u00fctzen? Ich willige ein, dass diese Website meine \u00fcbermittelten Informationen speichert, damit meine Anfrage beantwortet werden kann. Meine Daten werden mit dem jeweiligen Experten geteilt und ich willige ein, ... Read more","og_url":"https:\/\/risawave.org\/en\/contact-sanjay\/","og_site_name":"risawave.org","article_modified_time":"2026-03-14T15:27:37+00:00","og_image":[{"width":2560,"height":2560,"url":"https:\/\/risawave.org\/wp-content\/uploads\/2026\/01\/Globales-logo-scaled-1.png","type":"image\/png"}],"twitter_card":"summary_large_image","twitter_misc":{"Estimated reading time":"1 minute"},"schema":{"@context":"https:\/\/schema.org","@graph":[{"@type":"WebPage","@id":"https:\/\/risawave.org\/kontakt-zu-sanjay\/","url":"https:\/\/risawave.org\/kontakt-zu-sanjay\/","name":"risawave contact: Sanjay Sauldie - risawave.org","isPartOf":{"@id":"https:\/\/risawave.org\/#website"},"datePublished":"2025-06-07T16:16:58+00:00","dateModified":"2026-03-14T15:27:37+00:00","breadcrumb":{"@id":"https:\/\/risawave.org\/kontakt-zu-sanjay\/#breadcrumb"},"inLanguage":"en-GB","potentialAction":[{"@type":"ReadAction","target":["https:\/\/risawave.org\/kontakt-zu-sanjay\/"]}]},{"@type":"BreadcrumbList","@id":"https:\/\/risawave.org\/kontakt-zu-sanjay\/#breadcrumb","itemListElement":[{"@type":"ListItem","position":1,"name":"Start","item":"https:\/\/risawave.org\/"},{"@type":"ListItem","position":2,"name":"risawavekontakt: Sanjay Sauldie"}]},{"@type":"WebSite","@id":"https:\/\/risawave.org\/#website","url":"https:\/\/risawave.org\/","name":"risawave.org","description":"","publisher":{"@id":"https:\/\/risawave.org\/#organization"},"potentialAction":[{"@type":"SearchAction","target":{"@type":"EntryPoint","urlTemplate":"https:\/\/risawave.org\/?s={search_term_string}"},"query-input":{"@type":"PropertyValueSpecification","valueRequired":true,"valueName":"search_term_string"}}],"inLanguage":"en-GB"},{"@type":["Organization","Place"],"@id":"https:\/\/risawave.org\/#organization","name":"risawave.org","url":"https:\/\/risawave.org\/","logo":{"@id":"https:\/\/risawave.org\/kontakt-zu-sanjay\/#local-main-organization-logo"},"image":{"@id":"https:\/\/risawave.org\/kontakt-zu-sanjay\/#local-main-organization-logo"},"telephone":["015140530884"],"openingHoursSpecification":[],"email":"office@newrella.hk","faxNumber":"newrella Limited"},{"@type":"ImageObject","inLanguage":"en-GB","@id":"https:\/\/risawave.org\/kontakt-zu-sanjay\/#local-main-organization-logo","url":"https:\/\/risawave.org\/wp-content\/uploads\/2026\/01\/Globales-logo-scaled-1.png","contentUrl":"https:\/\/risawave.org\/wp-content\/uploads\/2026\/01\/Globales-logo-scaled-1.png","width":2560,"height":2560,"caption":"risawave.org"}]},"geo.placename":"\u8202\u574e\u89d2","geo.region":"Hong Kong"},"_links":{"self":[{"href":"https:\/\/risawave.org\/en\/wp-json\/wp\/v2\/pages\/332175","targetHints":{"allow":["GET"]}}],"collection":[{"href":"https:\/\/risawave.org\/en\/wp-json\/wp\/v2\/pages"}],"about":[{"href":"https:\/\/risawave.org\/en\/wp-json\/wp\/v2\/types\/page"}],"author":[{"embeddable":true,"href":"https:\/\/risawave.org\/en\/wp-json\/wp\/v2\/users\/2"}],"replies":[{"embeddable":true,"href":"https:\/\/risawave.org\/en\/wp-json\/wp\/v2\/comments?post=332175"}],"version-history":[{"count":10,"href":"https:\/\/risawave.org\/en\/wp-json\/wp\/v2\/pages\/332175\/revisions"}],"predecessor-version":[{"id":354743,"href":"https:\/\/risawave.org\/en\/wp-json\/wp\/v2\/pages\/332175\/revisions\/354743"}],"wp:attachment":[{"href":"https:\/\/risawave.org\/en\/wp-json\/wp\/v2\/media?parent=332175"}],"curies":[{"name":"wp","href":"https:\/\/api.w.org\/{rel}","templated":true}]}}