{"id":274353,"date":"2022-08-22T07:46:41","date_gmt":"2022-08-22T07:46:41","guid":{"rendered":"https:\/\/theibiz.org\/?page_id=274353"},"modified":"2022-08-22T07:46:41","modified_gmt":"2022-08-22T07:46:41","slug":"der-global-digital-marketing-summit-gdms","status":"publish","type":"page","link":"https:\/\/risawave.org\/en\/sanjay-sauldie-experte-digitalisierung\/der-global-digital-marketing-summit-gdms\/","title":{"rendered":"Global Digital Marketing Summit (GDMS)"},"content":{"rendered":"\n<h1 class=\"gb-headline gb-headline-7b7316c8 gb-headline-text\">Der Global Digital Marketing Summit (GDMS) ist eine f\u00fchrende Reihe von Konferenzen f\u00fcr digitales Marketing.<\/h1>\n\n\n\n<div class=\"wp-block-columns is-layout-flex wp-container-core-columns-is-layout-9d6595d7 wp-block-columns-is-layout-flex\">\n<div class=\"wp-block-column is-layout-flow wp-block-column-is-layout-flow\">\n<p class=\"has-text-align-center\"><strong>Das n\u00e4chste gro\u00dfe Ding von digitalem Marketing: &#8222;Umdenken ins Unvermeidliche&#8220;<\/strong><\/p>\n\n\n\n<p>Der Global Digital Marketing Summit (GDMS) ist eine erstklassige Konferenzreihe f\u00fcr digitales Marketing. Sie bietet eine wichtige Plattform f\u00fcr digitale Vermarkter, Strategen, Unternehmer, F\u00fchrungskr\u00e4fte und Marketingspezialisten, um sich zu treffen, Erkenntnisse auszutauschen, neue Marketingtechniken zu erforschen und zusammenzuarbeiten, um das Gesch\u00e4ft auf digitalem Wege zu verbessern.<\/p>\n\n\n\n<p>Erleben Sie es live:<\/p>\n\n\n\n<p><strong>Erweitern Sie Ihr Wissen<\/strong><\/p>\n\n\n\n<p>Vielf\u00e4ltige Einsichten und Meinungen geh\u00f6ren zum Alltag der Menschen. Werten Sie sich durch das geteilte Wissen und die Erfahrungen auf.<\/p>\n\n\n\n<p><strong>Gr\u00fcnden Sie eine Gemeinschaft<\/strong><\/p>\n\n\n\n<p>Wenn man sich mit vielen Menschen trifft, hat man die Chance, mit vielen Denkern in Kontakt zu treten. Dadurch wird eine Gemeinschaft gebildet, die das Wachstum f\u00f6rdert.<\/p>\n\n\n\n<p><strong>Karrierewachstum<\/strong><\/p>\n\n\n\n<p>Auf dieser Konferenz wird Ihre Erfahrung im Themenkomplex Marketing vertieft. Dadurch erhalten Sie Auftr\u00e4ge von verschiedenen Unternehmen, Regierungen und anderen Stellen.<\/p>\n\n\n\n<p>Die GDMS bringt Tausende von Branchenexperten und Trendsettern zusammen. Lernen Sie diese Experten kennen und schlie\u00dfen Sie sich mit ihnen zusammen, um Ihr Gesch\u00e4ft durch digitales Marketing zu verbessern.<\/p>\n\n\n\n<p>Wir sind stolz darauf, ein ASSOCIATE PARTNER des Global Digital Marketing Summit (GDMS) zu sein.<\/p>\n\n\n\n<div class=\"wp-block-buttons is-layout-flex wp-block-buttons-is-layout-flex\">\n<div class=\"wp-block-button aligncenter\"><a class=\"wp-block-button__link wp-element-button\" href=\"https:\/\/gdms.texilaconference.org\/\" target=\"_blank\" rel=\"noopener\">Jetzt hier kostenlos mehr Informationen einholen<\/a><\/div>\n<\/div>\n<\/div>\n\n\n\n<div class=\"wp-block-column is-layout-flow wp-block-column-is-layout-flow\">\n<figure class=\"wp-block-image size-full\"><img loading=\"lazy\" decoding=\"async\" width=\"756\" height=\"332\" src=\"https:\/\/risawave.org\/wp-content\/uploads\/2022\/08\/MicrosoftTeams-image-92.png\" alt=\"\" class=\"wp-image-274354\" srcset=\"https:\/\/risawave.org\/wp-content\/uploads\/2022\/08\/MicrosoftTeams-image-92.png 756w, https:\/\/risawave.org\/wp-content\/uploads\/2022\/08\/MicrosoftTeams-image-92-300x132.png 300w, https:\/\/risawave.org\/wp-content\/uploads\/2022\/08\/MicrosoftTeams-image-92-18x8.png 18w\" sizes=\"auto, (max-width: 756px) 100vw, 756px\" \/><\/figure>\n\n\n\n<figure class=\"wp-block-image size-large\"><a href=\"https:\/\/gdms.texilaconference.org\/\" target=\"_blank\" rel=\"noopener\"><img loading=\"lazy\" decoding=\"async\" width=\"1024\" height=\"1024\" src=\"https:\/\/risawave.org\/wp-content\/uploads\/2022\/08\/Welcome-Poster-for-Partner-Mr.-Sanjay-1024x1024.jpg\" alt=\"\" class=\"wp-image-274362\" srcset=\"https:\/\/risawave.org\/wp-content\/uploads\/2022\/08\/Welcome-Poster-for-Partner-Mr.-Sanjay-1024x1024.jpg 1024w, https:\/\/risawave.org\/wp-content\/uploads\/2022\/08\/Welcome-Poster-for-Partner-Mr.-Sanjay-300x300.jpg 300w, https:\/\/risawave.org\/wp-content\/uploads\/2022\/08\/Welcome-Poster-for-Partner-Mr.-Sanjay-150x150.jpg 150w, https:\/\/risawave.org\/wp-content\/uploads\/2022\/08\/Welcome-Poster-for-Partner-Mr.-Sanjay-768x768.jpg 768w, https:\/\/risawave.org\/wp-content\/uploads\/2022\/08\/Welcome-Poster-for-Partner-Mr.-Sanjay-12x12.jpg 12w, https:\/\/risawave.org\/wp-content\/uploads\/2022\/08\/Welcome-Poster-for-Partner-Mr.-Sanjay.jpg 1080w\" sizes=\"auto, (max-width: 1024px) 100vw, 1024px\" \/><\/a><\/figure>\n<\/div>\n<\/div>\n\n\n\n<h2 class=\"gb-headline gb-headline-9f623f65 gb-headline-text\">Mein Beitrag auf dem Event:<\/h2>\n\n\n\n<div class=\"wp-block-columns is-layout-flex wp-container-core-columns-is-layout-9d6595d7 wp-block-columns-is-layout-flex\">\n<div class=\"wp-block-column is-layout-flow wp-block-column-is-layout-flow\"><div class=\"wp-block-image\">\n<figure class=\"aligncenter size-full\"><img loading=\"lazy\" decoding=\"async\" width=\"473\" height=\"101\" src=\"https:\/\/vivaroi.org\/wp-content\/uploads\/2022\/07\/transruption.png\" alt=\"\" class=\"wp-image-271984\" srcset=\"https:\/\/risawave.org\/wp-content\/uploads\/2022\/07\/transruption.png 473w, https:\/\/risawave.org\/wp-content\/uploads\/2022\/07\/transruption-300x64.png 300w, https:\/\/risawave.org\/wp-content\/uploads\/2022\/07\/transruption-18x4.png 18w\" sizes=\"auto, (max-width: 473px) 100vw, 473px\" \/><\/figure>\n<\/div>\n\n<div class=\"wp-block-image\">\n<figure class=\"aligncenter size-large\"><img decoding=\"async\" src=\"https:\/\/risawave.org\/wp-content\/uploads\/2022\/07\/transruption-english-1024x1024.png\" alt=\"\" class=\"wp-image-273758\"\/><figcaption class=\"wp-element-caption\">Mehr erfahren Sie auf <a href=\"https:\/\/transruption.org\">transruption.org<\/a><\/figcaption><\/figure>\n<\/div><\/div>\n\n\n\n<div class=\"wp-block-column is-layout-flow wp-block-column-is-layout-flow\">\n<p>Digitale Technologien haben erhebliche Auswirkungen auf das allt\u00e4gliche Leben in Wirtschaft und in der Gesellschaft. Unternehmen k\u00f6nnen sich diesem Wandel nicht entziehen und sind aufgefordert achtsam zu sein und <strong>alle wesentlichen Elemente der Digitalisierung<\/strong> zu beachten, ohne sich zu verzetteln! <\/p>\n\n\n\n<p>Bleiben bedeutende Aspekte der Digitalisierung in der Strategie einer Unternehmung unber\u00fccksichtigt, kann es zu pl\u00f6tzlichen und unerwarteten Ver\u00e4nderungen kommen, wie z.B. sinkende Ums\u00e4tze oder gar der Untergang einer Unternehmung. Wir haben das in der Vergangenheit z.B. mit Kodak oder Quelle erlebt. Weitere Beispiele sind Nokia und Neckermann. <\/p>\n\n\n\n<p>Solche ehemaligen Giganten unserer Wirtschaft sind nahezu von Heute auf Morgen untergegangen, weil sie die Zeichen der Zeit nicht richtig erkannt haben und dem Digitalen Wandel nicht die notwendige Bedeutung beigemessen haben. Damit das Ihnen nicht passiert, haben wir die TRANSRUPTION entwickelt, mit der Sie fr\u00fchzeitig die f\u00fcr Sie notwendigen Technologien aussuchen, um nach Vorne zu kommen.<\/p>\n\n\n\n<p>Mit erfolgreichen Gr\u00fc\u00dfen,<br>Sanjay Sauldie, MSc.<br>Entwickler der Digitalen Toolbox TRANSRUPTION<\/p>\n\n\n<div class=\"wp-block-image\">\n<figure class=\"aligncenter size-full\"><img loading=\"lazy\" decoding=\"async\" width=\"768\" height=\"512\" src=\"https:\/\/vivaroi.org\/wp-content\/uploads\/2022\/07\/Experte-fuer-Digitalisierung-Nachhaltigkeit-2.png\" alt=\"\" class=\"wp-image-271998\" srcset=\"https:\/\/risawave.org\/wp-content\/uploads\/2022\/07\/Experte-fuer-Digitalisierung-Nachhaltigkeit-2.png 768w, https:\/\/risawave.org\/wp-content\/uploads\/2022\/07\/Experte-fuer-Digitalisierung-Nachhaltigkeit-2-300x200.png 300w, https:\/\/risawave.org\/wp-content\/uploads\/2022\/07\/Experte-fuer-Digitalisierung-Nachhaltigkeit-2-18x12.png 18w\" sizes=\"auto, (max-width: 768px) 100vw, 768px\" \/><\/figure>\n<\/div><\/div>\n<\/div>\n\n\n\n<hr class=\"wp-block-separator has-text-color has-alpha-channel-opacity has-background is-style-wide\" style=\"background-color:#b29a36;color:#b29a36\"\/>\n\n\n\n<h2 class=\"gb-headline gb-headline-72ba4f9b gb-headline-text\">Testimonials:<\/h2>\n\n\n<p>[wp_show_posts id=&#8220;282479&#8243;]<\/p>\n","protected":false},"excerpt":{"rendered":"<p>Der Global Digital Marketing Summit (GDMS) ist eine f\u00fchrende Reihe von Konferenzen f\u00fcr digitales Marketing. Das n\u00e4chste gro\u00dfe Ding von digitalem Marketing: &#8222;Umdenken ins Unvermeidliche&#8220; Der Global Digital Marketing Summit (GDMS) ist eine erstklassige Konferenzreihe f\u00fcr digitales Marketing. Sie bietet eine wichtige Plattform f\u00fcr digitale Vermarkter, Strategen, Unternehmer, F\u00fchrungskr\u00e4fte und Marketingspezialisten, um sich zu treffen, &#8230; <a title=\"Global Digital Marketing Summit (GDMS)\" class=\"read-more\" href=\"https:\/\/risawave.org\/en\/sanjay-sauldie-experte-digitalisierung\/der-global-digital-marketing-summit-gdms\/\" aria-label=\"Read more about Global Digital Marketing Summit (GDMS)\">Read more<\/a><\/p>","protected":false},"author":2,"featured_media":0,"parent":271841,"menu_order":4,"comment_status":"closed","ping_status":"closed","template":"","meta":{"footnotes":""},"class_list":{"0":"post-274353","1":"page","2":"type-page","3":"status-publish","5":"page_cat-unsortiert"},"yoast_head":"<!-- This site is optimized with the Yoast SEO Premium plugin v27.2 (Yoast SEO v27.2) - https:\/\/yoast.com\/product\/yoast-seo-premium-wordpress\/ -->\n<title>Global Digital Marketing Summit (GDMS) - risawave.org<\/title>\n<meta name=\"robots\" content=\"index, follow, max-snippet:-1, max-image-preview:large, max-video-preview:-1\" \/>\n<link rel=\"canonical\" href=\"https:\/\/risawave.org\/en\/sanjay-sauldie-experte-digitalisierung\/der-global-digital-marketing-summit-gdms\/\" \/>\n<meta property=\"og:locale\" content=\"en_GB\" \/>\n<meta property=\"og:type\" content=\"article\" \/>\n<meta property=\"og:title\" content=\"Global Digital Marketing Summit (GDMS)\" \/>\n<meta property=\"og:description\" content=\"Der Global Digital Marketing Summit (GDMS) ist eine f\u00fchrende Reihe von Konferenzen f\u00fcr digitales Marketing. Das n\u00e4chste gro\u00dfe Ding von digitalem Marketing: &#8222;Umdenken ins Unvermeidliche&#8220; Der Global Digital Marketing Summit (GDMS) ist eine erstklassige Konferenzreihe f\u00fcr digitales Marketing. Sie bietet eine wichtige Plattform f\u00fcr digitale Vermarkter, Strategen, Unternehmer, F\u00fchrungskr\u00e4fte und Marketingspezialisten, um sich zu treffen, ... Read more\" \/>\n<meta property=\"og:url\" content=\"https:\/\/risawave.org\/en\/sanjay-sauldie-experte-digitalisierung\/der-global-digital-marketing-summit-gdms\/\" \/>\n<meta property=\"og:site_name\" content=\"risawave.org\" \/>\n<meta property=\"og:image\" content=\"https:\/\/risawave.org\/wp-content\/uploads\/2022\/08\/MicrosoftTeams-image-92.png\" \/>\n\t<meta property=\"og:image:width\" content=\"756\" \/>\n\t<meta property=\"og:image:height\" content=\"332\" \/>\n\t<meta property=\"og:image:type\" content=\"image\/png\" \/>\n<meta name=\"twitter:card\" content=\"summary_large_image\" \/>\n<meta name=\"twitter:label1\" content=\"Estimated reading time\" \/>\n\t<meta name=\"twitter:data1\" content=\"4 minutes\" \/>\n<script type=\"application\/ld+json\" class=\"yoast-schema-graph\">{\"@context\":\"https:\/\/schema.org\",\"@graph\":[{\"@type\":\"WebPage\",\"@id\":\"https:\/\/risawave.org\/sanjay-sauldie-experte-digitalisierung\/der-global-digital-marketing-summit-gdms\/\",\"url\":\"https:\/\/risawave.org\/sanjay-sauldie-experte-digitalisierung\/der-global-digital-marketing-summit-gdms\/\",\"name\":\"Global Digital Marketing Summit (GDMS) - risawave.org\",\"isPartOf\":{\"@id\":\"https:\/\/risawave.org\/#website\"},\"primaryImageOfPage\":{\"@id\":\"https:\/\/risawave.org\/sanjay-sauldie-experte-digitalisierung\/der-global-digital-marketing-summit-gdms\/#primaryimage\"},\"image\":{\"@id\":\"https:\/\/risawave.org\/sanjay-sauldie-experte-digitalisierung\/der-global-digital-marketing-summit-gdms\/#primaryimage\"},\"thumbnailUrl\":\"https:\/\/risawave.org\/wp-content\/uploads\/2022\/08\/MicrosoftTeams-image-92.png\",\"datePublished\":\"2022-08-22T07:46:41+00:00\",\"breadcrumb\":{\"@id\":\"https:\/\/risawave.org\/sanjay-sauldie-experte-digitalisierung\/der-global-digital-marketing-summit-gdms\/#breadcrumb\"},\"inLanguage\":\"en-GB\",\"potentialAction\":[{\"@type\":\"ReadAction\",\"target\":[\"https:\/\/risawave.org\/sanjay-sauldie-experte-digitalisierung\/der-global-digital-marketing-summit-gdms\/\"]}]},{\"@type\":\"ImageObject\",\"inLanguage\":\"en-GB\",\"@id\":\"https:\/\/risawave.org\/sanjay-sauldie-experte-digitalisierung\/der-global-digital-marketing-summit-gdms\/#primaryimage\",\"url\":\"https:\/\/risawave.org\/wp-content\/uploads\/2022\/08\/MicrosoftTeams-image-92.png\",\"contentUrl\":\"https:\/\/risawave.org\/wp-content\/uploads\/2022\/08\/MicrosoftTeams-image-92.png\"},{\"@type\":\"BreadcrumbList\",\"@id\":\"https:\/\/risawave.org\/sanjay-sauldie-experte-digitalisierung\/der-global-digital-marketing-summit-gdms\/#breadcrumb\",\"itemListElement\":[{\"@type\":\"ListItem\",\"position\":1,\"name\":\"Start\",\"item\":\"https:\/\/risawave.org\/\"},{\"@type\":\"ListItem\",\"position\":2,\"name\":\"\u00dcber mich\",\"item\":\"https:\/\/risawave.org\/?page_id=271841&preview_id=271841\"},{\"@type\":\"ListItem\",\"position\":3,\"name\":\"Global Digital Marketing Summit (GDMS)\"}]},{\"@type\":\"WebSite\",\"@id\":\"https:\/\/risawave.org\/#website\",\"url\":\"https:\/\/risawave.org\/\",\"name\":\"risawave.org\",\"description\":\"\",\"publisher\":{\"@id\":\"https:\/\/risawave.org\/#organization\"},\"potentialAction\":[{\"@type\":\"SearchAction\",\"target\":{\"@type\":\"EntryPoint\",\"urlTemplate\":\"https:\/\/risawave.org\/?s={search_term_string}\"},\"query-input\":{\"@type\":\"PropertyValueSpecification\",\"valueRequired\":true,\"valueName\":\"search_term_string\"}}],\"inLanguage\":\"en-GB\"},{\"@type\":[\"Organization\",\"Place\"],\"@id\":\"https:\/\/risawave.org\/#organization\",\"name\":\"risawave.org\",\"url\":\"https:\/\/risawave.org\/\",\"logo\":{\"@id\":\"https:\/\/risawave.org\/sanjay-sauldie-experte-digitalisierung\/der-global-digital-marketing-summit-gdms\/#local-main-organization-logo\"},\"image\":{\"@id\":\"https:\/\/risawave.org\/sanjay-sauldie-experte-digitalisierung\/der-global-digital-marketing-summit-gdms\/#local-main-organization-logo\"},\"telephone\":[\"015140530884\"],\"openingHoursSpecification\":[],\"email\":\"office@newrella.hk\",\"faxNumber\":\"newrella Limited\"},{\"@type\":\"ImageObject\",\"inLanguage\":\"en-GB\",\"@id\":\"https:\/\/risawave.org\/sanjay-sauldie-experte-digitalisierung\/der-global-digital-marketing-summit-gdms\/#local-main-organization-logo\",\"url\":\"https:\/\/risawave.org\/wp-content\/uploads\/2026\/01\/Globales-logo-scaled-1.png\",\"contentUrl\":\"https:\/\/risawave.org\/wp-content\/uploads\/2026\/01\/Globales-logo-scaled-1.png\",\"width\":2560,\"height\":2560,\"caption\":\"risawave.org\"}]}<\/script>\n<meta name=\"geo.placename\" content=\"\u8202\u574e\u89d2\" \/>\n<meta name=\"geo.region\" content=\"Hong Kong\" \/>\n<!-- \/ Yoast SEO Premium plugin. -->","yoast_head_json":{"title":"Global Digital Marketing Summit (GDMS) - risawave.org","robots":{"index":"index","follow":"follow","max-snippet":"max-snippet:-1","max-image-preview":"max-image-preview:large","max-video-preview":"max-video-preview:-1"},"canonical":"https:\/\/risawave.org\/en\/sanjay-sauldie-experte-digitalisierung\/der-global-digital-marketing-summit-gdms\/","og_locale":"en_GB","og_type":"article","og_title":"Global Digital Marketing Summit (GDMS)","og_description":"Der Global Digital Marketing Summit (GDMS) ist eine f\u00fchrende Reihe von Konferenzen f\u00fcr digitales Marketing. Das n\u00e4chste gro\u00dfe Ding von digitalem Marketing: &#8222;Umdenken ins Unvermeidliche&#8220; Der Global Digital Marketing Summit (GDMS) ist eine erstklassige Konferenzreihe f\u00fcr digitales Marketing. Sie bietet eine wichtige Plattform f\u00fcr digitale Vermarkter, Strategen, Unternehmer, F\u00fchrungskr\u00e4fte und Marketingspezialisten, um sich zu treffen, ... Read more","og_url":"https:\/\/risawave.org\/en\/sanjay-sauldie-experte-digitalisierung\/der-global-digital-marketing-summit-gdms\/","og_site_name":"risawave.org","og_image":[{"width":756,"height":332,"url":"https:\/\/risawave.org\/wp-content\/uploads\/2022\/08\/MicrosoftTeams-image-92.png","type":"image\/png"}],"twitter_card":"summary_large_image","twitter_misc":{"Estimated reading time":"4 minutes"},"schema":{"@context":"https:\/\/schema.org","@graph":[{"@type":"WebPage","@id":"https:\/\/risawave.org\/sanjay-sauldie-experte-digitalisierung\/der-global-digital-marketing-summit-gdms\/","url":"https:\/\/risawave.org\/sanjay-sauldie-experte-digitalisierung\/der-global-digital-marketing-summit-gdms\/","name":"Global Digital Marketing Summit (GDMS) - risawave.org","isPartOf":{"@id":"https:\/\/risawave.org\/#website"},"primaryImageOfPage":{"@id":"https:\/\/risawave.org\/sanjay-sauldie-experte-digitalisierung\/der-global-digital-marketing-summit-gdms\/#primaryimage"},"image":{"@id":"https:\/\/risawave.org\/sanjay-sauldie-experte-digitalisierung\/der-global-digital-marketing-summit-gdms\/#primaryimage"},"thumbnailUrl":"https:\/\/risawave.org\/wp-content\/uploads\/2022\/08\/MicrosoftTeams-image-92.png","datePublished":"2022-08-22T07:46:41+00:00","breadcrumb":{"@id":"https:\/\/risawave.org\/sanjay-sauldie-experte-digitalisierung\/der-global-digital-marketing-summit-gdms\/#breadcrumb"},"inLanguage":"en-GB","potentialAction":[{"@type":"ReadAction","target":["https:\/\/risawave.org\/sanjay-sauldie-experte-digitalisierung\/der-global-digital-marketing-summit-gdms\/"]}]},{"@type":"ImageObject","inLanguage":"en-GB","@id":"https:\/\/risawave.org\/sanjay-sauldie-experte-digitalisierung\/der-global-digital-marketing-summit-gdms\/#primaryimage","url":"https:\/\/risawave.org\/wp-content\/uploads\/2022\/08\/MicrosoftTeams-image-92.png","contentUrl":"https:\/\/risawave.org\/wp-content\/uploads\/2022\/08\/MicrosoftTeams-image-92.png"},{"@type":"BreadcrumbList","@id":"https:\/\/risawave.org\/sanjay-sauldie-experte-digitalisierung\/der-global-digital-marketing-summit-gdms\/#breadcrumb","itemListElement":[{"@type":"ListItem","position":1,"name":"Start","item":"https:\/\/risawave.org\/"},{"@type":"ListItem","position":2,"name":"\u00dcber mich","item":"https:\/\/risawave.org\/?page_id=271841&preview_id=271841"},{"@type":"ListItem","position":3,"name":"Global Digital Marketing Summit (GDMS)"}]},{"@type":"WebSite","@id":"https:\/\/risawave.org\/#website","url":"https:\/\/risawave.org\/","name":"risawave.org","description":"","publisher":{"@id":"https:\/\/risawave.org\/#organization"},"potentialAction":[{"@type":"SearchAction","target":{"@type":"EntryPoint","urlTemplate":"https:\/\/risawave.org\/?s={search_term_string}"},"query-input":{"@type":"PropertyValueSpecification","valueRequired":true,"valueName":"search_term_string"}}],"inLanguage":"en-GB"},{"@type":["Organization","Place"],"@id":"https:\/\/risawave.org\/#organization","name":"risawave.org","url":"https:\/\/risawave.org\/","logo":{"@id":"https:\/\/risawave.org\/sanjay-sauldie-experte-digitalisierung\/der-global-digital-marketing-summit-gdms\/#local-main-organization-logo"},"image":{"@id":"https:\/\/risawave.org\/sanjay-sauldie-experte-digitalisierung\/der-global-digital-marketing-summit-gdms\/#local-main-organization-logo"},"telephone":["015140530884"],"openingHoursSpecification":[],"email":"office@newrella.hk","faxNumber":"newrella Limited"},{"@type":"ImageObject","inLanguage":"en-GB","@id":"https:\/\/risawave.org\/sanjay-sauldie-experte-digitalisierung\/der-global-digital-marketing-summit-gdms\/#local-main-organization-logo","url":"https:\/\/risawave.org\/wp-content\/uploads\/2026\/01\/Globales-logo-scaled-1.png","contentUrl":"https:\/\/risawave.org\/wp-content\/uploads\/2026\/01\/Globales-logo-scaled-1.png","width":2560,"height":2560,"caption":"risawave.org"}]},"geo.placename":"\u8202\u574e\u89d2","geo.region":"Hong Kong"},"_links":{"self":[{"href":"https:\/\/risawave.org\/en\/wp-json\/wp\/v2\/pages\/274353","targetHints":{"allow":["GET"]}}],"collection":[{"href":"https:\/\/risawave.org\/en\/wp-json\/wp\/v2\/pages"}],"about":[{"href":"https:\/\/risawave.org\/en\/wp-json\/wp\/v2\/types\/page"}],"author":[{"embeddable":true,"href":"https:\/\/risawave.org\/en\/wp-json\/wp\/v2\/users\/2"}],"replies":[{"embeddable":true,"href":"https:\/\/risawave.org\/en\/wp-json\/wp\/v2\/comments?post=274353"}],"version-history":[{"count":0,"href":"https:\/\/risawave.org\/en\/wp-json\/wp\/v2\/pages\/274353\/revisions"}],"up":[{"embeddable":true,"href":"https:\/\/risawave.org\/en\/wp-json\/wp\/v2\/pages\/271841"}],"wp:attachment":[{"href":"https:\/\/risawave.org\/en\/wp-json\/wp\/v2\/media?parent=274353"}],"curies":[{"name":"wp","href":"https:\/\/api.w.org\/{rel}","templated":true}]}}