{"id":272794,"date":"2022-07-10T14:56:27","date_gmt":"2022-07-10T12:56:27","guid":{"rendered":"https:\/\/theibiz.org\/?page_id=272794"},"modified":"2022-07-10T14:56:27","modified_gmt":"2022-07-10T12:56:27","slug":"3d-printing","status":"publish","type":"page","link":"https:\/\/risawave.org\/en\/experte\/3d-druck\/","title":{"rendered":"3D printing"},"content":{"rendered":"\n<hr class=\"wp-block-separator has-text-color has-alpha-channel-opacity has-background is-style-default\" style=\"background-color:#b29a36;color:#b29a36\"\/>\n\n\n<div class=\"gb-grid-wrapper gb-grid-wrapper-b1583d9e\">\n<div class=\"gb-grid-column gb-grid-column-36ab0d99\"><div class=\"gb-container gb-container-36ab0d99\"><div class=\"gb-inside-container\">\n\n<figure class=\"wp-block-image size-full is-style-default\"><img loading=\"lazy\" decoding=\"async\" width=\"960\" height=\"540\" src=\"https:\/\/vivaroi.org\/wp-content\/uploads\/2020\/07\/experte-3d-druck-1.jpg\" alt=\"\" class=\"wp-image-244548\" srcset=\"https:\/\/risawave.org\/wp-content\/uploads\/2020\/07\/experte-3d-druck-1.jpg 960w, https:\/\/risawave.org\/wp-content\/uploads\/2020\/07\/experte-3d-druck-1-300x169.jpg 300w, https:\/\/risawave.org\/wp-content\/uploads\/2020\/07\/experte-3d-druck-1-768x432.jpg 768w, https:\/\/risawave.org\/wp-content\/uploads\/2020\/07\/experte-3d-druck-1-18x10.jpg 18w\" sizes=\"auto, (max-width: 960px) 100vw, 960px\" \/><figcaption class=\"wp-element-caption\">3D-Druck ist enthalten im TRANSRUPTIONS-Werkzeugkasten.<\/figcaption><\/figure>\n\n\n\n<figure class=\"wp-block-embed is-type-video is-provider-vimeo wp-block-embed-vimeo wp-embed-aspect-16-9 wp-has-aspect-ratio\"><div class=\"wp-block-embed__wrapper\">\nhttps:\/\/vimeo.com\/615859502\n<\/div><\/figure>\n\n<\/div><\/div><\/div>\n\n<div class=\"gb-grid-column gb-grid-column-7d24bacc\"><div class=\"gb-container gb-container-7d24bacc\"><div class=\"gb-inside-container\">\n\n<p>3D-Druck z\u00e4hlt zu den innovativsten Technologien, die das Digitale Zeitalter bereith\u00e4lt. Er wird heute von immer mehr Branchen eingesetzt. Neben Medizintechnik und Maschinenbau greifen l\u00e4ngst auch Hersteller von individuell nutzbaren Gebrauchsgegenst\u00e4nden, wie beispielsweise Turnschuhproduzenten, auf diese Technik zur\u00fcck. Auch in der Gestaltung von L\u00e4den und beim Design der Ladentheke bietet dieser Druck v\u00f6llig neue L\u00f6sungen an. So ergibt sich ein interessantes Potenzial f\u00fcr alle Entscheider, die im Handel oder in der Produktion arbeiten. Bislang kennen sich jedoch noch nicht alle Unternehmen wirklich gut mit dem 3D-Druck aus. Das ist Ihre Chance, sich gegen\u00fcber der Konkurrenz einen handfesten Vorteil zu verschaffen. Aber was leistet eigentlich der 3D-Druck und wie kann er genau eingesetzt werden?<\/p>\n\n\n\n<p class=\"has-text-align-center\"><strong>Bleiben Sie auf dem neuesten Stand und<\/strong><\/p>\n\n\n<div class=\"gb-button-wrapper gb-button-wrapper-dd03513b\">\n\n<a class=\"gb-button gb-button-31dd34f9 gb-button-text\" href=\"https:\/\/vivaroi.org\/newsletter\/\">Abonnieren Sie jetzt unseren kostenlosen Newsletter zu diesem Thema<\/a>\n\n<\/div>\n\n<div class=\"gb-button-wrapper gb-button-wrapper-3b4f43aa\">\n\n<a class=\"gb-button gb-button-066143de gb-button-text\" href=\"https:\/\/vivaroi.org\/kontakt\/\">Diskutieren Sie jetzt mit mir, wie diese Technologie Ihr Unternehmen und Ihre Branche stark ver\u00e4ndern wird und wie Sie davon profitieren k\u00f6nnen!<\/a>\n\n<\/div>\n<\/div><\/div><\/div>\n<\/div>\n\n\n<hr class=\"wp-block-separator has-text-color has-alpha-channel-opacity has-background is-style-default\" style=\"background-color:#b29a36;color:#b29a36\"\/>\n\n\n\n<h2 class=\"gb-headline gb-headline-e97532ac gb-headline-text\">Aktuelle Blog-Beitr\u00e4ge rund um 3D-Druck:<\/h2>\n\n\n<p>[wp_show_posts id=&#8220;272130&#8243;]<\/p>\n\n\n<div class=\"gb-button-wrapper gb-button-wrapper-685c5d70\">\n\n<a class=\"gb-button gb-button-fba41bca gb-button-text\" href=\"https:\/\/vivaroi.org\/experte-fuer\/forschungsbereich-transruption\/experte-fuer-3d-druck\/\">Alle Beitr\u00e4ge zu diesem Thema lesen<\/a>\n\n<\/div>\n\n\n<hr class=\"wp-block-separator has-text-color has-alpha-channel-opacity has-background is-style-default\" style=\"background-color:#b29a36;color:#b29a36\"\/>\n\n\n\n<h2 class=\"gb-headline gb-headline-513382ea gb-headline-text\">Lassen Sie sich online zertifizieren zum <br>TRANSRUPTION<sup>\u00ae<\/sup> Manager (3D-Druck)<\/h2>\n\n\n\n<div class=\"wp-block-columns is-layout-flex wp-container-core-columns-is-layout-9d6595d7 wp-block-columns-is-layout-flex\">\n<div class=\"wp-block-column is-layout-flow wp-block-column-is-layout-flow\">\n<p>Das Digitale Zeitalter bringt sowohl f\u00fcr die Industrie als auch f\u00fcr den Vertrieb und Handel eine v\u00f6llig neue wirtschaftliche Dynamik mit sich. Wer die Zeichen der Zeit erkennt und sich \u00fcber Schl\u00fcsseltechnologien und neuen digitalen Handlungsm\u00f6glichkeiten informiert, kann die Gunst der Stunde nutzen. Das Internet revolutioniert s\u00e4mtliche Lebensbereiche und stellt ganze Branchen auf den Kopf! Unternehmen, die sich nicht den neuesten Entwicklungen anpassen, riskieren ihre Existenz. Schwarzmalerei? Keineswegs.<\/p>\n\n\n\n<p><\/p>\n<\/div>\n\n\n\n<div class=\"wp-block-column is-layout-flow wp-block-column-is-layout-flow\">\n<p>Heute noch erfolgreicher Marktf\u00fchrer, morgen bereits vom Start-up \u00fcberholt, weil die Zeichen der Zeit nicht rechtzeitig erkannt wurden. Wenn Sie als Entscheider Erfolg haben wollen, m\u00fcssen Sie diese einschneidenden Ver\u00e4nderungen einordnen k\u00f6nnen, welche im 21. Jahrhundert im Rahmen der Digitalisierung auf Sie zukommen. Profitieren Sie also von den Synergien aktueller Digitaler Technologien und erfahren Sie verst\u00e4ndlich erkl\u00e4rt, wie alle diese Elemente optimal zusammen interagieren und Sie bzw. Ihr Unternehmen zum Erfolg f\u00fchren k\u00f6nnen.<\/p>\n<\/div>\n<\/div>\n\n\n<div class=\"gb-container gb-container-18d9260f\"><div class=\"gb-inside-container\">\n\n<h2 class=\"gb-headline gb-headline-b50562f1 gb-headline-text\">Mein technischer Veranstaltungspartner:<\/h2>\n\n\n\n<div class=\"wp-block-columns is-layout-flex wp-container-core-columns-is-layout-9d6595d7 wp-block-columns-is-layout-flex\">\n<div class=\"wp-block-column is-layout-flow wp-block-column-is-layout-flow\"><div class=\"wp-block-image\">\n<figure class=\"aligncenter size-medium\"><img loading=\"lazy\" decoding=\"async\" width=\"300\" height=\"225\" src=\"https:\/\/vivaroi.org\/wp-content\/uploads\/2022\/08\/edbia-logo-300x225.png\" alt=\"\" class=\"wp-image-280392\" srcset=\"https:\/\/risawave.org\/wp-content\/uploads\/2022\/08\/edbia-logo-300x225.png 300w, https:\/\/risawave.org\/wp-content\/uploads\/2022\/08\/edbia-logo-1024x768.png 1024w, https:\/\/risawave.org\/wp-content\/uploads\/2022\/08\/edbia-logo-768x576.png 768w, https:\/\/risawave.org\/wp-content\/uploads\/2022\/08\/edbia-logo-1536x1152.png 1536w, https:\/\/risawave.org\/wp-content\/uploads\/2022\/08\/edbia-logo-16x12.png 16w, https:\/\/risawave.org\/wp-content\/uploads\/2022\/08\/edbia-logo.png 2000w\" sizes=\"auto, (max-width: 300px) 100vw, 300px\" \/><\/figure>\n<\/div>\n\n\n<figure class=\"wp-block-image size-full\"><img loading=\"lazy\" decoding=\"async\" width=\"750\" height=\"540\" src=\"https:\/\/risawave.org\/wp-content\/uploads\/2023\/02\/abschluss-1.png\" alt=\"\" class=\"wp-image-297545\" srcset=\"https:\/\/risawave.org\/wp-content\/uploads\/2023\/02\/abschluss-1.png 750w, https:\/\/risawave.org\/wp-content\/uploads\/2023\/02\/abschluss-1-300x216.png 300w, https:\/\/risawave.org\/wp-content\/uploads\/2023\/02\/abschluss-1-18x12.png 18w\" sizes=\"auto, (max-width: 750px) 100vw, 750px\" \/><\/figure>\n\n\n\n<hr class=\"wp-block-separator has-alpha-channel-opacity\"\/>\n\n\n\n<h2 class=\"gb-headline gb-headline-2135c401 gb-headline-text\">Sie wollen nur das eBook? Jetzt bei AMAZON anschauen:<\/h2>\n\n\n\n<center><a href=\"https:\/\/www.amazon.de\/3D-Druck-F%C3%BChrungskr%C3%A4fte-TRANSRUPTION-Werkzeugkasten-Digitalisierung-ebook\/dp\/B0BJW6QHWF?crid=3T7MHEN72SZ3A&#038;keywords=transruption+3d+druck&#038;qid=1675323300&#038;sprefix=transruption+3ddruck%2Caps%2C80&#038;sr=8-2&#038;linkCode=li3&#038;tag=sauldie-21&#038;linkId=34724469dde5c8febe005d424e29af5b&#038;language=de_DE&#038;ref_=as_li_ss_il\" target=\"_blank\" rel=\"noopener\"><img decoding=\"async\" border=\"0\" src=\"\/\/ws-eu.amazon-adsystem.com\/widgets\/q?_encoding=UTF8&#038;ASIN=B0BJW6QHWF&#038;Format=_SL250_&#038;ID=AsinImage&#038;MarketPlace=DE&#038;ServiceVersion=20070822&#038;WS=1&#038;tag=sauldie-21&#038;language=de_DE\" ><\/a><img loading=\"lazy\" decoding=\"async\" src=\"https:\/\/ir-de.amazon-adsystem.com\/e\/ir?t=sauldie-21&#038;language=de_DE&#038;l=li3&#038;o=3&#038;a=B0BJW6QHWF\" width=\"1\" height=\"1\" border=\"0\" alt=\"\" style=\"border:none !important; margin:0px !important;\" \/><\/center>\n<\/div>\n\n\n\n<div class=\"wp-block-column is-layout-flow wp-block-column-is-layout-flow\">\n<p>Ich arbeite mit der EDBIA zusammen im Bereich Online Trainings rund um die Themen der Digitalisierung. EDBIA \u00fcbernimmt die gesamte Verwaltung, Buchungen, Buchhaltung und Abwicklung, um mich zu entlasten.<\/p>\n\n\n\n<p><strong>Diese Zertifizierung wird im Auftrag der EDBIA durchgef\u00fchrt. Wenn Sie einen Gutschein-Code haben, dann k\u00f6nnen Sie diesen im Bestellvorgang an der Kasse eingeben!<\/strong><\/p>\n\n\n<div class=\"gb-button-wrapper gb-button-wrapper-fe80bda4\">\n\n<a class=\"gb-button gb-button-e66b3912 gb-button-text\" href=\"https:\/\/edbia.newzenler.com\/courses\/3ddruck\" target=\"_blank\" rel=\"noopener noreferrer\">Jetzt weitere Details abrufen!<\/a>\n\n<\/div>\n\n\n<p><\/p>\n\n\n\n<p><strong>Ihr Dozent: <\/strong><\/p>\n\n\n\n<p>Ich werde Sie im Auftrag der EDBIA durch den Online Workshop begleiten und in ca. 60-90 Minuten alles auf den Punkt bringen, was Sie zu dem jeweiligen Thema ben\u00f6tigen, um die richtigen Entscheidungen f\u00fcr die Zukunft Ihres Unternehmens zu treffen. <\/p>\n\n\n\n<p>Die Digitale Transformation und Digitale Disruption sind in aller Munde.<strong>Das Ergebnis meines Studiums am MIT Management Sloan School \u2013 die Verkn\u00fcpfung beider Ver\u00e4nderungen, f\u00fchrten zur Entwicklung von TRANSRUPTION\u00ae<\/strong>, die alle 24 digitalen Trends miteinander verbindet und in eine koh\u00e4rente Digitalisierungsstrategie packt. Sie erhalten also die Informationen direkt vom Entwickler der Strategie. <\/p>\n\n\n\n<p>Sie erhalten Zugriff auf die Lernplattform, um dort das Online-Training zu absolvieren, ein E-Book zum Thema herunterzuladen sowie um sich dort zertifizieren zu k\u00f6nnen (sowie viele weitere exklusive Informationen!)<\/p>\n<\/div>\n<\/div>\n\n<\/div><\/div>","protected":false},"excerpt":{"rendered":"<p>Aktuelle Blog-Beitr\u00e4ge rund um 3D-Druck: Lassen Sie sich online zertifizieren zum TRANSRUPTION\u00ae Manager (3D-Druck) Das Digitale Zeitalter bringt sowohl f\u00fcr die Industrie als auch f\u00fcr den Vertrieb und Handel eine v\u00f6llig neue wirtschaftliche Dynamik mit sich. Wer die Zeichen der Zeit erkennt und sich \u00fcber Schl\u00fcsseltechnologien und neuen digitalen Handlungsm\u00f6glichkeiten informiert, kann die Gunst der &#8230; <a title=\"3D printing\" class=\"read-more\" href=\"https:\/\/risawave.org\/en\/experte\/3d-druck\/\" aria-label=\"Read more about 3D-Druck\">Read more<\/a><\/p>","protected":false},"author":2,"featured_media":0,"parent":263091,"menu_order":1,"comment_status":"closed","ping_status":"closed","template":"","meta":{"footnotes":""},"class_list":{"0":"post-272794","1":"page","2":"type-page","3":"status-publish","5":"page_cat-unsortiert"},"yoast_head":"<!-- This site is optimized with the Yoast SEO Premium plugin v27.2 (Yoast SEO v27.2) - https:\/\/yoast.com\/product\/yoast-seo-premium-wordpress\/ -->\n<title>3D-Druck - Unternehmen strategisch Digitalisieren.<\/title>\n<meta name=\"description\" content=\"3D-Druck - Alles, was Entscheider \u00fcber diese Technologie wissen m\u00fcssen. Ein Experte - 24 Themen - Transruption\" \/>\n<meta name=\"robots\" content=\"index, follow, max-snippet:-1, max-image-preview:large, max-video-preview:-1\" \/>\n<link rel=\"canonical\" href=\"https:\/\/risawave.org\/en\/expert\/3d-printing\/\" \/>\n<meta property=\"og:locale\" content=\"en_GB\" \/>\n<meta property=\"og:type\" content=\"article\" \/>\n<meta property=\"og:title\" content=\"3D-Druck\" \/>\n<meta property=\"og:description\" content=\"3D-Druck - Alles, was Entscheider \u00fcber diese Technologie wissen m\u00fcssen. Ein Experte - 24 Themen - Transruption\" \/>\n<meta property=\"og:url\" content=\"https:\/\/risawave.org\/en\/expert\/3d-printing\/\" \/>\n<meta property=\"og:site_name\" content=\"risawave.org\" \/>\n<meta property=\"og:image\" content=\"https:\/\/risawave.org\/wp-content\/uploads\/2020\/07\/experte-3d-druck-1.jpg\" \/>\n\t<meta property=\"og:image:width\" content=\"960\" \/>\n\t<meta property=\"og:image:height\" content=\"540\" \/>\n\t<meta property=\"og:image:type\" content=\"image\/jpeg\" \/>\n<meta name=\"twitter:card\" content=\"summary_large_image\" \/>\n<meta name=\"twitter:label1\" content=\"Estimated reading time\" \/>\n\t<meta name=\"twitter:data1\" content=\"4 minutes\" \/>\n<script type=\"application\/ld+json\" class=\"yoast-schema-graph\">{\"@context\":\"https:\/\/schema.org\",\"@graph\":[{\"@type\":\"WebPage\",\"@id\":\"https:\/\/risawave.org\/experte\/3d-druck\/\",\"url\":\"https:\/\/risawave.org\/experte\/3d-druck\/\",\"name\":\"3D-Druck - Unternehmen strategisch Digitalisieren.\",\"isPartOf\":{\"@id\":\"https:\/\/risawave.org\/#website\"},\"primaryImageOfPage\":{\"@id\":\"https:\/\/risawave.org\/experte\/3d-druck\/#primaryimage\"},\"image\":{\"@id\":\"https:\/\/risawave.org\/experte\/3d-druck\/#primaryimage\"},\"thumbnailUrl\":\"https:\/\/vivaroi.org\/wp-content\/uploads\/2020\/07\/experte-3d-druck-1.jpg\",\"datePublished\":\"2022-07-10T12:56:27+00:00\",\"description\":\"3D-Druck - Alles, was Entscheider \u00fcber diese Technologie wissen m\u00fcssen. Ein Experte - 24 Themen - Transruption\",\"breadcrumb\":{\"@id\":\"https:\/\/risawave.org\/experte\/3d-druck\/#breadcrumb\"},\"inLanguage\":\"en-GB\",\"potentialAction\":[{\"@type\":\"ReadAction\",\"target\":[\"https:\/\/risawave.org\/experte\/3d-druck\/\"]}]},{\"@type\":\"ImageObject\",\"inLanguage\":\"en-GB\",\"@id\":\"https:\/\/risawave.org\/experte\/3d-druck\/#primaryimage\",\"url\":\"https:\/\/vivaroi.org\/wp-content\/uploads\/2020\/07\/experte-3d-druck-1.jpg\",\"contentUrl\":\"https:\/\/vivaroi.org\/wp-content\/uploads\/2020\/07\/experte-3d-druck-1.jpg\"},{\"@type\":\"BreadcrumbList\",\"@id\":\"https:\/\/risawave.org\/experte\/3d-druck\/#breadcrumb\",\"itemListElement\":[{\"@type\":\"ListItem\",\"position\":1,\"name\":\"Start\",\"item\":\"https:\/\/risawave.org\/\"},{\"@type\":\"ListItem\",\"position\":2,\"name\":\"Alle Themen\",\"item\":\"https:\/\/risawave.org\/experte\/\"},{\"@type\":\"ListItem\",\"position\":3,\"name\":\"3D-Druck\"}]},{\"@type\":\"WebSite\",\"@id\":\"https:\/\/risawave.org\/#website\",\"url\":\"https:\/\/risawave.org\/\",\"name\":\"risawave.org\",\"description\":\"\",\"publisher\":{\"@id\":\"https:\/\/risawave.org\/#organization\"},\"potentialAction\":[{\"@type\":\"SearchAction\",\"target\":{\"@type\":\"EntryPoint\",\"urlTemplate\":\"https:\/\/risawave.org\/?s={search_term_string}\"},\"query-input\":{\"@type\":\"PropertyValueSpecification\",\"valueRequired\":true,\"valueName\":\"search_term_string\"}}],\"inLanguage\":\"en-GB\"},{\"@type\":[\"Organization\",\"Place\"],\"@id\":\"https:\/\/risawave.org\/#organization\",\"name\":\"risawave.org\",\"url\":\"https:\/\/risawave.org\/\",\"logo\":{\"@id\":\"https:\/\/risawave.org\/experte\/3d-druck\/#local-main-organization-logo\"},\"image\":{\"@id\":\"https:\/\/risawave.org\/experte\/3d-druck\/#local-main-organization-logo\"},\"telephone\":[\"015140530884\"],\"openingHoursSpecification\":[],\"email\":\"office@newrella.hk\",\"faxNumber\":\"newrella Limited\"},{\"@type\":\"ImageObject\",\"inLanguage\":\"en-GB\",\"@id\":\"https:\/\/risawave.org\/experte\/3d-druck\/#local-main-organization-logo\",\"url\":\"https:\/\/risawave.org\/wp-content\/uploads\/2026\/01\/Globales-logo-scaled-1.png\",\"contentUrl\":\"https:\/\/risawave.org\/wp-content\/uploads\/2026\/01\/Globales-logo-scaled-1.png\",\"width\":2560,\"height\":2560,\"caption\":\"risawave.org\"}]}<\/script>\n<meta name=\"geo.placename\" content=\"\u8202\u574e\u89d2\" \/>\n<meta name=\"geo.region\" content=\"Hong Kong\" \/>\n<!-- \/ Yoast SEO Premium plugin. -->","yoast_head_json":{"title":"3D printing - strategically digitising companies.","description":"3D Printing - Everything decision-makers need to know about this technology. One expert - 24 topics - Disruption","robots":{"index":"index","follow":"follow","max-snippet":"max-snippet:-1","max-image-preview":"max-image-preview:large","max-video-preview":"max-video-preview:-1"},"canonical":"https:\/\/risawave.org\/en\/expert\/3d-printing\/","og_locale":"en_GB","og_type":"article","og_title":"3D-Druck","og_description":"3D-Druck - Alles, was Entscheider \u00fcber diese Technologie wissen m\u00fcssen. Ein Experte - 24 Themen - Transruption","og_url":"https:\/\/risawave.org\/en\/expert\/3d-printing\/","og_site_name":"risawave.org","og_image":[{"width":960,"height":540,"url":"https:\/\/risawave.org\/wp-content\/uploads\/2020\/07\/experte-3d-druck-1.jpg","type":"image\/jpeg"}],"twitter_card":"summary_large_image","twitter_misc":{"Estimated reading time":"4 minutes"},"schema":{"@context":"https:\/\/schema.org","@graph":[{"@type":"WebPage","@id":"https:\/\/risawave.org\/experte\/3d-druck\/","url":"https:\/\/risawave.org\/experte\/3d-druck\/","name":"3D printing - strategically digitising companies.","isPartOf":{"@id":"https:\/\/risawave.org\/#website"},"primaryImageOfPage":{"@id":"https:\/\/risawave.org\/experte\/3d-druck\/#primaryimage"},"image":{"@id":"https:\/\/risawave.org\/experte\/3d-druck\/#primaryimage"},"thumbnailUrl":"https:\/\/vivaroi.org\/wp-content\/uploads\/2020\/07\/experte-3d-druck-1.jpg","datePublished":"2022-07-10T12:56:27+00:00","description":"3D Printing - Everything decision-makers need to know about this technology. One expert - 24 topics - Disruption","breadcrumb":{"@id":"https:\/\/risawave.org\/experte\/3d-druck\/#breadcrumb"},"inLanguage":"en-GB","potentialAction":[{"@type":"ReadAction","target":["https:\/\/risawave.org\/experte\/3d-druck\/"]}]},{"@type":"ImageObject","inLanguage":"en-GB","@id":"https:\/\/risawave.org\/experte\/3d-druck\/#primaryimage","url":"https:\/\/vivaroi.org\/wp-content\/uploads\/2020\/07\/experte-3d-druck-1.jpg","contentUrl":"https:\/\/vivaroi.org\/wp-content\/uploads\/2020\/07\/experte-3d-druck-1.jpg"},{"@type":"BreadcrumbList","@id":"https:\/\/risawave.org\/experte\/3d-druck\/#breadcrumb","itemListElement":[{"@type":"ListItem","position":1,"name":"Start","item":"https:\/\/risawave.org\/"},{"@type":"ListItem","position":2,"name":"Alle Themen","item":"https:\/\/risawave.org\/experte\/"},{"@type":"ListItem","position":3,"name":"3D-Druck"}]},{"@type":"WebSite","@id":"https:\/\/risawave.org\/#website","url":"https:\/\/risawave.org\/","name":"risawave.org","description":"","publisher":{"@id":"https:\/\/risawave.org\/#organization"},"potentialAction":[{"@type":"SearchAction","target":{"@type":"EntryPoint","urlTemplate":"https:\/\/risawave.org\/?s={search_term_string}"},"query-input":{"@type":"PropertyValueSpecification","valueRequired":true,"valueName":"search_term_string"}}],"inLanguage":"en-GB"},{"@type":["Organization","Place"],"@id":"https:\/\/risawave.org\/#organization","name":"risawave.org","url":"https:\/\/risawave.org\/","logo":{"@id":"https:\/\/risawave.org\/experte\/3d-druck\/#local-main-organization-logo"},"image":{"@id":"https:\/\/risawave.org\/experte\/3d-druck\/#local-main-organization-logo"},"telephone":["015140530884"],"openingHoursSpecification":[],"email":"office@newrella.hk","faxNumber":"newrella Limited"},{"@type":"ImageObject","inLanguage":"en-GB","@id":"https:\/\/risawave.org\/experte\/3d-druck\/#local-main-organization-logo","url":"https:\/\/risawave.org\/wp-content\/uploads\/2026\/01\/Globales-logo-scaled-1.png","contentUrl":"https:\/\/risawave.org\/wp-content\/uploads\/2026\/01\/Globales-logo-scaled-1.png","width":2560,"height":2560,"caption":"risawave.org"}]},"geo.placename":"\u8202\u574e\u89d2","geo.region":"Hong Kong"},"_links":{"self":[{"href":"https:\/\/risawave.org\/en\/wp-json\/wp\/v2\/pages\/272794","targetHints":{"allow":["GET"]}}],"collection":[{"href":"https:\/\/risawave.org\/en\/wp-json\/wp\/v2\/pages"}],"about":[{"href":"https:\/\/risawave.org\/en\/wp-json\/wp\/v2\/types\/page"}],"author":[{"embeddable":true,"href":"https:\/\/risawave.org\/en\/wp-json\/wp\/v2\/users\/2"}],"replies":[{"embeddable":true,"href":"https:\/\/risawave.org\/en\/wp-json\/wp\/v2\/comments?post=272794"}],"version-history":[{"count":0,"href":"https:\/\/risawave.org\/en\/wp-json\/wp\/v2\/pages\/272794\/revisions"}],"up":[{"embeddable":true,"href":"https:\/\/risawave.org\/en\/wp-json\/wp\/v2\/pages\/263091"}],"wp:attachment":[{"href":"https:\/\/risawave.org\/en\/wp-json\/wp\/v2\/media?parent=272794"}],"curies":[{"name":"wp","href":"https:\/\/api.w.org\/{rel}","templated":true}]}}