{"id":404,"date":"2024-09-19T03:21:25","date_gmt":"2024-09-19T01:21:25","guid":{"rendered":"https:\/\/vivaroi.org\/?page_id=404"},"modified":"2026-03-13T20:49:43","modified_gmt":"2026-03-13T19:49:43","slug":"datenschutzerklaerung","status":"publish","type":"page","link":"https:\/\/risawave.org\/de\/datenschutzerklaerung\/","title":{"rendered":"Rechtliche Information: Datenschutzerkl\u00e4rung"},"content":{"rendered":"\n<h2 class=\"wp-block-heading\">Datenschutzerkl\u00e4rung<\/h2>\n\n\n\n<h3 class=\"wp-block-heading\">1. Verantwortlicher<\/h3>\n\n\n\n<figure class=\"wp-block-image size-full\"><img loading=\"lazy\" decoding=\"async\" width=\"300\" height=\"100\" src=\"https:\/\/risawave.org\/wp-content\/uploads\/2026\/03\/legal.png\" alt=\"\" class=\"wp-image-352298\"\/><\/figure>\n\n\n\n<p>Da die Verantwortliche ihren Sitz au\u00dferhalb der Europ\u00e4ischen Union hat, jedoch ihre Dienstleistungen auch Nutzern innerhalb der Europ\u00e4ischen Union zug\u00e4nglich sein k\u00f6nnen, kann gem\u00e4\u00df <strong>Artikel 27 der Datenschutz-Grundverordnung (DSGVO)<\/strong> ein Vertreter innerhalb der Europ\u00e4ischen Union benannt werden.<\/p>\n\n\n\n<p>Dieser Vertreter dient als Ansprechpartner f\u00fcr Aufsichtsbeh\u00f6rden und betroffene Personen in der Europ\u00e4ischen Union in Bezug auf Fragen der Verarbeitung personenbezogener Daten.<\/p>\n\n\n\n<p>Anfragen zum Datenschutz k\u00f6nnen derzeit gerichtet werden an:<\/p>\n\n\n\n<figure class=\"wp-block-image size-full\"><img loading=\"lazy\" decoding=\"async\" width=\"300\" height=\"100\" src=\"https:\/\/risawave.org\/wp-content\/uploads\/2026\/03\/legal.png\" alt=\"\" class=\"wp-image-352298\"\/><\/figure>\n\n\n\n<p>Sofern gesetzlich erforderlich, wird ein Vertreter innerhalb der Europ\u00e4ischen Union benannt.<\/p>\n\n\n\n<p>Wir verpflichten uns zur Sicherheit der personenbezogenen Daten. Wir ergreifen geeignete Sicherheitsma\u00dfnahmen, um den Missbrauch von und den unbefugten Zugriff auf personenbezogene Daten zu begrenzen. Dadurch wird sichergestellt, dass nur die erforderlichen Personen Zugang zu deinen Daten hat, dass der Zugang zu den Daten gesch\u00fctzt ist und dass unsere Sicherheitsma\u00dfnahmen regelm\u00e4\u00dfig \u00fcberpr\u00fcft werden.<\/p>\n\n\n\n<p>Die von uns verwendeten Sicherheitsma\u00dfnahmen umfassen unter anderem folgende Ma\u00dfnahmen:<\/p>\n\n\n\n<ul class=\"wp-block-list\">\n<li>Erkennung von Schwachstellen<\/li>\n\n\n\n<li>HTTP Strict Transport Security und zugeh\u00f6rige Sicherheits-Header<\/li>\n\n\n\n<li>TLS \/ SSL<\/li>\n\n\n\n<li>Empfohlene Funktionen zur Seitenverst\u00e4rkung<\/li>\n<\/ul>\n\n\n\n<hr class=\"wp-block-separator has-alpha-channel-opacity\"\/>\n\n\n\n<h3 class=\"wp-block-heading\">2. Allgemeine Hinweise zur Datenverarbeitung<\/h3>\n\n\n\n<p>Wir nehmen den Schutz personenbezogener Daten sehr ernst.<br>Personenbezogene Daten werden ausschlie\u00dflich im Rahmen der gesetzlichen Vorschriften verarbeitet, insbesondere unter Ber\u00fccksichtigung der <strong>EU-Datenschutz-Grundverordnung (GDPR \/ DSGVO)<\/strong>.<\/p>\n\n\n\n<p>Personenbezogene Daten sind alle Informationen, mit denen eine Person identifiziert werden kann.<\/p>\n\n\n\n<hr class=\"wp-block-separator has-alpha-channel-opacity\"\/>\n\n\n\n<h3 class=\"wp-block-heading\">3. Erhebung von Daten beim Besuch der Website<\/h3>\n\n\n\n<p>Beim Aufruf dieser Website werden automatisch technische Informationen erfasst, z. B.:<\/p>\n\n\n\n<ul class=\"wp-block-list\">\n<li>IP-Adresse<\/li>\n\n\n\n<li>Datum und Uhrzeit des Zugriffs<\/li>\n\n\n\n<li>Browsertyp und Betriebssystem<\/li>\n\n\n\n<li>aufgerufene Seiten<\/li>\n<\/ul>\n\n\n\n<p>Diese Daten dienen ausschlie\u00dflich der <strong>technischen Bereitstellung und Sicherheit der Website<\/strong>.<\/p>\n\n\n\n<p>Rechtsgrundlage: Art. 6 Abs. 1 lit. f DSGVO (berechtigtes Interesse).<\/p>\n\n\n\n<hr class=\"wp-block-separator has-alpha-channel-opacity\"\/>\n\n\n\n<h3 class=\"wp-block-heading\">4. Kontaktaufnahme<\/h3>\n\n\n\n<p>Wenn Sie uns per E-Mail kontaktieren, werden die von Ihnen \u00fcbermittelten Daten (z. B. Name, E-Mail-Adresse und Inhalt der Anfrage) gespeichert, um Ihre Anfrage zu bearbeiten.<\/p>\n\n\n\n<p>Rechtsgrundlage: Art. 6 Abs. 1 lit. b DSGVO.<\/p>\n\n\n\n<hr class=\"wp-block-separator has-alpha-channel-opacity\"\/>\n\n\n\n<h3 class=\"wp-block-heading\">5. Weitergabe von Daten<\/h3>\n\n\n\n<p>Eine Weitergabe personenbezogener Daten erfolgt nur:<\/p>\n\n\n\n<ul class=\"wp-block-list\">\n<li>wenn dies gesetzlich erforderlich ist<\/li>\n\n\n\n<li>zur Vertragserf\u00fcllung notwendig ist<\/li>\n\n\n\n<li>oder Sie ausdr\u00fccklich eingewilligt haben<\/li>\n<\/ul>\n\n\n\n<hr class=\"wp-block-separator has-alpha-channel-opacity\"\/>\n\n\n\n<h3 class=\"wp-block-heading\">6. Internationale Daten\u00fcbermittlung<\/h3>\n\n\n\n<p>Da sich der Sitz des Unternehmens in <strong>Hong Kong<\/strong> befindet, k\u00f6nnen Daten au\u00dferhalb der Europ\u00e4ischen Union verarbeitet werden. Dabei werden angemessene Ma\u00dfnahmen getroffen, um ein angemessenes Datenschutzniveau sicherzustellen.<\/p>\n\n\n\n<hr class=\"wp-block-separator has-alpha-channel-opacity\"\/>\n\n\n\n<h3 class=\"wp-block-heading\">7. Rechte betroffener Personen<\/h3>\n\n\n\n<p>Sie haben nach der DSGVO insbesondere folgende Rechte:<\/p>\n\n\n\n<ul class=\"wp-block-list\">\n<li>Recht auf Auskunft<\/li>\n\n\n\n<li>Recht auf Berichtigung<\/li>\n\n\n\n<li>Recht auf L\u00f6schung<\/li>\n\n\n\n<li>Recht auf Einschr\u00e4nkung der Verarbeitung<\/li>\n\n\n\n<li>Recht auf Daten\u00fcbertragbarkeit<\/li>\n\n\n\n<li>Recht auf Widerspruch<\/li>\n<\/ul>\n\n\n\n<p>Anfragen k\u00f6nnen an folgende Adresse gerichtet werden:<\/p>\n\n\n\n<img loading=\"lazy\" decoding=\"async\" width=\"300\" height=\"100\" class=\"gb-media-a7dd0aa4\" alt=\"\" title=\"legal\" src=\"https:\/\/risawave.org\/wp-content\/uploads\/2026\/03\/legal.png\"\/>\n\n\n\n<hr class=\"wp-block-separator has-alpha-channel-opacity\"\/>\n\n\n\n<h3 class=\"wp-block-heading\">8. \u00c4nderungen dieser Datenschutzerkl\u00e4rung<\/h3>\n\n\n\n<p>Wir behalten uns vor, diese Datenschutzerkl\u00e4rung zu aktualisieren, um sie an ge\u00e4nderte rechtliche Anforderungen oder neue Dienstleistungen anzupassen.<\/p>\n\n\n\n<p><\/p>\n","protected":false},"excerpt":{"rendered":"<p>Datenschutzerkl\u00e4rung 1. Verantwortlicher Da die Verantwortliche ihren Sitz au\u00dferhalb der Europ\u00e4ischen Union hat, jedoch ihre Dienstleistungen auch Nutzern innerhalb der Europ\u00e4ischen Union zug\u00e4nglich sein k\u00f6nnen, kann gem\u00e4\u00df Artikel 27 der Datenschutz-Grundverordnung (DSGVO) ein Vertreter innerhalb der Europ\u00e4ischen Union benannt werden. Dieser Vertreter dient als Ansprechpartner f\u00fcr Aufsichtsbeh\u00f6rden und betroffene Personen in der Europ\u00e4ischen Union in &#8230; <a title=\"Rechtliche Information: Datenschutzerkl\u00e4rung\" class=\"read-more\" href=\"https:\/\/risawave.org\/de\/datenschutzerklaerung\/\" aria-label=\"Mehr Informationen \u00fcber Rechtliche Information: Datenschutzerkl\u00e4rung\">Weiterlesen &#8230;<\/a><\/p>\n","protected":false},"author":2,"featured_media":0,"parent":0,"menu_order":0,"comment_status":"closed","ping_status":"closed","template":"","meta":{"footnotes":""},"class_list":{"0":"post-404","1":"page","2":"type-page","3":"status-publish","5":"page_cat-rechtliche-seiten"},"yoast_head":"<!-- This site is optimized with the Yoast SEO Premium plugin v27.5 (Yoast SEO v27.5) - https:\/\/yoast.com\/product\/yoast-seo-premium-wordpress\/ -->\n<title>Rechtliche Information: Datenschutzerkl\u00e4rung - risawave.org<\/title>\n<meta name=\"robots\" content=\"index, follow, max-snippet:-1, max-image-preview:large, max-video-preview:-1\" \/>\n<link rel=\"canonical\" href=\"https:\/\/risawave.org\/de\/datenschutzerklaerung\/\" \/>\n<meta property=\"og:locale\" content=\"de_DE\" \/>\n<meta property=\"og:type\" content=\"article\" \/>\n<meta property=\"og:title\" content=\"Rechtliche Information: Datenschutzerkl\u00e4rung\" \/>\n<meta property=\"og:description\" content=\"Datenschutzerkl\u00e4rung 1. Verantwortlicher Da die Verantwortliche ihren Sitz au\u00dferhalb der Europ\u00e4ischen Union hat, jedoch ihre Dienstleistungen auch Nutzern innerhalb der Europ\u00e4ischen Union zug\u00e4nglich sein k\u00f6nnen, kann gem\u00e4\u00df Artikel 27 der Datenschutz-Grundverordnung (DSGVO) ein Vertreter innerhalb der Europ\u00e4ischen Union benannt werden. Dieser Vertreter dient als Ansprechpartner f\u00fcr Aufsichtsbeh\u00f6rden und betroffene Personen in der Europ\u00e4ischen Union in ... Weiterlesen ...\" \/>\n<meta property=\"og:url\" content=\"https:\/\/risawave.org\/de\/datenschutzerklaerung\/\" \/>\n<meta property=\"og:site_name\" content=\"risawave.org\" \/>\n<meta property=\"article:modified_time\" content=\"2026-03-13T19:49:43+00:00\" \/>\n<meta property=\"og:image\" content=\"https:\/\/risawave.org\/wp-content\/uploads\/2026\/03\/legal.png\" \/>\n<meta name=\"twitter:card\" content=\"summary_large_image\" \/>\n<meta name=\"twitter:label1\" content=\"Gesch\u00e4tzte Lesezeit\" \/>\n\t<meta name=\"twitter:data1\" content=\"3\u00a0Minuten\" \/>\n<script type=\"application\/ld+json\" class=\"yoast-schema-graph\">{\"@context\":\"https:\\\/\\\/schema.org\",\"@graph\":[{\"@type\":\"WebPage\",\"@id\":\"https:\\\/\\\/risawave.org\\\/datenschutzerklaerung\\\/\",\"url\":\"https:\\\/\\\/risawave.org\\\/datenschutzerklaerung\\\/\",\"name\":\"Rechtliche Information: Datenschutzerkl\u00e4rung - risawave.org\",\"isPartOf\":{\"@id\":\"https:\\\/\\\/risawave.org\\\/#website\"},\"primaryImageOfPage\":{\"@id\":\"https:\\\/\\\/risawave.org\\\/datenschutzerklaerung\\\/#primaryimage\"},\"image\":{\"@id\":\"https:\\\/\\\/risawave.org\\\/datenschutzerklaerung\\\/#primaryimage\"},\"thumbnailUrl\":\"https:\\\/\\\/risawave.org\\\/wp-content\\\/uploads\\\/2026\\\/03\\\/legal.png\",\"datePublished\":\"2024-09-19T01:21:25+00:00\",\"dateModified\":\"2026-03-13T19:49:43+00:00\",\"breadcrumb\":{\"@id\":\"https:\\\/\\\/risawave.org\\\/datenschutzerklaerung\\\/#breadcrumb\"},\"inLanguage\":\"de\",\"potentialAction\":[{\"@type\":\"ReadAction\",\"target\":[\"https:\\\/\\\/risawave.org\\\/datenschutzerklaerung\\\/\"]}]},{\"@type\":\"ImageObject\",\"inLanguage\":\"de\",\"@id\":\"https:\\\/\\\/risawave.org\\\/datenschutzerklaerung\\\/#primaryimage\",\"url\":\"https:\\\/\\\/risawave.org\\\/wp-content\\\/uploads\\\/2026\\\/03\\\/legal.png\",\"contentUrl\":\"https:\\\/\\\/risawave.org\\\/wp-content\\\/uploads\\\/2026\\\/03\\\/legal.png\"},{\"@type\":\"BreadcrumbList\",\"@id\":\"https:\\\/\\\/risawave.org\\\/datenschutzerklaerung\\\/#breadcrumb\",\"itemListElement\":[{\"@type\":\"ListItem\",\"position\":1,\"name\":\"Start\",\"item\":\"https:\\\/\\\/risawave.org\\\/\"},{\"@type\":\"ListItem\",\"position\":2,\"name\":\"Rechtliche Information: Datenschutzerkl\u00e4rung\"}]},{\"@type\":\"WebSite\",\"@id\":\"https:\\\/\\\/risawave.org\\\/#website\",\"url\":\"https:\\\/\\\/risawave.org\\\/\",\"name\":\"risawave.org\",\"description\":\"\",\"publisher\":{\"@id\":\"https:\\\/\\\/risawave.org\\\/#organization\"},\"potentialAction\":[{\"@type\":\"SearchAction\",\"target\":{\"@type\":\"EntryPoint\",\"urlTemplate\":\"https:\\\/\\\/risawave.org\\\/?s={search_term_string}\"},\"query-input\":{\"@type\":\"PropertyValueSpecification\",\"valueRequired\":true,\"valueName\":\"search_term_string\"}}],\"inLanguage\":\"de\"},{\"@type\":[\"Organization\",\"Place\"],\"@id\":\"https:\\\/\\\/risawave.org\\\/#organization\",\"name\":\"risawave.org\",\"url\":\"https:\\\/\\\/risawave.org\\\/\",\"logo\":{\"@id\":\"https:\\\/\\\/risawave.org\\\/datenschutzerklaerung\\\/#local-main-organization-logo\"},\"image\":{\"@id\":\"https:\\\/\\\/risawave.org\\\/datenschutzerklaerung\\\/#local-main-organization-logo\"},\"telephone\":[\"015140530884\"],\"openingHoursSpecification\":[],\"email\":\"office@newrella.hk\",\"faxNumber\":\"newrella Limited\"},{\"@type\":\"ImageObject\",\"inLanguage\":\"de\",\"@id\":\"https:\\\/\\\/risawave.org\\\/datenschutzerklaerung\\\/#local-main-organization-logo\",\"url\":\"https:\\\/\\\/risawave.org\\\/wp-content\\\/uploads\\\/2026\\\/01\\\/Globales-logo-scaled-1.png\",\"contentUrl\":\"https:\\\/\\\/risawave.org\\\/wp-content\\\/uploads\\\/2026\\\/01\\\/Globales-logo-scaled-1.png\",\"width\":2560,\"height\":2560,\"caption\":\"risawave.org\"}]}<\/script>\n<meta name=\"geo.placename\" content=\"\u8202\u574e\u89d2\" \/>\n<meta name=\"geo.region\" content=\"Hong Kong\" \/>\n<!-- \/ Yoast SEO Premium plugin. -->","yoast_head_json":{"title":"Rechtliche Information: Datenschutzerkl\u00e4rung - risawave.org","robots":{"index":"index","follow":"follow","max-snippet":"max-snippet:-1","max-image-preview":"max-image-preview:large","max-video-preview":"max-video-preview:-1"},"canonical":"https:\/\/risawave.org\/de\/datenschutzerklaerung\/","og_locale":"de_DE","og_type":"article","og_title":"Rechtliche Information: Datenschutzerkl\u00e4rung","og_description":"Datenschutzerkl\u00e4rung 1. Verantwortlicher Da die Verantwortliche ihren Sitz au\u00dferhalb der Europ\u00e4ischen Union hat, jedoch ihre Dienstleistungen auch Nutzern innerhalb der Europ\u00e4ischen Union zug\u00e4nglich sein k\u00f6nnen, kann gem\u00e4\u00df Artikel 27 der Datenschutz-Grundverordnung (DSGVO) ein Vertreter innerhalb der Europ\u00e4ischen Union benannt werden. Dieser Vertreter dient als Ansprechpartner f\u00fcr Aufsichtsbeh\u00f6rden und betroffene Personen in der Europ\u00e4ischen Union in ... Weiterlesen ...","og_url":"https:\/\/risawave.org\/de\/datenschutzerklaerung\/","og_site_name":"risawave.org","article_modified_time":"2026-03-13T19:49:43+00:00","og_image":[{"url":"https:\/\/risawave.org\/wp-content\/uploads\/2026\/03\/legal.png","type":"","width":"","height":""}],"twitter_card":"summary_large_image","twitter_misc":{"Gesch\u00e4tzte Lesezeit":"3\u00a0Minuten"},"schema":{"@context":"https:\/\/schema.org","@graph":[{"@type":"WebPage","@id":"https:\/\/risawave.org\/datenschutzerklaerung\/","url":"https:\/\/risawave.org\/datenschutzerklaerung\/","name":"Rechtliche Information: Datenschutzerkl\u00e4rung - risawave.org","isPartOf":{"@id":"https:\/\/risawave.org\/#website"},"primaryImageOfPage":{"@id":"https:\/\/risawave.org\/datenschutzerklaerung\/#primaryimage"},"image":{"@id":"https:\/\/risawave.org\/datenschutzerklaerung\/#primaryimage"},"thumbnailUrl":"https:\/\/risawave.org\/wp-content\/uploads\/2026\/03\/legal.png","datePublished":"2024-09-19T01:21:25+00:00","dateModified":"2026-03-13T19:49:43+00:00","breadcrumb":{"@id":"https:\/\/risawave.org\/datenschutzerklaerung\/#breadcrumb"},"inLanguage":"de","potentialAction":[{"@type":"ReadAction","target":["https:\/\/risawave.org\/datenschutzerklaerung\/"]}]},{"@type":"ImageObject","inLanguage":"de","@id":"https:\/\/risawave.org\/datenschutzerklaerung\/#primaryimage","url":"https:\/\/risawave.org\/wp-content\/uploads\/2026\/03\/legal.png","contentUrl":"https:\/\/risawave.org\/wp-content\/uploads\/2026\/03\/legal.png"},{"@type":"BreadcrumbList","@id":"https:\/\/risawave.org\/datenschutzerklaerung\/#breadcrumb","itemListElement":[{"@type":"ListItem","position":1,"name":"Start","item":"https:\/\/risawave.org\/"},{"@type":"ListItem","position":2,"name":"Rechtliche Information: Datenschutzerkl\u00e4rung"}]},{"@type":"WebSite","@id":"https:\/\/risawave.org\/#website","url":"https:\/\/risawave.org\/","name":"risawave.org","description":"","publisher":{"@id":"https:\/\/risawave.org\/#organization"},"potentialAction":[{"@type":"SearchAction","target":{"@type":"EntryPoint","urlTemplate":"https:\/\/risawave.org\/?s={search_term_string}"},"query-input":{"@type":"PropertyValueSpecification","valueRequired":true,"valueName":"search_term_string"}}],"inLanguage":"de"},{"@type":["Organization","Place"],"@id":"https:\/\/risawave.org\/#organization","name":"risawave.org","url":"https:\/\/risawave.org\/","logo":{"@id":"https:\/\/risawave.org\/datenschutzerklaerung\/#local-main-organization-logo"},"image":{"@id":"https:\/\/risawave.org\/datenschutzerklaerung\/#local-main-organization-logo"},"telephone":["015140530884"],"openingHoursSpecification":[],"email":"office@newrella.hk","faxNumber":"newrella Limited"},{"@type":"ImageObject","inLanguage":"de","@id":"https:\/\/risawave.org\/datenschutzerklaerung\/#local-main-organization-logo","url":"https:\/\/risawave.org\/wp-content\/uploads\/2026\/01\/Globales-logo-scaled-1.png","contentUrl":"https:\/\/risawave.org\/wp-content\/uploads\/2026\/01\/Globales-logo-scaled-1.png","width":2560,"height":2560,"caption":"risawave.org"}]},"geo.placename":"\u8202\u574e\u89d2","geo.region":"Hong Kong"},"_links":{"self":[{"href":"https:\/\/risawave.org\/de\/wp-json\/wp\/v2\/pages\/404","targetHints":{"allow":["GET"]}}],"collection":[{"href":"https:\/\/risawave.org\/de\/wp-json\/wp\/v2\/pages"}],"about":[{"href":"https:\/\/risawave.org\/de\/wp-json\/wp\/v2\/types\/page"}],"author":[{"embeddable":true,"href":"https:\/\/risawave.org\/de\/wp-json\/wp\/v2\/users\/2"}],"replies":[{"embeddable":true,"href":"https:\/\/risawave.org\/de\/wp-json\/wp\/v2\/comments?post=404"}],"version-history":[{"count":10,"href":"https:\/\/risawave.org\/de\/wp-json\/wp\/v2\/pages\/404\/revisions"}],"predecessor-version":[{"id":352339,"href":"https:\/\/risawave.org\/de\/wp-json\/wp\/v2\/pages\/404\/revisions\/352339"}],"wp:attachment":[{"href":"https:\/\/risawave.org\/de\/wp-json\/wp\/v2\/media?parent=404"}],"curies":[{"name":"wp","href":"https:\/\/api.w.org\/{rel}","templated":true}]}}