{"id":355290,"date":"2026-03-15T23:13:44","date_gmt":"2026-03-15T22:13:44","guid":{"rendered":"https:\/\/risawave.org\/?page_id=355290"},"modified":"2026-03-15T23:15:38","modified_gmt":"2026-03-15T22:15:38","slug":"risawave-risawave-media","status":"publish","type":"page","link":"https:\/\/risawave.org\/de\/risawave-risawave-media\/","title":{"rendered":"risawave: risawave Media"},"content":{"rendered":"\n<h2 class=\"wp-block-heading has-text-align-center\" id=\"h-risawave-ist-ein-ort-fur-menschen-die-fuhren-entscheiden-und-begleiten-im-beruf-wie-im-leben-hier-entstehen-geschichten-wissen-und-neue-perspektiven-die-zum-innehalten-einladen-orientierung-geben-und-denken-in-bewegung-bringen\">risawave ist ein Ort f\u00fcr Menschen, die f\u00fchren, entscheiden und begleiten \u2013 im Beruf wie im Leben. Hier entstehen Geschichten, Wissen und neue Perspektiven, die zum Innehalten einladen, Orientierung geben und Denken in Bewegung bringen.<\/h2>\n\n\n\n<div class=\"wp-block-columns is-layout-flex wp-container-core-columns-is-layout-9d6595d7 wp-block-columns-is-layout-flex\">\n<div class=\"wp-block-column is-layout-flow wp-block-column-is-layout-flow\"><div class=\"wp-block-image\">\n<figure class=\"alignleft size-large is-resized\"><img decoding=\"async\" src=\"https:\/\/sauldie.org\/wp-content\/uploads\/2026\/01\/risawave-Podcast-logo-1024x1024.png\" alt=\"\" class=\"wp-image-351909\" style=\"width:50px\"\/><\/figure>\n<\/div>\n\n\n<p class=\"gb-text gb-text-991425f9\">risawave Business Podcasts besch\u00e4ftigen sich mit dem Thema Mensch und Digitalisierung in Zusammenarbeit mit renomierten Experten aus aller Welt.<\/p>\n\n\n\n<div class=\"wp-block-buttons is-content-justification-center is-layout-flex wp-container-core-buttons-is-layout-16018d1d wp-block-buttons-is-layout-flex\">\n<div class=\"wp-block-button has-custom-width wp-block-button__width-100 is-style-fill\"><a class=\"wp-block-button__link has-iroi-gruen-background-color has-background has-medium-font-size has-text-align-center has-custom-font-size wp-element-button\" href=\"https:\/\/open.spotify.com\/show\/1OMzrUnO3GiAwz5auOkRcp\" style=\"border-radius:0px\" target=\"_blank\" rel=\"noreferrer noopener\">Jetzt anh\u00f6ren auf Spotify<\/a><\/div>\n\n\n\n<div class=\"wp-block-button has-custom-width wp-block-button__width-100 is-style-fill\"><a class=\"wp-block-button__link has-transruption-rot-background-color has-background has-medium-font-size has-custom-font-size wp-element-button\" href=\"https:\/\/youtube.com\/playlist?list=PLO86NNSVVAF0Zy-Z8IRG4ODyrKAk3q6I_&amp;si=ofn0TFtPvO8xZjd7\" style=\"border-radius:0px\">Jetzt anh\u00f6ren auf Youtube<\/a><\/div>\n<\/div>\n<\/div>\n\n\n\n<div class=\"wp-block-column is-layout-flow wp-block-column-is-layout-flow\"><div class=\"wp-block-image\">\n<figure class=\"alignleft size-large is-resized\"><img decoding=\"async\" src=\"https:\/\/sauldie.org\/wp-content\/uploads\/2026\/01\/Musik-Logo-1024x1024.png\" alt=\"\" class=\"wp-image-351919\" style=\"width:50px\"\/><\/figure>\n<\/div>\n\n\n<p class=\"gb-text gb-text-9db7ac49\">risawave Musik entsteht im Spannungsfeld von Mensch, Technologie und Zeitgeist \u2013 gemeinsam mit internationalen K\u00fcnstlern und Kreativen.<\/p>\n\n\n\n<div class=\"wp-block-buttons is-content-justification-center is-layout-flex wp-container-core-buttons-is-layout-16018d1d wp-block-buttons-is-layout-flex\">\n<div class=\"wp-block-button has-custom-width wp-block-button__width-100 is-style-fill\"><a class=\"wp-block-button__link has-contrast-color has-vedaviva-gold-background-color has-text-color has-background has-link-color has-medium-font-size has-custom-font-size wp-element-button\" href=\"https:\/\/risawave.hearnow.com\/\" style=\"border-radius:0px\" target=\"_blank\" rel=\"noreferrer noopener\">Band Risawave anh\u00f6ren (alle Kan\u00e4le)<\/a><\/div>\n\n\n\n<div class=\"wp-block-button has-custom-width wp-block-button__width-100 is-style-fill\"><a class=\"wp-block-button__link has-iroi-gruen-background-color has-background has-medium-font-size has-text-align-center has-custom-font-size wp-element-button\" href=\"https:\/\/open.spotify.com\/intl-de\/artist\/4Vr5o8pkS5fjGjK6na8dgn\" style=\"border-radius:0px\">S\u00e4nger raDJscha: anh\u00f6ren (alle Kan\u00e4le)<\/a><\/div>\n\n\n\n<div class=\"wp-block-button has-custom-width wp-block-button__width-100 is-style-fill\"><a class=\"wp-block-button__link has-transruption-rot-background-color has-background has-medium-font-size has-custom-font-size wp-element-button\" href=\"https:\/\/www.youtube.com\/playlist?list=PLO86NNSVVAF1pQM8H13rkxbtRZxcytofY\" style=\"border-radius:0px\" target=\"_blank\" rel=\"noreferrer noopener\">Jetzt Musik-Videos anschauen auf Youtube<\/a><\/div>\n<\/div>\n<\/div>\n<\/div>\n\n\n\n<div class=\"wp-block-columns is-layout-flex wp-container-core-columns-is-layout-9d6595d7 wp-block-columns-is-layout-flex\">\n<div class=\"wp-block-column is-layout-flow wp-block-column-is-layout-flow\"><div class=\"wp-block-image\">\n<figure class=\"alignleft size-large is-resized\"><img decoding=\"async\" src=\"https:\/\/sauldie.org\/wp-content\/uploads\/2026\/01\/Verlag-Rosa-Immergruen-1024x1024.png\" alt=\"\" class=\"wp-image-351928\" style=\"width:50px\"\/><\/figure>\n<\/div>\n\n\n<p class=\"gb-text gb-text-d32f6980\">Rosa Immergr\u00fcn: Das Kinderbuch, das Kinder st\u00e4rkt und Eltern begeistert: Im zauberhaften Neflental, wo W\u00e4lder fl\u00fcstern und Fl\u00fcsse glitzern, w\u00e4chst Rosa Immergr\u00fcn beh\u00fctet auf. Eine geheimnisvolle Kette mit einem leuchtenden Eichenblatt zeigt: Rosa ist Teil einer Geschichte, die gr\u00f6\u00dfer ist als sie selbst.<\/p>\n\n\n\n<div class=\"wp-block-buttons is-content-justification-center is-layout-flex wp-container-core-buttons-is-layout-16018d1d wp-block-buttons-is-layout-flex\">\n<div class=\"wp-block-button has-custom-width wp-block-button__width-100 is-style-fill\"><a class=\"wp-block-button__link has-accent-2-background-color has-background has-medium-font-size has-text-align-center has-custom-font-size wp-element-button\" href=\"https:\/\/ebay.us\/m\/TkBwuW\" style=\"border-radius:0px\" target=\"_blank\" rel=\"noreferrer noopener\">Jetzt online bestellen &#8211; Mike&#8217;s Buchreich<\/a><\/div>\n\n\n\n<div class=\"wp-block-button has-custom-width wp-block-button__width-100 is-style-fill\"><a class=\"wp-block-button__link has-background has-medium-font-size has-text-align-center has-custom-font-size wp-element-button\" href=\"https:\/\/sauldie.org\/de\/rosa-immergruen-buecher-hier-kaufen\/\" style=\"border-radius:0px;background-color:#98000a\" target=\"_blank\" rel=\"noreferrer noopener\">Jetzt live einkaufen beim ausgew\u00e4hlten REWE-M\u00e4rkten<\/a><\/div>\n\n\n\n<div class=\"wp-block-button has-custom-width wp-block-button__width-100 is-style-fill\"><a class=\"wp-block-button__link has-contrast-background-color has-background has-medium-font-size has-text-align-center has-custom-font-size wp-element-button\" href=\"https:\/\/open.spotify.com\/show\/1OMzrUnO3GiAwz5auOkRcp\" style=\"border-radius:0px\" target=\"_blank\" rel=\"noreferrer noopener\">Jetzt folgen auf tiktok<\/a><\/div>\n\n\n\n<div class=\"wp-block-button has-custom-width wp-block-button__width-100 is-style-fill\"><a class=\"wp-block-button__link has-transruption-rot-background-color has-background has-medium-font-size has-custom-font-size wp-element-button\" href=\"https:\/\/www.youtube.com\/playlist?list=PLO86NNSVVAF1giQpmtJA3mNmOJw-iH3z-\" style=\"border-radius:0px\" target=\"_blank\" rel=\"noreferrer noopener\">Adventskalender-Videos auf Youtube anschauen<\/a><\/div>\n\n\n\n<div class=\"wp-block-button has-custom-width wp-block-button__width-100 is-style-fill\"><a class=\"wp-block-button__link has-base-2-color has-text-color has-background has-link-color has-medium-font-size has-custom-font-size wp-element-button\" href=\"https:\/\/www.instagram.com\/rosa_immergruen\/\" style=\"border-radius:0px;background-color:#c42929\" target=\"_blank\" rel=\"noreferrer noopener\">Jetzt auf instagram folgen<\/a><\/div>\n\n\n\n<div class=\"wp-block-button has-custom-width wp-block-button__width-100 is-style-fill\"><a class=\"wp-block-button__link has-base-2-color has-text-color has-background has-link-color has-medium-font-size has-custom-font-size wp-element-button\" href=\"https:\/\/www.facebook.com\/rosaimmergruen\/\" style=\"border-radius:0px;background-color:#114f9b\" target=\"_blank\" rel=\"noreferrer noopener\">Jetzt auf facebook folgen<\/a><\/div>\n\n\n\n<div class=\"wp-block-button has-custom-width wp-block-button__width-100 is-style-fill\"><a class=\"wp-block-button__link has-contrast-background-color has-background has-medium-font-size has-custom-font-size wp-element-button\" href=\"https:\/\/risawave.org\/de\/entdecken-sie-die-abenteuer-von-rosa-immergruen-ein-fesselndes-kinderbuch-von-kira-kimmelmann\/\" style=\"border-radius:0px\" target=\"_blank\" rel=\"noreferrer noopener\">Autorin Kira Kimmelmann kennenlernen<\/a><\/div>\n<\/div>\n<\/div>\n\n\n\n<div class=\"wp-block-column is-layout-flow wp-block-column-is-layout-flow\"><\/div>\n<\/div>\n\n\n\n<p><\/p>\n","protected":false},"excerpt":{"rendered":"<p>risawave ist ein Ort f\u00fcr Menschen, die f\u00fchren, entscheiden und begleiten \u2013 im Beruf wie im Leben. Hier entstehen Geschichten, Wissen und neue Perspektiven, die zum Innehalten einladen, Orientierung geben und Denken in Bewegung bringen. risawave Business Podcasts besch\u00e4ftigen sich mit dem Thema Mensch und Digitalisierung in Zusammenarbeit mit renomierten Experten aus aller Welt. risawave &#8230; <a title=\"risawave: risawave Media\" class=\"read-more\" href=\"https:\/\/risawave.org\/de\/risawave-risawave-media\/\" aria-label=\"Mehr Informationen \u00fcber risawave: risawave Media\">Weiterlesen &#8230;<\/a><\/p>\n","protected":false},"author":1,"featured_media":0,"parent":0,"menu_order":0,"comment_status":"closed","ping_status":"closed","template":"","meta":{"footnotes":""},"class_list":{"0":"post-355290","1":"page","2":"type-page","3":"status-publish","5":"page_cat-risawave-seiten"},"yoast_head":"<!-- This site is optimized with the Yoast SEO Premium plugin v27.5 (Yoast SEO v27.5) - https:\/\/yoast.com\/product\/yoast-seo-premium-wordpress\/ -->\n<title>risawave: risawave Media - risawave.org<\/title>\n<meta name=\"robots\" content=\"index, follow, max-snippet:-1, max-image-preview:large, max-video-preview:-1\" \/>\n<link rel=\"canonical\" href=\"https:\/\/risawave.org\/de\/risawave-risawave-media\/\" \/>\n<meta property=\"og:locale\" content=\"de_DE\" \/>\n<meta property=\"og:type\" content=\"article\" \/>\n<meta property=\"og:title\" content=\"risawave: risawave Media\" \/>\n<meta property=\"og:description\" content=\"risawave ist ein Ort f\u00fcr Menschen, die f\u00fchren, entscheiden und begleiten \u2013 im Beruf wie im Leben. Hier entstehen Geschichten, Wissen und neue Perspektiven, die zum Innehalten einladen, Orientierung geben und Denken in Bewegung bringen. risawave Business Podcasts besch\u00e4ftigen sich mit dem Thema Mensch und Digitalisierung in Zusammenarbeit mit renomierten Experten aus aller Welt. risawave ... Weiterlesen ...\" \/>\n<meta property=\"og:url\" content=\"https:\/\/risawave.org\/de\/risawave-risawave-media\/\" \/>\n<meta property=\"og:site_name\" content=\"risawave.org\" \/>\n<meta property=\"article:modified_time\" content=\"2026-03-15T22:15:38+00:00\" \/>\n<meta property=\"og:image\" content=\"https:\/\/risawave.org\/wp-content\/uploads\/2026\/01\/Globales-logo-scaled-1.png\" \/>\n\t<meta property=\"og:image:width\" content=\"2560\" \/>\n\t<meta property=\"og:image:height\" content=\"2560\" \/>\n\t<meta property=\"og:image:type\" content=\"image\/png\" \/>\n<meta name=\"twitter:card\" content=\"summary_large_image\" \/>\n<meta name=\"twitter:label1\" content=\"Gesch\u00e4tzte Lesezeit\" \/>\n\t<meta name=\"twitter:data1\" content=\"2\u00a0Minuten\" \/>\n<script type=\"application\/ld+json\" class=\"yoast-schema-graph\">{\"@context\":\"https:\\\/\\\/schema.org\",\"@graph\":[{\"@type\":\"WebPage\",\"@id\":\"https:\\\/\\\/risawave.org\\\/risawave-risawave-media\\\/\",\"url\":\"https:\\\/\\\/risawave.org\\\/risawave-risawave-media\\\/\",\"name\":\"risawave: risawave Media - risawave.org\",\"isPartOf\":{\"@id\":\"https:\\\/\\\/risawave.org\\\/#website\"},\"primaryImageOfPage\":{\"@id\":\"https:\\\/\\\/risawave.org\\\/risawave-risawave-media\\\/#primaryimage\"},\"image\":{\"@id\":\"https:\\\/\\\/risawave.org\\\/risawave-risawave-media\\\/#primaryimage\"},\"thumbnailUrl\":\"https:\\\/\\\/sauldie.org\\\/wp-content\\\/uploads\\\/2026\\\/01\\\/risawave-Podcast-logo-1024x1024.png\",\"datePublished\":\"2026-03-15T22:13:44+00:00\",\"dateModified\":\"2026-03-15T22:15:38+00:00\",\"breadcrumb\":{\"@id\":\"https:\\\/\\\/risawave.org\\\/risawave-risawave-media\\\/#breadcrumb\"},\"inLanguage\":\"de\",\"potentialAction\":[{\"@type\":\"ReadAction\",\"target\":[\"https:\\\/\\\/risawave.org\\\/risawave-risawave-media\\\/\"]}]},{\"@type\":\"ImageObject\",\"inLanguage\":\"de\",\"@id\":\"https:\\\/\\\/risawave.org\\\/risawave-risawave-media\\\/#primaryimage\",\"url\":\"https:\\\/\\\/sauldie.org\\\/wp-content\\\/uploads\\\/2026\\\/01\\\/risawave-Podcast-logo-1024x1024.png\",\"contentUrl\":\"https:\\\/\\\/sauldie.org\\\/wp-content\\\/uploads\\\/2026\\\/01\\\/risawave-Podcast-logo-1024x1024.png\"},{\"@type\":\"BreadcrumbList\",\"@id\":\"https:\\\/\\\/risawave.org\\\/risawave-risawave-media\\\/#breadcrumb\",\"itemListElement\":[{\"@type\":\"ListItem\",\"position\":1,\"name\":\"Start\",\"item\":\"https:\\\/\\\/risawave.org\\\/\"},{\"@type\":\"ListItem\",\"position\":2,\"name\":\"risawave: risawave Media\"}]},{\"@type\":\"WebSite\",\"@id\":\"https:\\\/\\\/risawave.org\\\/#website\",\"url\":\"https:\\\/\\\/risawave.org\\\/\",\"name\":\"risawave.org\",\"description\":\"\",\"publisher\":{\"@id\":\"https:\\\/\\\/risawave.org\\\/#organization\"},\"potentialAction\":[{\"@type\":\"SearchAction\",\"target\":{\"@type\":\"EntryPoint\",\"urlTemplate\":\"https:\\\/\\\/risawave.org\\\/?s={search_term_string}\"},\"query-input\":{\"@type\":\"PropertyValueSpecification\",\"valueRequired\":true,\"valueName\":\"search_term_string\"}}],\"inLanguage\":\"de\"},{\"@type\":[\"Organization\",\"Place\"],\"@id\":\"https:\\\/\\\/risawave.org\\\/#organization\",\"name\":\"risawave.org\",\"url\":\"https:\\\/\\\/risawave.org\\\/\",\"logo\":{\"@id\":\"https:\\\/\\\/risawave.org\\\/risawave-risawave-media\\\/#local-main-organization-logo\"},\"image\":{\"@id\":\"https:\\\/\\\/risawave.org\\\/risawave-risawave-media\\\/#local-main-organization-logo\"},\"telephone\":[\"015140530884\"],\"openingHoursSpecification\":[],\"email\":\"office@newrella.hk\",\"faxNumber\":\"newrella Limited\"},{\"@type\":\"ImageObject\",\"inLanguage\":\"de\",\"@id\":\"https:\\\/\\\/risawave.org\\\/risawave-risawave-media\\\/#local-main-organization-logo\",\"url\":\"https:\\\/\\\/risawave.org\\\/wp-content\\\/uploads\\\/2026\\\/01\\\/Globales-logo-scaled-1.png\",\"contentUrl\":\"https:\\\/\\\/risawave.org\\\/wp-content\\\/uploads\\\/2026\\\/01\\\/Globales-logo-scaled-1.png\",\"width\":2560,\"height\":2560,\"caption\":\"risawave.org\"}]}<\/script>\n<meta name=\"geo.placename\" content=\"\u8202\u574e\u89d2\" \/>\n<meta name=\"geo.region\" content=\"Hong Kong\" \/>\n<!-- \/ Yoast SEO Premium plugin. -->","yoast_head_json":{"title":"risawave: risawave Media - risawave.org","robots":{"index":"index","follow":"follow","max-snippet":"max-snippet:-1","max-image-preview":"max-image-preview:large","max-video-preview":"max-video-preview:-1"},"canonical":"https:\/\/risawave.org\/de\/risawave-risawave-media\/","og_locale":"de_DE","og_type":"article","og_title":"risawave: risawave Media","og_description":"risawave ist ein Ort f\u00fcr Menschen, die f\u00fchren, entscheiden und begleiten \u2013 im Beruf wie im Leben. Hier entstehen Geschichten, Wissen und neue Perspektiven, die zum Innehalten einladen, Orientierung geben und Denken in Bewegung bringen. risawave Business Podcasts besch\u00e4ftigen sich mit dem Thema Mensch und Digitalisierung in Zusammenarbeit mit renomierten Experten aus aller Welt. risawave ... Weiterlesen ...","og_url":"https:\/\/risawave.org\/de\/risawave-risawave-media\/","og_site_name":"risawave.org","article_modified_time":"2026-03-15T22:15:38+00:00","og_image":[{"width":2560,"height":2560,"url":"https:\/\/risawave.org\/wp-content\/uploads\/2026\/01\/Globales-logo-scaled-1.png","type":"image\/png"}],"twitter_card":"summary_large_image","twitter_misc":{"Gesch\u00e4tzte Lesezeit":"2\u00a0Minuten"},"schema":{"@context":"https:\/\/schema.org","@graph":[{"@type":"WebPage","@id":"https:\/\/risawave.org\/risawave-risawave-media\/","url":"https:\/\/risawave.org\/risawave-risawave-media\/","name":"risawave: risawave Media - risawave.org","isPartOf":{"@id":"https:\/\/risawave.org\/#website"},"primaryImageOfPage":{"@id":"https:\/\/risawave.org\/risawave-risawave-media\/#primaryimage"},"image":{"@id":"https:\/\/risawave.org\/risawave-risawave-media\/#primaryimage"},"thumbnailUrl":"https:\/\/sauldie.org\/wp-content\/uploads\/2026\/01\/risawave-Podcast-logo-1024x1024.png","datePublished":"2026-03-15T22:13:44+00:00","dateModified":"2026-03-15T22:15:38+00:00","breadcrumb":{"@id":"https:\/\/risawave.org\/risawave-risawave-media\/#breadcrumb"},"inLanguage":"de","potentialAction":[{"@type":"ReadAction","target":["https:\/\/risawave.org\/risawave-risawave-media\/"]}]},{"@type":"ImageObject","inLanguage":"de","@id":"https:\/\/risawave.org\/risawave-risawave-media\/#primaryimage","url":"https:\/\/sauldie.org\/wp-content\/uploads\/2026\/01\/risawave-Podcast-logo-1024x1024.png","contentUrl":"https:\/\/sauldie.org\/wp-content\/uploads\/2026\/01\/risawave-Podcast-logo-1024x1024.png"},{"@type":"BreadcrumbList","@id":"https:\/\/risawave.org\/risawave-risawave-media\/#breadcrumb","itemListElement":[{"@type":"ListItem","position":1,"name":"Start","item":"https:\/\/risawave.org\/"},{"@type":"ListItem","position":2,"name":"risawave: risawave Media"}]},{"@type":"WebSite","@id":"https:\/\/risawave.org\/#website","url":"https:\/\/risawave.org\/","name":"risawave.org","description":"","publisher":{"@id":"https:\/\/risawave.org\/#organization"},"potentialAction":[{"@type":"SearchAction","target":{"@type":"EntryPoint","urlTemplate":"https:\/\/risawave.org\/?s={search_term_string}"},"query-input":{"@type":"PropertyValueSpecification","valueRequired":true,"valueName":"search_term_string"}}],"inLanguage":"de"},{"@type":["Organization","Place"],"@id":"https:\/\/risawave.org\/#organization","name":"risawave.org","url":"https:\/\/risawave.org\/","logo":{"@id":"https:\/\/risawave.org\/risawave-risawave-media\/#local-main-organization-logo"},"image":{"@id":"https:\/\/risawave.org\/risawave-risawave-media\/#local-main-organization-logo"},"telephone":["015140530884"],"openingHoursSpecification":[],"email":"office@newrella.hk","faxNumber":"newrella Limited"},{"@type":"ImageObject","inLanguage":"de","@id":"https:\/\/risawave.org\/risawave-risawave-media\/#local-main-organization-logo","url":"https:\/\/risawave.org\/wp-content\/uploads\/2026\/01\/Globales-logo-scaled-1.png","contentUrl":"https:\/\/risawave.org\/wp-content\/uploads\/2026\/01\/Globales-logo-scaled-1.png","width":2560,"height":2560,"caption":"risawave.org"}]},"geo.placename":"\u8202\u574e\u89d2","geo.region":"Hong Kong"},"_links":{"self":[{"href":"https:\/\/risawave.org\/de\/wp-json\/wp\/v2\/pages\/355290","targetHints":{"allow":["GET"]}}],"collection":[{"href":"https:\/\/risawave.org\/de\/wp-json\/wp\/v2\/pages"}],"about":[{"href":"https:\/\/risawave.org\/de\/wp-json\/wp\/v2\/types\/page"}],"author":[{"embeddable":true,"href":"https:\/\/risawave.org\/de\/wp-json\/wp\/v2\/users\/1"}],"replies":[{"embeddable":true,"href":"https:\/\/risawave.org\/de\/wp-json\/wp\/v2\/comments?post=355290"}],"version-history":[{"count":1,"href":"https:\/\/risawave.org\/de\/wp-json\/wp\/v2\/pages\/355290\/revisions"}],"predecessor-version":[{"id":355291,"href":"https:\/\/risawave.org\/de\/wp-json\/wp\/v2\/pages\/355290\/revisions\/355291"}],"wp:attachment":[{"href":"https:\/\/risawave.org\/de\/wp-json\/wp\/v2\/media?parent=355290"}],"curies":[{"name":"wp","href":"https:\/\/api.w.org\/{rel}","templated":true}]}}