{"id":354724,"date":"2026-03-14T16:02:04","date_gmt":"2026-03-14T15:02:04","guid":{"rendered":"https:\/\/risawave.org\/?page_id=354724&#038;preview_id=354724"},"modified":"2026-03-14T16:54:59","modified_gmt":"2026-03-14T15:54:59","slug":"risawave-kontakt-zu-rita-anna-sauldie-kueffner","status":"publish","type":"page","link":"https:\/\/risawave.org\/de\/risawave-kontakt-zu-rita-anna-sauldie-kueffner\/","title":{"rendered":"risawavekontakt: Rita Anna Sauldie-K\u00fcffner"},"content":{"rendered":"\n<h2 class=\"wp-block-heading has-text-align-center\" id=\"h-nehmen-sie-unverbindlich-kontakt-zu-rita-anna-sauldie-kuffner-auf\"><strong>Nehmen Sie unverbindlich Kontakt zu Rita Anna Sauldie-K\u00fcffner auf:<\/strong><\/h2>\n\n\n\n<div class=\"risa-form\">\n\n<form method=\"post\" action=\"https:\/\/post.risawave.org\/nl.php\">\n\n<input type=\"hidden\" name=\"MailingListId\" value=\"8\">\n<input type=\"hidden\" name=\"FormId\" value=\"1\">\n<input type=\"hidden\" name=\"FormEncoding\" value=\"utf-8\">\n<input type=\"hidden\" name=\"Action\" value=\"subscribe\">\n\n<div class=\"risa-grid\">\n\n\n<div class=\"risa-group\">\n<label for=\"u_EMail\">E-Mail-Adresse <span class=\"required\">*<\/span><\/label>\n\n<input \ntype=\"email\"\nname=\"u_EMail\"\nid=\"u_EMail\"\nrequired\noninvalid=\"this.setCustomValidity('Bitte geben Sie Ihre E-Mail-Adresse ein.')\"\noninput=\"this.setCustomValidity('')\"\n>\n\n<\/div>\n\n\n<div class=\"risa-group\">\n<label for=\"u_Firm\">Firma<\/label>\n<input type=\"text\" name=\"u_Firm\" id=\"u_Firm\">\n<\/div>\n\n\n<div class=\"risa-group\">\n<label for=\"u_Salutation\">Anrede<\/label>\n\n<select name=\"u_Salutation\" id=\"u_Salutation\">\n\n<option value=\"\">Bitte w\u00e4hlen Sie<\/option>\n<option value=\"Herr\">Herr<\/option>\n<option value=\"Frau\">Frau<\/option>\n<option value=\"Divers\">Divers<\/option>\n\n<\/select>\n\n<\/div>\n\n\n<div class=\"risa-group\">\n<label for=\"u_Profession\">Akademischer Grad<\/label>\n<input type=\"text\" name=\"u_Profession\" id=\"u_Profession\">\n<\/div>\n\n\n<div class=\"risa-group\">\n<label for=\"u_FirstName\">Vorname <span class=\"required\">*<\/span><\/label>\n\n<input \ntype=\"text\"\nname=\"u_FirstName\"\nid=\"u_FirstName\"\nrequired\noninvalid=\"this.setCustomValidity('Bitte f\u00fcllen Sie dieses Feld aus.')\"\noninput=\"this.setCustomValidity('')\"\n>\n\n<\/div>\n\n\n<div class=\"risa-group\">\n<label for=\"u_LastName\">Nachname <span class=\"required\">*<\/span><\/label>\n\n<input \ntype=\"text\"\nname=\"u_LastName\"\nid=\"u_LastName\"\nrequired\noninvalid=\"this.setCustomValidity('Bitte f\u00fcllen Sie dieses Feld aus.')\"\noninput=\"this.setCustomValidity('')\"\n>\n\n<\/div>\n\n\n<div class=\"risa-group risa-full\">\n\n<label for=\"u_Comments\">Wie kann ich Sie optimal unterst\u00fctzen?<\/label>\n\n<textarea \nname=\"u_Comments\"\nid=\"u_Comments\"\nplaceholder=\"z. B. Beratung, Vortrag, Kooperation oder eine konkrete Frage...\"\n><\/textarea>\n\n<\/div>\n\n\n<div class=\"risa-group risa-full risa-privacy\">\n\n<p>\n\nIch willige ein, dass diese Website meine \u00fcbermittelten Informationen speichert, damit meine Anfrage beantwortet werden kann.  \nMeine Daten werden mit dem jeweiligen Experten geteilt und ich willige ein, von diesem kontaktiert zu werden.\n\nDieses Einverst\u00e4ndnis k\u00f6nnen Sie jederzeit widerrufen.\n\nWeitere Informationen finden Sie in der  \n<a href=\"https:\/\/risawave.org\/datenschutzerklaerung\/\" target=\"_blank\">Datenschutzerkl\u00e4rung<\/a>.\n\n<\/p>\n\n\n<label>\n\n<input \ntype=\"checkbox\"\nname=\"PrivacyPolicyAccepted\"\nid=\"PrivacyPolicyAccepted\"\nvalue=\"1\"\nrequired\noninvalid=\"this.setCustomValidity('Bitte akzeptieren Sie die Datenschutzerkl\u00e4rung.')\"\noninput=\"this.setCustomValidity('')\"\n>\n\nIch akzeptiere die Datenschutzerkl\u00e4rung. <span class=\"required\">*<\/span>\n\n<\/label>\n\n<\/div>\n\n\n<div class=\"risa-group risa-full\">\n\n<button class=\"risa-button\" type=\"submit\">\n\nAbsenden\n\n<\/button>\n\n<\/div>\n\n\n<div class=\"risa-group risa-full risa-note\">\n\n* Pflichtfelder\n\n<\/div>\n\n\n<\/div>\n\n<\/form>\n\n<\/div>\n","protected":false},"excerpt":{"rendered":"<p>Nehmen Sie unverbindlich Kontakt zu Rita Anna Sauldie-K\u00fcffner auf: E-Mail-Adresse * Firma Anrede Bitte w\u00e4hlen SieHerrFrauDivers Akademischer Grad Vorname * Nachname * Wie kann ich Sie optimal unterst\u00fctzen? Ich willige ein, dass diese Website meine \u00fcbermittelten Informationen speichert, damit meine Anfrage beantwortet werden kann. Meine Daten werden mit dem jeweiligen Experten geteilt und ich willige &#8230; <a title=\"risawavekontakt: Rita Anna Sauldie-K\u00fcffner\" class=\"read-more\" href=\"https:\/\/risawave.org\/de\/risawave-kontakt-zu-rita-anna-sauldie-kueffner\/\" aria-label=\"Mehr Informationen \u00fcber risawavekontakt: Rita Anna Sauldie-K\u00fcffner\">Weiterlesen &#8230;<\/a><\/p>\n","protected":false},"author":3,"featured_media":0,"parent":0,"menu_order":0,"comment_status":"closed","ping_status":"closed","template":"","meta":{"footnotes":""},"class_list":{"0":"post-354724","1":"page","2":"type-page","3":"status-publish","5":"page_cat-rita-seiten"},"yoast_head":"<!-- This site is optimized with the Yoast SEO Premium plugin v27.5 (Yoast SEO v27.5) - https:\/\/yoast.com\/product\/yoast-seo-premium-wordpress\/ -->\n<title>risawavekontakt: Rita Anna Sauldie-K\u00fcffner - risawave.org<\/title>\n<meta name=\"robots\" content=\"index, follow, max-snippet:-1, max-image-preview:large, max-video-preview:-1\" \/>\n<link rel=\"canonical\" href=\"https:\/\/risawave.org\/de\/risawave-kontakt-zu-rita-anna-sauldie-kueffner\/\" \/>\n<meta property=\"og:locale\" content=\"de_DE\" \/>\n<meta property=\"og:type\" content=\"article\" \/>\n<meta property=\"og:title\" content=\"risawavekontakt: Rita Anna Sauldie-K\u00fcffner\" \/>\n<meta property=\"og:description\" content=\"Nehmen Sie unverbindlich Kontakt zu Rita Anna Sauldie-K\u00fcffner auf: E-Mail-Adresse * Firma Anrede Bitte w\u00e4hlen SieHerrFrauDivers Akademischer Grad Vorname * Nachname * Wie kann ich Sie optimal unterst\u00fctzen? Ich willige ein, dass diese Website meine \u00fcbermittelten Informationen speichert, damit meine Anfrage beantwortet werden kann. Meine Daten werden mit dem jeweiligen Experten geteilt und ich willige ... Weiterlesen ...\" \/>\n<meta property=\"og:url\" content=\"https:\/\/risawave.org\/de\/risawave-kontakt-zu-rita-anna-sauldie-kueffner\/\" \/>\n<meta property=\"og:site_name\" content=\"risawave.org\" \/>\n<meta property=\"article:modified_time\" content=\"2026-03-14T15:54:59+00:00\" \/>\n<meta property=\"og:image\" content=\"https:\/\/risawave.org\/wp-content\/uploads\/2026\/01\/Globales-logo-scaled-1.png\" \/>\n\t<meta property=\"og:image:width\" content=\"2560\" \/>\n\t<meta property=\"og:image:height\" content=\"2560\" \/>\n\t<meta property=\"og:image:type\" content=\"image\/png\" \/>\n<meta name=\"twitter:card\" content=\"summary_large_image\" \/>\n<meta name=\"twitter:label1\" content=\"Gesch\u00e4tzte Lesezeit\" \/>\n\t<meta name=\"twitter:data1\" content=\"1\u00a0Minute\" \/>\n<script type=\"application\/ld+json\" class=\"yoast-schema-graph\">{\"@context\":\"https:\\\/\\\/schema.org\",\"@graph\":[{\"@type\":\"WebPage\",\"@id\":\"https:\\\/\\\/risawave.org\\\/risawave-kontakt-zu-rita-anna-sauldie-kueffner\\\/\",\"url\":\"https:\\\/\\\/risawave.org\\\/risawave-kontakt-zu-rita-anna-sauldie-kueffner\\\/\",\"name\":\"risawavekontakt: Rita Anna Sauldie-K\u00fcffner - risawave.org\",\"isPartOf\":{\"@id\":\"https:\\\/\\\/risawave.org\\\/#website\"},\"datePublished\":\"2026-03-14T15:02:04+00:00\",\"dateModified\":\"2026-03-14T15:54:59+00:00\",\"breadcrumb\":{\"@id\":\"https:\\\/\\\/risawave.org\\\/risawave-kontakt-zu-rita-anna-sauldie-kueffner\\\/#breadcrumb\"},\"inLanguage\":\"de\",\"potentialAction\":[{\"@type\":\"ReadAction\",\"target\":[\"https:\\\/\\\/risawave.org\\\/risawave-kontakt-zu-rita-anna-sauldie-kueffner\\\/\"]}]},{\"@type\":\"BreadcrumbList\",\"@id\":\"https:\\\/\\\/risawave.org\\\/risawave-kontakt-zu-rita-anna-sauldie-kueffner\\\/#breadcrumb\",\"itemListElement\":[{\"@type\":\"ListItem\",\"position\":1,\"name\":\"Start\",\"item\":\"https:\\\/\\\/risawave.org\\\/\"},{\"@type\":\"ListItem\",\"position\":2,\"name\":\"risawavekontakt: Rita Anna Sauldie-K\u00fcffner\"}]},{\"@type\":\"WebSite\",\"@id\":\"https:\\\/\\\/risawave.org\\\/#website\",\"url\":\"https:\\\/\\\/risawave.org\\\/\",\"name\":\"risawave.org\",\"description\":\"\",\"publisher\":{\"@id\":\"https:\\\/\\\/risawave.org\\\/#organization\"},\"potentialAction\":[{\"@type\":\"SearchAction\",\"target\":{\"@type\":\"EntryPoint\",\"urlTemplate\":\"https:\\\/\\\/risawave.org\\\/?s={search_term_string}\"},\"query-input\":{\"@type\":\"PropertyValueSpecification\",\"valueRequired\":true,\"valueName\":\"search_term_string\"}}],\"inLanguage\":\"de\"},{\"@type\":[\"Organization\",\"Place\"],\"@id\":\"https:\\\/\\\/risawave.org\\\/#organization\",\"name\":\"risawave.org\",\"url\":\"https:\\\/\\\/risawave.org\\\/\",\"logo\":{\"@id\":\"https:\\\/\\\/risawave.org\\\/risawave-kontakt-zu-rita-anna-sauldie-kueffner\\\/#local-main-organization-logo\"},\"image\":{\"@id\":\"https:\\\/\\\/risawave.org\\\/risawave-kontakt-zu-rita-anna-sauldie-kueffner\\\/#local-main-organization-logo\"},\"telephone\":[\"015140530884\"],\"openingHoursSpecification\":[],\"email\":\"office@newrella.hk\",\"faxNumber\":\"newrella Limited\"},{\"@type\":\"ImageObject\",\"inLanguage\":\"de\",\"@id\":\"https:\\\/\\\/risawave.org\\\/risawave-kontakt-zu-rita-anna-sauldie-kueffner\\\/#local-main-organization-logo\",\"url\":\"https:\\\/\\\/risawave.org\\\/wp-content\\\/uploads\\\/2026\\\/01\\\/Globales-logo-scaled-1.png\",\"contentUrl\":\"https:\\\/\\\/risawave.org\\\/wp-content\\\/uploads\\\/2026\\\/01\\\/Globales-logo-scaled-1.png\",\"width\":2560,\"height\":2560,\"caption\":\"risawave.org\"}]}<\/script>\n<meta name=\"geo.placename\" content=\"\u8202\u574e\u89d2\" \/>\n<meta name=\"geo.region\" content=\"Hong Kong\" \/>\n<!-- \/ Yoast SEO Premium plugin. -->","yoast_head_json":{"title":"risawavekontakt: Rita Anna Sauldie-K\u00fcffner - risawave.org","robots":{"index":"index","follow":"follow","max-snippet":"max-snippet:-1","max-image-preview":"max-image-preview:large","max-video-preview":"max-video-preview:-1"},"canonical":"https:\/\/risawave.org\/de\/risawave-kontakt-zu-rita-anna-sauldie-kueffner\/","og_locale":"de_DE","og_type":"article","og_title":"risawavekontakt: Rita Anna Sauldie-K\u00fcffner","og_description":"Nehmen Sie unverbindlich Kontakt zu Rita Anna Sauldie-K\u00fcffner auf: E-Mail-Adresse * Firma Anrede Bitte w\u00e4hlen SieHerrFrauDivers Akademischer Grad Vorname * Nachname * Wie kann ich Sie optimal unterst\u00fctzen? Ich willige ein, dass diese Website meine \u00fcbermittelten Informationen speichert, damit meine Anfrage beantwortet werden kann. Meine Daten werden mit dem jeweiligen Experten geteilt und ich willige ... Weiterlesen ...","og_url":"https:\/\/risawave.org\/de\/risawave-kontakt-zu-rita-anna-sauldie-kueffner\/","og_site_name":"risawave.org","article_modified_time":"2026-03-14T15:54:59+00:00","og_image":[{"width":2560,"height":2560,"url":"https:\/\/risawave.org\/wp-content\/uploads\/2026\/01\/Globales-logo-scaled-1.png","type":"image\/png"}],"twitter_card":"summary_large_image","twitter_misc":{"Gesch\u00e4tzte Lesezeit":"1\u00a0Minute"},"schema":{"@context":"https:\/\/schema.org","@graph":[{"@type":"WebPage","@id":"https:\/\/risawave.org\/risawave-kontakt-zu-rita-anna-sauldie-kueffner\/","url":"https:\/\/risawave.org\/risawave-kontakt-zu-rita-anna-sauldie-kueffner\/","name":"risawavekontakt: Rita Anna Sauldie-K\u00fcffner - risawave.org","isPartOf":{"@id":"https:\/\/risawave.org\/#website"},"datePublished":"2026-03-14T15:02:04+00:00","dateModified":"2026-03-14T15:54:59+00:00","breadcrumb":{"@id":"https:\/\/risawave.org\/risawave-kontakt-zu-rita-anna-sauldie-kueffner\/#breadcrumb"},"inLanguage":"de","potentialAction":[{"@type":"ReadAction","target":["https:\/\/risawave.org\/risawave-kontakt-zu-rita-anna-sauldie-kueffner\/"]}]},{"@type":"BreadcrumbList","@id":"https:\/\/risawave.org\/risawave-kontakt-zu-rita-anna-sauldie-kueffner\/#breadcrumb","itemListElement":[{"@type":"ListItem","position":1,"name":"Start","item":"https:\/\/risawave.org\/"},{"@type":"ListItem","position":2,"name":"risawavekontakt: Rita Anna Sauldie-K\u00fcffner"}]},{"@type":"WebSite","@id":"https:\/\/risawave.org\/#website","url":"https:\/\/risawave.org\/","name":"risawave.org","description":"","publisher":{"@id":"https:\/\/risawave.org\/#organization"},"potentialAction":[{"@type":"SearchAction","target":{"@type":"EntryPoint","urlTemplate":"https:\/\/risawave.org\/?s={search_term_string}"},"query-input":{"@type":"PropertyValueSpecification","valueRequired":true,"valueName":"search_term_string"}}],"inLanguage":"de"},{"@type":["Organization","Place"],"@id":"https:\/\/risawave.org\/#organization","name":"risawave.org","url":"https:\/\/risawave.org\/","logo":{"@id":"https:\/\/risawave.org\/risawave-kontakt-zu-rita-anna-sauldie-kueffner\/#local-main-organization-logo"},"image":{"@id":"https:\/\/risawave.org\/risawave-kontakt-zu-rita-anna-sauldie-kueffner\/#local-main-organization-logo"},"telephone":["015140530884"],"openingHoursSpecification":[],"email":"office@newrella.hk","faxNumber":"newrella Limited"},{"@type":"ImageObject","inLanguage":"de","@id":"https:\/\/risawave.org\/risawave-kontakt-zu-rita-anna-sauldie-kueffner\/#local-main-organization-logo","url":"https:\/\/risawave.org\/wp-content\/uploads\/2026\/01\/Globales-logo-scaled-1.png","contentUrl":"https:\/\/risawave.org\/wp-content\/uploads\/2026\/01\/Globales-logo-scaled-1.png","width":2560,"height":2560,"caption":"risawave.org"}]},"geo.placename":"\u8202\u574e\u89d2","geo.region":"Hong Kong"},"_links":{"self":[{"href":"https:\/\/risawave.org\/de\/wp-json\/wp\/v2\/pages\/354724","targetHints":{"allow":["GET"]}}],"collection":[{"href":"https:\/\/risawave.org\/de\/wp-json\/wp\/v2\/pages"}],"about":[{"href":"https:\/\/risawave.org\/de\/wp-json\/wp\/v2\/types\/page"}],"author":[{"embeddable":true,"href":"https:\/\/risawave.org\/de\/wp-json\/wp\/v2\/users\/3"}],"replies":[{"embeddable":true,"href":"https:\/\/risawave.org\/de\/wp-json\/wp\/v2\/comments?post=354724"}],"version-history":[{"count":3,"href":"https:\/\/risawave.org\/de\/wp-json\/wp\/v2\/pages\/354724\/revisions"}],"predecessor-version":[{"id":354758,"href":"https:\/\/risawave.org\/de\/wp-json\/wp\/v2\/pages\/354724\/revisions\/354758"}],"wp:attachment":[{"href":"https:\/\/risawave.org\/de\/wp-json\/wp\/v2\/media?parent=354724"}],"curies":[{"name":"wp","href":"https:\/\/api.w.org\/{rel}","templated":true}]}}