{"id":352308,"date":"2026-03-13T20:11:59","date_gmt":"2026-03-13T19:11:59","guid":{"rendered":"https:\/\/risawave.org\/?page_id=352308&#038;preview_id=352308"},"modified":"2026-03-13T20:27:37","modified_gmt":"2026-03-13T19:27:37","slug":"rechtliche-information-eu-ai-act","status":"publish","type":"page","link":"https:\/\/risawave.org\/de\/rechtliche-information-eu-ai-act\/","title":{"rendered":"Rechtliche Information: EU AI Act"},"content":{"rendered":"\n<h2 class=\"wp-block-heading\">AI Transparency Statement (EU AI Act)<\/h2>\n\n\n\n<h3 class=\"wp-block-heading\">Einsatz von K\u00fcnstlicher Intelligenz<\/h3>\n\n\n\n<p>Einige Dienstleistungen k\u00f6nnen Systeme der <strong>K\u00fcnstlichen Intelligenz (AI)<\/strong> nutzen.<\/p>\n\n\n\n<p>Diese Systeme k\u00f6nnen verwendet werden f\u00fcr:<\/p>\n\n\n\n<ul class=\"wp-block-list\">\n<li>automatisierte Analyse von Daten<\/li>\n\n\n\n<li>Unterst\u00fctzung bei Entscheidungsprozessen<\/li>\n\n\n\n<li>Generierung von Texten, Analysen oder Empfehlungen<\/li>\n<\/ul>\n\n\n\n<hr class=\"wp-block-separator has-alpha-channel-opacity\"\/>\n\n\n\n<h3 class=\"wp-block-heading\">Transparenz<\/h3>\n\n\n\n<p>Sofern Inhalte durch KI-Systeme erzeugt oder unterst\u00fctzt werden, kann dies entsprechend gekennzeichnet werden.<\/p>\n\n\n\n<p>Unsere KI-Systeme werden so gestaltet, dass sie:<\/p>\n\n\n\n<ul class=\"wp-block-list\">\n<li>verantwortungsvoll eingesetzt werden<\/li>\n\n\n\n<li>menschliche Kontrolle erm\u00f6glichen<\/li>\n\n\n\n<li>diskriminierende oder missbr\u00e4uchliche Nutzung vermeiden<\/li>\n<\/ul>\n\n\n\n<hr class=\"wp-block-separator has-alpha-channel-opacity\"\/>\n\n\n\n<h3 class=\"wp-block-heading\">EU-Regulatorischer Rahmen<\/h3>\n\n\n\n<p>Die Entwicklung und Nutzung von KI-Systemen erfolgt unter Ber\u00fccksichtigung des <strong>EU Artificial Intelligence Act<\/strong>, soweit dieser auf unsere Dienstleistungen Anwendung findet.<\/p>\n\n\n\n<p><\/p>\n","protected":false},"excerpt":{"rendered":"<p>AI Transparency Statement (EU AI Act) Einsatz von K\u00fcnstlicher Intelligenz Einige Dienstleistungen k\u00f6nnen Systeme der K\u00fcnstlichen Intelligenz (AI) nutzen. Diese Systeme k\u00f6nnen verwendet werden f\u00fcr: Transparenz Sofern Inhalte durch KI-Systeme erzeugt oder unterst\u00fctzt werden, kann dies entsprechend gekennzeichnet werden. Unsere KI-Systeme werden so gestaltet, dass sie: EU-Regulatorischer Rahmen Die Entwicklung und Nutzung von KI-Systemen erfolgt &#8230; <a title=\"Rechtliche Information: EU AI Act\" class=\"read-more\" href=\"https:\/\/risawave.org\/de\/rechtliche-information-eu-ai-act\/\" aria-label=\"Mehr Informationen \u00fcber Rechtliche Information: EU AI Act\">Weiterlesen &#8230;<\/a><\/p>\n","protected":false},"author":1,"featured_media":0,"parent":0,"menu_order":0,"comment_status":"closed","ping_status":"closed","template":"","meta":{"footnotes":""},"class_list":{"0":"post-352308","1":"page","2":"type-page","3":"status-publish","5":"page_cat-rechtliche-seiten"},"yoast_head":"<!-- This site is optimized with the Yoast SEO Premium plugin v27.5 (Yoast SEO v27.5) - https:\/\/yoast.com\/product\/yoast-seo-premium-wordpress\/ -->\n<title>Rechtliche Information: EU AI Act - risawave.org<\/title>\n<meta name=\"robots\" content=\"index, follow, max-snippet:-1, max-image-preview:large, max-video-preview:-1\" \/>\n<link rel=\"canonical\" href=\"https:\/\/risawave.org\/de\/rechtliche-information-eu-ai-act\/\" \/>\n<meta property=\"og:locale\" content=\"de_DE\" \/>\n<meta property=\"og:type\" content=\"article\" \/>\n<meta property=\"og:title\" content=\"Rechtliche Information: EU AI Act\" \/>\n<meta property=\"og:description\" content=\"AI Transparency Statement (EU AI Act) Einsatz von K\u00fcnstlicher Intelligenz Einige Dienstleistungen k\u00f6nnen Systeme der K\u00fcnstlichen Intelligenz (AI) nutzen. Diese Systeme k\u00f6nnen verwendet werden f\u00fcr: Transparenz Sofern Inhalte durch KI-Systeme erzeugt oder unterst\u00fctzt werden, kann dies entsprechend gekennzeichnet werden. Unsere KI-Systeme werden so gestaltet, dass sie: EU-Regulatorischer Rahmen Die Entwicklung und Nutzung von KI-Systemen erfolgt ... Weiterlesen ...\" \/>\n<meta property=\"og:url\" content=\"https:\/\/risawave.org\/de\/rechtliche-information-eu-ai-act\/\" \/>\n<meta property=\"og:site_name\" content=\"risawave.org\" \/>\n<meta property=\"article:modified_time\" content=\"2026-03-13T19:27:37+00:00\" \/>\n<meta property=\"og:image\" content=\"https:\/\/risawave.org\/wp-content\/uploads\/2026\/01\/Globales-logo-scaled-1.png\" \/>\n\t<meta property=\"og:image:width\" content=\"2560\" \/>\n\t<meta property=\"og:image:height\" content=\"2560\" \/>\n\t<meta property=\"og:image:type\" content=\"image\/png\" \/>\n<meta name=\"twitter:card\" content=\"summary_large_image\" \/>\n<meta name=\"twitter:label1\" content=\"Gesch\u00e4tzte Lesezeit\" \/>\n\t<meta name=\"twitter:data1\" content=\"1\u00a0Minute\" \/>\n<script type=\"application\/ld+json\" class=\"yoast-schema-graph\">{\"@context\":\"https:\\\/\\\/schema.org\",\"@graph\":[{\"@type\":\"WebPage\",\"@id\":\"https:\\\/\\\/risawave.org\\\/rechtliche-information-eu-ai-act\\\/\",\"url\":\"https:\\\/\\\/risawave.org\\\/rechtliche-information-eu-ai-act\\\/\",\"name\":\"Rechtliche Information: EU AI Act - risawave.org\",\"isPartOf\":{\"@id\":\"https:\\\/\\\/risawave.org\\\/#website\"},\"datePublished\":\"2026-03-13T19:11:59+00:00\",\"dateModified\":\"2026-03-13T19:27:37+00:00\",\"breadcrumb\":{\"@id\":\"https:\\\/\\\/risawave.org\\\/rechtliche-information-eu-ai-act\\\/#breadcrumb\"},\"inLanguage\":\"de\",\"potentialAction\":[{\"@type\":\"ReadAction\",\"target\":[\"https:\\\/\\\/risawave.org\\\/rechtliche-information-eu-ai-act\\\/\"]}]},{\"@type\":\"BreadcrumbList\",\"@id\":\"https:\\\/\\\/risawave.org\\\/rechtliche-information-eu-ai-act\\\/#breadcrumb\",\"itemListElement\":[{\"@type\":\"ListItem\",\"position\":1,\"name\":\"Start\",\"item\":\"https:\\\/\\\/risawave.org\\\/\"},{\"@type\":\"ListItem\",\"position\":2,\"name\":\"Rechtliche Information: EU AI Act\"}]},{\"@type\":\"WebSite\",\"@id\":\"https:\\\/\\\/risawave.org\\\/#website\",\"url\":\"https:\\\/\\\/risawave.org\\\/\",\"name\":\"risawave.org\",\"description\":\"\",\"publisher\":{\"@id\":\"https:\\\/\\\/risawave.org\\\/#organization\"},\"potentialAction\":[{\"@type\":\"SearchAction\",\"target\":{\"@type\":\"EntryPoint\",\"urlTemplate\":\"https:\\\/\\\/risawave.org\\\/?s={search_term_string}\"},\"query-input\":{\"@type\":\"PropertyValueSpecification\",\"valueRequired\":true,\"valueName\":\"search_term_string\"}}],\"inLanguage\":\"de\"},{\"@type\":[\"Organization\",\"Place\"],\"@id\":\"https:\\\/\\\/risawave.org\\\/#organization\",\"name\":\"risawave.org\",\"url\":\"https:\\\/\\\/risawave.org\\\/\",\"logo\":{\"@id\":\"https:\\\/\\\/risawave.org\\\/rechtliche-information-eu-ai-act\\\/#local-main-organization-logo\"},\"image\":{\"@id\":\"https:\\\/\\\/risawave.org\\\/rechtliche-information-eu-ai-act\\\/#local-main-organization-logo\"},\"telephone\":[\"015140530884\"],\"openingHoursSpecification\":[],\"email\":\"office@newrella.hk\",\"faxNumber\":\"newrella Limited\"},{\"@type\":\"ImageObject\",\"inLanguage\":\"de\",\"@id\":\"https:\\\/\\\/risawave.org\\\/rechtliche-information-eu-ai-act\\\/#local-main-organization-logo\",\"url\":\"https:\\\/\\\/risawave.org\\\/wp-content\\\/uploads\\\/2026\\\/01\\\/Globales-logo-scaled-1.png\",\"contentUrl\":\"https:\\\/\\\/risawave.org\\\/wp-content\\\/uploads\\\/2026\\\/01\\\/Globales-logo-scaled-1.png\",\"width\":2560,\"height\":2560,\"caption\":\"risawave.org\"}]}<\/script>\n<meta name=\"geo.placename\" content=\"\u8202\u574e\u89d2\" \/>\n<meta name=\"geo.region\" content=\"Hong Kong\" \/>\n<!-- \/ Yoast SEO Premium plugin. -->","yoast_head_json":{"title":"Rechtliche Information: EU AI Act - risawave.org","robots":{"index":"index","follow":"follow","max-snippet":"max-snippet:-1","max-image-preview":"max-image-preview:large","max-video-preview":"max-video-preview:-1"},"canonical":"https:\/\/risawave.org\/de\/rechtliche-information-eu-ai-act\/","og_locale":"de_DE","og_type":"article","og_title":"Rechtliche Information: EU AI Act","og_description":"AI Transparency Statement (EU AI Act) Einsatz von K\u00fcnstlicher Intelligenz Einige Dienstleistungen k\u00f6nnen Systeme der K\u00fcnstlichen Intelligenz (AI) nutzen. Diese Systeme k\u00f6nnen verwendet werden f\u00fcr: Transparenz Sofern Inhalte durch KI-Systeme erzeugt oder unterst\u00fctzt werden, kann dies entsprechend gekennzeichnet werden. Unsere KI-Systeme werden so gestaltet, dass sie: EU-Regulatorischer Rahmen Die Entwicklung und Nutzung von KI-Systemen erfolgt ... Weiterlesen ...","og_url":"https:\/\/risawave.org\/de\/rechtliche-information-eu-ai-act\/","og_site_name":"risawave.org","article_modified_time":"2026-03-13T19:27:37+00:00","og_image":[{"width":2560,"height":2560,"url":"https:\/\/risawave.org\/wp-content\/uploads\/2026\/01\/Globales-logo-scaled-1.png","type":"image\/png"}],"twitter_card":"summary_large_image","twitter_misc":{"Gesch\u00e4tzte Lesezeit":"1\u00a0Minute"},"schema":{"@context":"https:\/\/schema.org","@graph":[{"@type":"WebPage","@id":"https:\/\/risawave.org\/rechtliche-information-eu-ai-act\/","url":"https:\/\/risawave.org\/rechtliche-information-eu-ai-act\/","name":"Rechtliche Information: EU AI Act - risawave.org","isPartOf":{"@id":"https:\/\/risawave.org\/#website"},"datePublished":"2026-03-13T19:11:59+00:00","dateModified":"2026-03-13T19:27:37+00:00","breadcrumb":{"@id":"https:\/\/risawave.org\/rechtliche-information-eu-ai-act\/#breadcrumb"},"inLanguage":"de","potentialAction":[{"@type":"ReadAction","target":["https:\/\/risawave.org\/rechtliche-information-eu-ai-act\/"]}]},{"@type":"BreadcrumbList","@id":"https:\/\/risawave.org\/rechtliche-information-eu-ai-act\/#breadcrumb","itemListElement":[{"@type":"ListItem","position":1,"name":"Start","item":"https:\/\/risawave.org\/"},{"@type":"ListItem","position":2,"name":"Rechtliche Information: EU AI Act"}]},{"@type":"WebSite","@id":"https:\/\/risawave.org\/#website","url":"https:\/\/risawave.org\/","name":"risawave.org","description":"","publisher":{"@id":"https:\/\/risawave.org\/#organization"},"potentialAction":[{"@type":"SearchAction","target":{"@type":"EntryPoint","urlTemplate":"https:\/\/risawave.org\/?s={search_term_string}"},"query-input":{"@type":"PropertyValueSpecification","valueRequired":true,"valueName":"search_term_string"}}],"inLanguage":"de"},{"@type":["Organization","Place"],"@id":"https:\/\/risawave.org\/#organization","name":"risawave.org","url":"https:\/\/risawave.org\/","logo":{"@id":"https:\/\/risawave.org\/rechtliche-information-eu-ai-act\/#local-main-organization-logo"},"image":{"@id":"https:\/\/risawave.org\/rechtliche-information-eu-ai-act\/#local-main-organization-logo"},"telephone":["015140530884"],"openingHoursSpecification":[],"email":"office@newrella.hk","faxNumber":"newrella Limited"},{"@type":"ImageObject","inLanguage":"de","@id":"https:\/\/risawave.org\/rechtliche-information-eu-ai-act\/#local-main-organization-logo","url":"https:\/\/risawave.org\/wp-content\/uploads\/2026\/01\/Globales-logo-scaled-1.png","contentUrl":"https:\/\/risawave.org\/wp-content\/uploads\/2026\/01\/Globales-logo-scaled-1.png","width":2560,"height":2560,"caption":"risawave.org"}]},"geo.placename":"\u8202\u574e\u89d2","geo.region":"Hong Kong"},"_links":{"self":[{"href":"https:\/\/risawave.org\/de\/wp-json\/wp\/v2\/pages\/352308","targetHints":{"allow":["GET"]}}],"collection":[{"href":"https:\/\/risawave.org\/de\/wp-json\/wp\/v2\/pages"}],"about":[{"href":"https:\/\/risawave.org\/de\/wp-json\/wp\/v2\/types\/page"}],"author":[{"embeddable":true,"href":"https:\/\/risawave.org\/de\/wp-json\/wp\/v2\/users\/1"}],"replies":[{"embeddable":true,"href":"https:\/\/risawave.org\/de\/wp-json\/wp\/v2\/comments?post=352308"}],"version-history":[{"count":3,"href":"https:\/\/risawave.org\/de\/wp-json\/wp\/v2\/pages\/352308\/revisions"}],"predecessor-version":[{"id":352319,"href":"https:\/\/risawave.org\/de\/wp-json\/wp\/v2\/pages\/352308\/revisions\/352319"}],"wp:attachment":[{"href":"https:\/\/risawave.org\/de\/wp-json\/wp\/v2\/media?parent=352308"}],"curies":[{"name":"wp","href":"https:\/\/api.w.org\/{rel}","templated":true}]}}