{"id":333539,"date":"2025-06-14T11:56:51","date_gmt":"2025-06-14T09:56:51","guid":{"rendered":"https:\/\/sauldie.org\/?page_id=333539"},"modified":"2025-06-14T11:56:51","modified_gmt":"2025-06-14T09:56:51","slug":"2026-vedaviva-mireiki","status":"publish","type":"page","link":"https:\/\/risawave.org\/de\/2026-vedaviva-mireiki\/","title":{"rendered":"#VEDAVIVA: miReiki"},"content":{"rendered":"\n<h1 class=\"gb-headline gb-headline-20329c59 gb-headline-text\">miReiki und Fern-miReiki f\u00fcr Lebenskraft, Energie und Wohlbefinden auf allen Ebenen<\/h1>\n\n\n\n<hr class=\"wp-block-separator has-text-color has-alpha-channel-opacity has-background is-style-wide\" style=\"background-color:#b29a36;color:#b29a36\"\/>\n\n\n\n<div class=\"wp-block-columns has-base-3-background-color has-background is-layout-flex wp-container-core-columns-is-layout-9d6595d7 wp-block-columns-is-layout-flex\">\n<div class=\"wp-block-column is-layout-flow wp-block-column-is-layout-flow\">\n<h3 class=\"wp-block-heading\" id=\"h-mireiki-kombiniert-die-besten-methoden-wie-z-b-reiki-aromatherapie-und-mehr-in-eine-praktische-philosophie\">miReiki kombiniert die besten Methoden wie z.B. Reiki, Aromatherapie und mehr in eine praktische Philosophie <\/h3>\n\n\n\n<p>miReiki ist eine Weiterentwicklung des traditionellen Reiki, das verschiedene Quellen und Methoden aus der indischen und anderen Kulturen kombiniert, um eine vollst\u00e4ndig neue Erfahrung der Energiearbeit zu erschaffen.<\/p>\n\n\n\n<p>W\u00e4hrend das traditionelle Reiki auf der \u00dcbertragung von Lebensenergie durch Handauflegen basiert, erweitert miReiki diese Praxis, indem es verschiedene Techniken und Symbole aus verschiedenen Kulturen integriert, z.\u00a0B. \u00e4therische \u00d6le (<a href=\"https:\/\/vivaroi.org\/aromatherapie\/\">Aromatherapie<\/a>), Meditation, Yoga, Ayurveda und bewusstem Atmen. Auf diese Weise k\u00f6nnen die Praktizierenden <strong>ein breiteres Spektrum an Werkzeugen nutzen<\/strong>, um Blockaden im K\u00f6rper aufzul\u00f6sen und das k\u00f6rperliche, geistige und emotionale Wohlbefinden zu f\u00f6rdern.<\/p>\n\n\n\n<p>Ein weiterer wichtiger Aspekt von miReiki ist die Betonung der Entwicklung als Mensch. Durch die Verbindung von Reiki mit anderen traditionellen Praktiken k\u00f6nnen die Praktizierenden tiefer in ihre eigene Energie eintauchen und ein tieferes Verst\u00e4ndnis f\u00fcr die Zusammenh\u00e4nge von K\u00f6rper, Geist und Seele gewinnen. Gerade in Zeiten von k\u00fcnstlicher Intelligenz, Robotern und Automation wird es immer wichtiger werden f\u00fcr uns Menschen, mit einem neuen Verst\u00e4ndnis des Menschseins die Welt zu erf\u00fcllen.<\/p>\n<\/div>\n\n\n\n<div class=\"wp-block-column is-layout-flow wp-block-column-is-layout-flow\">\n<figure class=\"wp-block-image size-full\"><img loading=\"lazy\" decoding=\"async\" width=\"1080\" height=\"1080\" src=\"https:\/\/risawave.org\/wp-content\/uploads\/2025\/06\/miReiki1.png\" alt=\"\" class=\"wp-image-339629\" srcset=\"https:\/\/risawave.org\/wp-content\/uploads\/2025\/06\/miReiki1.png 1080w, https:\/\/risawave.org\/wp-content\/uploads\/2025\/06\/miReiki1-300x300.png 300w, https:\/\/risawave.org\/wp-content\/uploads\/2025\/06\/miReiki1-1024x1024.png 1024w, https:\/\/risawave.org\/wp-content\/uploads\/2025\/06\/miReiki1-150x150.png 150w, https:\/\/risawave.org\/wp-content\/uploads\/2025\/06\/miReiki1-768x768.png 768w, https:\/\/risawave.org\/wp-content\/uploads\/2025\/06\/miReiki1-12x12.png 12w\" sizes=\"auto, (max-width: 1080px) 100vw, 1080px\" \/><\/figure>\n<\/div>\n<\/div>\n\n\n\n<div class=\"wp-block-columns is-layout-flex wp-container-core-columns-is-layout-9d6595d7 wp-block-columns-is-layout-flex\">\n<div class=\"wp-block-column is-layout-flow wp-block-column-is-layout-flow\">\n<figure class=\"wp-block-image size-full\"><img loading=\"lazy\" decoding=\"async\" width=\"1080\" height=\"1080\" src=\"https:\/\/risawave.org\/wp-content\/uploads\/2025\/06\/miReiki2.png\" alt=\"\" class=\"wp-image-339630\" srcset=\"https:\/\/risawave.org\/wp-content\/uploads\/2025\/06\/miReiki2.png 1080w, https:\/\/risawave.org\/wp-content\/uploads\/2025\/06\/miReiki2-300x300.png 300w, https:\/\/risawave.org\/wp-content\/uploads\/2025\/06\/miReiki2-1024x1024.png 1024w, https:\/\/risawave.org\/wp-content\/uploads\/2025\/06\/miReiki2-150x150.png 150w, https:\/\/risawave.org\/wp-content\/uploads\/2025\/06\/miReiki2-768x768.png 768w, https:\/\/risawave.org\/wp-content\/uploads\/2025\/06\/miReiki2-12x12.png 12w\" sizes=\"auto, (max-width: 1080px) 100vw, 1080px\" \/><\/figure>\n<\/div>\n\n\n\n<div class=\"wp-block-column is-layout-flow wp-block-column-is-layout-flow\">\n<h2 class=\"gb-headline gb-headline-6689fbef gb-headline-text\">Die miReiki-Expertin Rita<\/h2>\n\n\n\n<p>Ich lebe ganzheitliche Gesundheit mit Leidenschaft und \u00dcberzeugung. Bewegung und Achtsamkeit geh\u00f6ren f\u00fcr mich untrennbar dazu: Yoga, bewusste Atmung und regelm\u00e4\u00dfiger Sport helfen mir, k\u00f6rperlich fit zu bleiben und meinen Geist zu kl\u00e4ren. In diesen Momenten finde ich meine innere Ruhe, tanke neue Energie und st\u00e4rke meine Verbindung zu mir selbst \u2013 eine Balance, die ich auch in meiner Arbeit weitergebe.<\/p>\n\n\n\n<p>Alternative Heilmethoden begleiten mich schon seit vielen Jahren. Ich habe viel gelesen, gelernt und ausprobiert, um die nat\u00fcrliche Kraft des K\u00f6rpers zur Selbstheilung zu verstehen und zu f\u00f6rdern. Dieses Wissen floss in meine pers\u00f6nliche Entwicklung ebenso ein wie in meine berufliche Ausrichtung.<\/p>\n\n\n\n<p>Aus meiner langj\u00e4hrigen T\u00e4tigkeit in der Textilbranche wei\u00df ich, wie sehr Dauerstress an K\u00f6rper und Seele zehren kann. Ich habe gesehen, wie viele Menschen \u2013 mich eingeschlossen \u2013 durch den hohen Leistungsdruck an ihre Grenzen geraten. Auf der Suche nach mehr Stabilit\u00e4t, Gesundheit und innerer Kraft fand ich Reiki: eine sanfte, tiefgehende Energiearbeit, die mir half, wieder in meine Mitte zu kommen.<\/p>\n\n\n\n<p>Doch ich wollte Reiki noch wirkungsvoller und zeitgem\u00e4\u00dfer gestalten \u2013 f\u00fcr Menschen mit wenig Zeit, aber hohem Bedarf an Regeneration. So entdeckte ich die Welt der \u00e4therischen \u00d6le, deren unmittelbare Wirkung auf K\u00f6rper und Psyche mich tief beeindruckte. Ich begann, sie in meine Reiki-Behandlungen zu integrieren \u2013 und so entstand miReiki: eine ganzheitliche, intuitive Methode, die die wohltuende Energie von Reiki mit der Kraft der Pflanzenessenzen verbindet.<\/p>\n\n\n\n<p>Heute begleite ich Menschen dabei, ihre Energie zu st\u00e4rken, Klarheit zu finden und wieder ganz bei sich anzukommen \u2013 mit Herz, Wissen und einer tiefen Verbindung zur nat\u00fcrlichen Heilkraft.<\/p>\n<\/div>\n<\/div>\n\n\n\n<div class=\"wp-block-columns has-base-3-background-color has-background is-layout-flex wp-container-core-columns-is-layout-9d6595d7 wp-block-columns-is-layout-flex\">\n<div class=\"wp-block-column is-layout-flow wp-block-column-is-layout-flow\">\n<h2 class=\"gb-headline gb-headline-c4cfd807 gb-headline-text\">So l\u00e4uft eine miReiki-Behandlung ab: <\/h2>\n\n\n\n<p>W\u00e4hrend einer typischen miReiki-Behandlung liegt der Empf\u00e4nger bequem auf einer Liege oder sitzt auf einem Stuhl, w\u00e4hrend der Praktizierende seine H\u00e4nde auf oder \u00fcber dem K\u00f6rper des Empf\u00e4ngers platziert. Durch seine H\u00e4nde leitet der Praktizierende die Energie in den K\u00f6rper des Empf\u00e4ngers, um Blockaden zu l\u00f6sen und die Energie im K\u00f6rper wieder ins Gleichgewicht zu bringen.<\/p>\n\n\n\n<p>W\u00e4hrend der Behandlung kann der Empf\u00e4nger ein Gef\u00fchl von W\u00e4rme, Kribbeln oder Entspannung sp\u00fcren. Einige<\/p>\n\n\n\n<p>Menschen erleben auch eine tiefe Entspannung oder sogar einen meditativen Zustand w\u00e4hrend der Behandlung.<\/p>\n\n\n\n<p>Eine typische miReiki-Behandlung dauert etwa 60 bis 90 Minuten. Vor der Behandlung wird unsere Reiki-Meisterin &amp; Ausbilderin Rita ein kurzes Gespr\u00e4ch mit Dir f\u00fchren, um mehr \u00fcber Deine Bed\u00fcrfnisse und Anliegen zu erfahren. Es wird ein passendes \u00e4therisches \u00d6l ausgew\u00e4hlt, was die Behandlung begleitet. Die \u00e4therischen \u00d6le k\u00f6nnen direkt auf das limbische System wirken. Nach der Behandlung teilen die Empf\u00e4nger oft ein kurzes Feedback mit Rita und sie kann dann Empfehlungen geben, wie man das Ergebnis der Behandlung weiter unterst\u00fctzen kann.<\/p>\n<\/div>\n\n\n\n<div class=\"wp-block-column is-layout-flow wp-block-column-is-layout-flow\">\n<figure class=\"wp-block-image size-full\"><img loading=\"lazy\" decoding=\"async\" width=\"1080\" height=\"1080\" src=\"https:\/\/risawave.org\/wp-content\/uploads\/2025\/06\/miReiki3.png\" alt=\"\" class=\"wp-image-339632\" srcset=\"https:\/\/risawave.org\/wp-content\/uploads\/2025\/06\/miReiki3.png 1080w, https:\/\/risawave.org\/wp-content\/uploads\/2025\/06\/miReiki3-300x300.png 300w, https:\/\/risawave.org\/wp-content\/uploads\/2025\/06\/miReiki3-1024x1024.png 1024w, https:\/\/risawave.org\/wp-content\/uploads\/2025\/06\/miReiki3-150x150.png 150w, https:\/\/risawave.org\/wp-content\/uploads\/2025\/06\/miReiki3-768x768.png 768w, https:\/\/risawave.org\/wp-content\/uploads\/2025\/06\/miReiki3-12x12.png 12w\" sizes=\"auto, (max-width: 1080px) 100vw, 1080px\" \/><\/figure>\n<\/div>\n<\/div>\n\n\n\n<h2 class=\"gb-headline gb-headline-b5fb6f32 gb-headline-text\">miReiki kann dazu beitragen, <\/h2>\n\n\n\n<ul class=\"wp-block-list\">\n<li>k\u00f6rperliche Beschwerden wie Schmerzen, Verletzungen oder Krankheiten zu lindern, <\/li>\n\n\n\n<li>sowie geistige und emotionale Belastungen wie Stress, Angstzust\u00e4nde oder Depressionen zu reduzieren. <\/li>\n\n\n\n<li>Es ist eine sanfte und effektive Methode, um das k\u00f6rperliche, geistige und emotionale Gleichgewicht wiederherzustellen.<\/li>\n<\/ul>\n\n\n\n<div class=\"wp-block-columns has-base-3-background-color has-background is-layout-flex wp-container-core-columns-is-layout-9d6595d7 wp-block-columns-is-layout-flex\">\n<div class=\"wp-block-column is-layout-flow wp-block-column-is-layout-flow\">\n<h2 class=\"gb-headline gb-headline-8c916a28 gb-headline-text\">Was passiert bei miReiki-Fernbehandlung:<\/h2>\n\n\n\n<p>Die miReiki-Fernbehandlung kann eine effektive, sanfte Methode sein, um K\u00f6rper, Geist und Emotionen gezielt zu unterst\u00fctzen \u2013 unabh\u00e4ngig von Ort und Zeit. Dabei wird \u00fcber eine bewusste energetische Verbindung gearbeitet, um gezielt Energie dorthin zu lenken, wo sie gerade gebraucht wird.<\/p>\n\n\n\n<p>Ich verbinde mich auf feinstofflicher Ebene mit Dir und lasse gezielt Reiki-Energie in Dein System flie\u00dfen. Unterst\u00fctzt wird dieser Prozess durch ein individuell ausgew\u00e4hltes \u00e4therisches \u00d6l, deren energetische Frequenz ich, w\u00e4hrend der Fernbehandlung mit einbeziehe. Diese Kombination \u2013 aus klassischer Reiki-Energiearbeit und den aktivierenden Impulsen \u00e4therischer \u00d6le \u2013 ist die Besonderheit von miReiki.<\/p>\n\n\n\n<p>Du kannst Dich dabei zu Hause oder an einem ruhigen Ort entspannen. Bevor Du Dich hinlegst, gebe 1-4 Tropfen von dem \u00e4therischen \u00d6l, was wir besprochen haben, auf Deine Pulsadern, verreibe es und atme es tief ein. Viele meiner Klient:innen berichten von einem Gef\u00fchl tiefer Ruhe, innerer Weite, Klarheit und oft auch einer sp\u00fcrbaren Leichtigkeit nach der Behandlung.<\/p>\n\n\n\n<p><strong>Ablauf:<\/strong><br>Nach einem kurzen Vorgespr\u00e4ch (telefonisch oder per Nachricht) lege wir den Zeitpunkt der Behandlung fest. Du brauchst nichts zu tun \u2013 au\u00dfer Dich in dieser Zeit bewusst zu entspannen und das \u00e4therische \u00d6l auftragen. Nach der Behandlung erh\u00e4ltst Du auf Wunsch ein kurzes Feedback zu meinen Wahrnehmungen.<\/p>\n<\/div>\n\n\n\n<div class=\"wp-block-column is-layout-flow wp-block-column-is-layout-flow\">\n<figure class=\"wp-block-image size-full\"><img loading=\"lazy\" decoding=\"async\" width=\"1080\" height=\"1080\" src=\"https:\/\/risawave.org\/wp-content\/uploads\/2025\/06\/miReiki-Fernbehandlung.png\" alt=\"\" class=\"wp-image-339633\" srcset=\"https:\/\/risawave.org\/wp-content\/uploads\/2025\/06\/miReiki-Fernbehandlung.png 1080w, https:\/\/risawave.org\/wp-content\/uploads\/2025\/06\/miReiki-Fernbehandlung-300x300.png 300w, https:\/\/risawave.org\/wp-content\/uploads\/2025\/06\/miReiki-Fernbehandlung-1024x1024.png 1024w, https:\/\/risawave.org\/wp-content\/uploads\/2025\/06\/miReiki-Fernbehandlung-150x150.png 150w, https:\/\/risawave.org\/wp-content\/uploads\/2025\/06\/miReiki-Fernbehandlung-768x768.png 768w, https:\/\/risawave.org\/wp-content\/uploads\/2025\/06\/miReiki-Fernbehandlung-12x12.png 12w\" sizes=\"auto, (max-width: 1080px) 100vw, 1080px\" \/><\/figure>\n<\/div>\n<\/div>\n\n\n\n<p><strong>miReiki-Fernbehandlung kann besonders hilfreich sein bei:<\/strong><\/p>\n\n\n\n<ul class=\"wp-block-list\">\n<li><strong>Stressbew\u00e4ltigung und mentaler Ersch\u00f6pfung<\/strong><br>Unterst\u00fctzung in hochbelasteten Zeiten \u2013 es kann hilfen, das Nervensystem zu regulieren und in die innere Mitte zur\u00fcckzufinden.<\/li>\n\n\n\n<li><strong>Klarheit und Entscheidungsfindung<\/strong><br>Ideal bei beruflichen oder pers\u00f6nlichen Umbruchsituationen, um innere Ordnung und Perspektive zu gewinnen.<\/li>\n\n\n\n<li><strong>Schlafproblemen und innerer Unruhe<\/strong><br>Es kann einen erholsamen Schlaf f\u00f6rdern, den Geist beruhigen und es kann die emotionale Stabilit\u00e4t unterst\u00fctzen.<\/li>\n\n\n\n<li><strong>St\u00e4rkung des Immunsystems und allgemeine Vitalisierung<\/strong><br>Es kann die Selbstheilungskr\u00e4fte aktivieren als auch das energetische Gleichgewicht im K\u00f6rper st\u00e4rken.<\/li>\n\n\n\n<li><strong>Begleitung in Phasen von Ver\u00e4nderung oder Verlust<\/strong><br>Es kann Halt und Trost bieten und es kann energetische Unterst\u00fctzung in sensiblen Lebensphasen geben.<\/li>\n\n\n\n<li><strong>F\u00f6rderung von Selbstvertrauen und innerer Stabilit\u00e4t<\/strong><br>Es kann hilfreich f\u00fcr F\u00fchrungskr\u00e4fte, Sch\u00fclerInnen oder Menschen in Verantwortung sein.<\/li>\n<\/ul>\n\n\n\n<h2 class=\"gb-headline gb-headline-1a24df35 gb-headline-text\"><strong>Kontaktiere mich, um mehr \u00fcber miReiki zu erfahren und herauszufinden, ob sie f\u00fcr Dich geeignet ist. In einem kostenlosen, unverbindlichen Erstgespr\u00e4ch finden wir gemeinsam heraus, ob und wie wir miteinander arbeiten k\u00f6nnen. <\/strong><\/h2>\n\n\n\n<a class=\"gb-button gb-button-14b19a65 gb-button-text\" href=\"https:\/\/risawave.org\/kontakt-zu-vedaviva\/\">Nimm doch jetzt einfach unverbindlich Kontakt zu mir auf.<\/a>\n\n\n\n<p><\/p>\n","protected":false},"excerpt":{"rendered":"<p>miReiki und Fern-miReiki f\u00fcr Lebenskraft, Energie und Wohlbefinden auf allen Ebenen miReiki kombiniert die besten Methoden wie z.B. Reiki, Aromatherapie und mehr in eine praktische Philosophie miReiki ist eine Weiterentwicklung des traditionellen Reiki, das verschiedene Quellen und Methoden aus der indischen und anderen Kulturen kombiniert, um eine vollst\u00e4ndig neue Erfahrung der Energiearbeit zu erschaffen. W\u00e4hrend &#8230; <a title=\"#VEDAVIVA: miReiki\" class=\"read-more\" href=\"https:\/\/risawave.org\/de\/2026-vedaviva-mireiki\/\" aria-label=\"Mehr Informationen \u00fcber #VEDAVIVA: miReiki\">Weiterlesen &#8230;<\/a><\/p>\n","protected":false},"author":2,"featured_media":0,"parent":0,"menu_order":0,"comment_status":"closed","ping_status":"closed","template":"","meta":{"footnotes":""},"class_list":{"0":"post-333539","1":"page","2":"type-page","3":"status-publish","5":"page_cat-vedaviva-seiten"},"yoast_head":"<!-- This site is optimized with the Yoast SEO Premium plugin v27.5 (Yoast SEO v27.5) - https:\/\/yoast.com\/product\/yoast-seo-premium-wordpress\/ -->\n<title>#VEDAVIVA: miReiki - risawave.org<\/title>\n<meta name=\"robots\" content=\"index, follow, max-snippet:-1, max-image-preview:large, max-video-preview:-1\" \/>\n<link rel=\"canonical\" href=\"https:\/\/risawave.org\/de\/2026-vedaviva-mireiki\/\" \/>\n<meta property=\"og:locale\" content=\"de_DE\" \/>\n<meta property=\"og:type\" content=\"article\" \/>\n<meta property=\"og:title\" content=\"#VEDAVIVA: miReiki\" \/>\n<meta property=\"og:description\" content=\"miReiki und Fern-miReiki f\u00fcr Lebenskraft, Energie und Wohlbefinden auf allen Ebenen miReiki kombiniert die besten Methoden wie z.B. Reiki, Aromatherapie und mehr in eine praktische Philosophie miReiki ist eine Weiterentwicklung des traditionellen Reiki, das verschiedene Quellen und Methoden aus der indischen und anderen Kulturen kombiniert, um eine vollst\u00e4ndig neue Erfahrung der Energiearbeit zu erschaffen. W\u00e4hrend ... Weiterlesen ...\" \/>\n<meta property=\"og:url\" content=\"https:\/\/risawave.org\/de\/2026-vedaviva-mireiki\/\" \/>\n<meta property=\"og:site_name\" content=\"risawave.org\" \/>\n<meta property=\"og:image\" content=\"https:\/\/risawave.org\/wp-content\/uploads\/2025\/06\/miReiki1.png\" \/>\n\t<meta property=\"og:image:width\" content=\"1080\" \/>\n\t<meta property=\"og:image:height\" content=\"1080\" \/>\n\t<meta property=\"og:image:type\" content=\"image\/png\" \/>\n<meta name=\"twitter:card\" content=\"summary_large_image\" \/>\n<meta name=\"twitter:label1\" content=\"Gesch\u00e4tzte Lesezeit\" \/>\n\t<meta name=\"twitter:data1\" content=\"7\u00a0Minuten\" \/>\n<script type=\"application\/ld+json\" class=\"yoast-schema-graph\">{\"@context\":\"https:\\\/\\\/schema.org\",\"@graph\":[{\"@type\":\"WebPage\",\"@id\":\"https:\\\/\\\/risawave.org\\\/2026-vedaviva-mireiki\\\/\",\"url\":\"https:\\\/\\\/risawave.org\\\/2026-vedaviva-mireiki\\\/\",\"name\":\"#VEDAVIVA: miReiki - risawave.org\",\"isPartOf\":{\"@id\":\"https:\\\/\\\/risawave.org\\\/#website\"},\"primaryImageOfPage\":{\"@id\":\"https:\\\/\\\/risawave.org\\\/2026-vedaviva-mireiki\\\/#primaryimage\"},\"image\":{\"@id\":\"https:\\\/\\\/risawave.org\\\/2026-vedaviva-mireiki\\\/#primaryimage\"},\"thumbnailUrl\":\"https:\\\/\\\/risawave.org\\\/wp-content\\\/uploads\\\/2025\\\/06\\\/miReiki1.png\",\"datePublished\":\"2025-06-14T09:56:51+00:00\",\"breadcrumb\":{\"@id\":\"https:\\\/\\\/risawave.org\\\/2026-vedaviva-mireiki\\\/#breadcrumb\"},\"inLanguage\":\"de\",\"potentialAction\":[{\"@type\":\"ReadAction\",\"target\":[\"https:\\\/\\\/risawave.org\\\/2026-vedaviva-mireiki\\\/\"]}]},{\"@type\":\"ImageObject\",\"inLanguage\":\"de\",\"@id\":\"https:\\\/\\\/risawave.org\\\/2026-vedaviva-mireiki\\\/#primaryimage\",\"url\":\"https:\\\/\\\/risawave.org\\\/wp-content\\\/uploads\\\/2025\\\/06\\\/miReiki1.png\",\"contentUrl\":\"https:\\\/\\\/risawave.org\\\/wp-content\\\/uploads\\\/2025\\\/06\\\/miReiki1.png\"},{\"@type\":\"BreadcrumbList\",\"@id\":\"https:\\\/\\\/risawave.org\\\/2026-vedaviva-mireiki\\\/#breadcrumb\",\"itemListElement\":[{\"@type\":\"ListItem\",\"position\":1,\"name\":\"Start\",\"item\":\"https:\\\/\\\/risawave.org\\\/\"},{\"@type\":\"ListItem\",\"position\":2,\"name\":\"#VEDAVIVA: miReiki\"}]},{\"@type\":\"WebSite\",\"@id\":\"https:\\\/\\\/risawave.org\\\/#website\",\"url\":\"https:\\\/\\\/risawave.org\\\/\",\"name\":\"risawave.org\",\"description\":\"\",\"publisher\":{\"@id\":\"https:\\\/\\\/risawave.org\\\/#organization\"},\"potentialAction\":[{\"@type\":\"SearchAction\",\"target\":{\"@type\":\"EntryPoint\",\"urlTemplate\":\"https:\\\/\\\/risawave.org\\\/?s={search_term_string}\"},\"query-input\":{\"@type\":\"PropertyValueSpecification\",\"valueRequired\":true,\"valueName\":\"search_term_string\"}}],\"inLanguage\":\"de\"},{\"@type\":[\"Organization\",\"Place\"],\"@id\":\"https:\\\/\\\/risawave.org\\\/#organization\",\"name\":\"risawave.org\",\"url\":\"https:\\\/\\\/risawave.org\\\/\",\"logo\":{\"@id\":\"https:\\\/\\\/risawave.org\\\/2026-vedaviva-mireiki\\\/#local-main-organization-logo\"},\"image\":{\"@id\":\"https:\\\/\\\/risawave.org\\\/2026-vedaviva-mireiki\\\/#local-main-organization-logo\"},\"telephone\":[\"015140530884\"],\"openingHoursSpecification\":[],\"email\":\"office@newrella.hk\",\"faxNumber\":\"newrella Limited\"},{\"@type\":\"ImageObject\",\"inLanguage\":\"de\",\"@id\":\"https:\\\/\\\/risawave.org\\\/2026-vedaviva-mireiki\\\/#local-main-organization-logo\",\"url\":\"https:\\\/\\\/risawave.org\\\/wp-content\\\/uploads\\\/2026\\\/01\\\/Globales-logo-scaled-1.png\",\"contentUrl\":\"https:\\\/\\\/risawave.org\\\/wp-content\\\/uploads\\\/2026\\\/01\\\/Globales-logo-scaled-1.png\",\"width\":2560,\"height\":2560,\"caption\":\"risawave.org\"}]}<\/script>\n<meta name=\"geo.placename\" content=\"\u8202\u574e\u89d2\" \/>\n<meta name=\"geo.region\" content=\"Hong Kong\" \/>\n<!-- \/ Yoast SEO Premium plugin. -->","yoast_head_json":{"title":"#VEDAVIVA: miReiki - risawave.org","robots":{"index":"index","follow":"follow","max-snippet":"max-snippet:-1","max-image-preview":"max-image-preview:large","max-video-preview":"max-video-preview:-1"},"canonical":"https:\/\/risawave.org\/de\/2026-vedaviva-mireiki\/","og_locale":"de_DE","og_type":"article","og_title":"#VEDAVIVA: miReiki","og_description":"miReiki und Fern-miReiki f\u00fcr Lebenskraft, Energie und Wohlbefinden auf allen Ebenen miReiki kombiniert die besten Methoden wie z.B. Reiki, Aromatherapie und mehr in eine praktische Philosophie miReiki ist eine Weiterentwicklung des traditionellen Reiki, das verschiedene Quellen und Methoden aus der indischen und anderen Kulturen kombiniert, um eine vollst\u00e4ndig neue Erfahrung der Energiearbeit zu erschaffen. W\u00e4hrend ... Weiterlesen ...","og_url":"https:\/\/risawave.org\/de\/2026-vedaviva-mireiki\/","og_site_name":"risawave.org","og_image":[{"width":1080,"height":1080,"url":"https:\/\/risawave.org\/wp-content\/uploads\/2025\/06\/miReiki1.png","type":"image\/png"}],"twitter_card":"summary_large_image","twitter_misc":{"Gesch\u00e4tzte Lesezeit":"7\u00a0Minuten"},"schema":{"@context":"https:\/\/schema.org","@graph":[{"@type":"WebPage","@id":"https:\/\/risawave.org\/2026-vedaviva-mireiki\/","url":"https:\/\/risawave.org\/2026-vedaviva-mireiki\/","name":"#VEDAVIVA: miReiki - risawave.org","isPartOf":{"@id":"https:\/\/risawave.org\/#website"},"primaryImageOfPage":{"@id":"https:\/\/risawave.org\/2026-vedaviva-mireiki\/#primaryimage"},"image":{"@id":"https:\/\/risawave.org\/2026-vedaviva-mireiki\/#primaryimage"},"thumbnailUrl":"https:\/\/risawave.org\/wp-content\/uploads\/2025\/06\/miReiki1.png","datePublished":"2025-06-14T09:56:51+00:00","breadcrumb":{"@id":"https:\/\/risawave.org\/2026-vedaviva-mireiki\/#breadcrumb"},"inLanguage":"de","potentialAction":[{"@type":"ReadAction","target":["https:\/\/risawave.org\/2026-vedaviva-mireiki\/"]}]},{"@type":"ImageObject","inLanguage":"de","@id":"https:\/\/risawave.org\/2026-vedaviva-mireiki\/#primaryimage","url":"https:\/\/risawave.org\/wp-content\/uploads\/2025\/06\/miReiki1.png","contentUrl":"https:\/\/risawave.org\/wp-content\/uploads\/2025\/06\/miReiki1.png"},{"@type":"BreadcrumbList","@id":"https:\/\/risawave.org\/2026-vedaviva-mireiki\/#breadcrumb","itemListElement":[{"@type":"ListItem","position":1,"name":"Start","item":"https:\/\/risawave.org\/"},{"@type":"ListItem","position":2,"name":"#VEDAVIVA: miReiki"}]},{"@type":"WebSite","@id":"https:\/\/risawave.org\/#website","url":"https:\/\/risawave.org\/","name":"risawave.org","description":"","publisher":{"@id":"https:\/\/risawave.org\/#organization"},"potentialAction":[{"@type":"SearchAction","target":{"@type":"EntryPoint","urlTemplate":"https:\/\/risawave.org\/?s={search_term_string}"},"query-input":{"@type":"PropertyValueSpecification","valueRequired":true,"valueName":"search_term_string"}}],"inLanguage":"de"},{"@type":["Organization","Place"],"@id":"https:\/\/risawave.org\/#organization","name":"risawave.org","url":"https:\/\/risawave.org\/","logo":{"@id":"https:\/\/risawave.org\/2026-vedaviva-mireiki\/#local-main-organization-logo"},"image":{"@id":"https:\/\/risawave.org\/2026-vedaviva-mireiki\/#local-main-organization-logo"},"telephone":["015140530884"],"openingHoursSpecification":[],"email":"office@newrella.hk","faxNumber":"newrella Limited"},{"@type":"ImageObject","inLanguage":"de","@id":"https:\/\/risawave.org\/2026-vedaviva-mireiki\/#local-main-organization-logo","url":"https:\/\/risawave.org\/wp-content\/uploads\/2026\/01\/Globales-logo-scaled-1.png","contentUrl":"https:\/\/risawave.org\/wp-content\/uploads\/2026\/01\/Globales-logo-scaled-1.png","width":2560,"height":2560,"caption":"risawave.org"}]},"geo.placename":"\u8202\u574e\u89d2","geo.region":"Hong Kong"},"_links":{"self":[{"href":"https:\/\/risawave.org\/de\/wp-json\/wp\/v2\/pages\/333539","targetHints":{"allow":["GET"]}}],"collection":[{"href":"https:\/\/risawave.org\/de\/wp-json\/wp\/v2\/pages"}],"about":[{"href":"https:\/\/risawave.org\/de\/wp-json\/wp\/v2\/types\/page"}],"author":[{"embeddable":true,"href":"https:\/\/risawave.org\/de\/wp-json\/wp\/v2\/users\/2"}],"replies":[{"embeddable":true,"href":"https:\/\/risawave.org\/de\/wp-json\/wp\/v2\/comments?post=333539"}],"version-history":[{"count":0,"href":"https:\/\/risawave.org\/de\/wp-json\/wp\/v2\/pages\/333539\/revisions"}],"wp:attachment":[{"href":"https:\/\/risawave.org\/de\/wp-json\/wp\/v2\/media?parent=333539"}],"curies":[{"name":"wp","href":"https:\/\/api.w.org\/{rel}","templated":true}]}}