{"id":333312,"date":"2025-06-14T08:25:02","date_gmt":"2025-06-14T06:25:02","guid":{"rendered":"https:\/\/sauldie.org\/?page_id=333312"},"modified":"2026-03-15T13:40:42","modified_gmt":"2026-03-15T12:40:42","slug":"live-events-mit-sanjay-sauldie","status":"publish","type":"page","link":"https:\/\/risawave.org\/de\/live-events-mit-sanjay-sauldie\/","title":{"rendered":"riswave: KIROI: Live Events mit Sanjay Sauldie"},"content":{"rendered":"\n<h2 class=\"wp-block-heading\" id=\"h-live-events-mit-sanjay-sauldie\">Live Events mit Sanjay Sauldie<\/h2>\n\n\n\n<style>\n        \n        a {\n            color: #0066cc;\n            text-decoration: none;\n        }\n        a:hover {\n            text-decoration: underline;\n        }\n\n    <\/style>\n\n\n\n<h2>Termine 2026<\/h2>\n\n<table border=\"1\" cellspacing=\"0\" cellpadding=\"6\">\n  <tr>\n    <th>Datum<\/th>\n    <th>Zeit<\/th>\n    <th>Ort<\/th>\n    <th>Art<\/th>\n    <th>Eventtitel<\/th>\n    <th>Mehr Informationen<\/th>\n  <\/tr>\n\n <!--  <tr><td>26.01.2026<\/td><td>09:00 - 13:00<\/td><td>online<\/td><td>\u00f6ffentlich<\/td><td>Crashkurs KI f\u00fcr Gesch\u00e4ftsf\u00fchrer<\/td><td><a href=\"https:\/\/www.managementcircle.de\/weiterbildung\/crashkurs-ki-fuer-geschaeftsfuehrer.html\" target=\"_blank\">mehr Informationen<\/a><\/td><\/tr> \n\n\n  <tr><td>29.01.2026<\/td><td>09:00 - 13:00<\/td><td>online<\/td><td>\u00f6ffentlich<\/td><td>ChatGPT im Vertrieb<\/td><td><a href=\"https:\/\/www.managementcircle.de\/weiterbildung\/chatgpt-co-im-vertrieb.html\" target=\"_blank\">mehr Informationen<\/a><\/td><\/tr>\n\n  <tr><td>11.02.2026<\/td><td>09:00 - 13:00<\/td><td>online<\/td><td>\u00f6ffentlich<\/td><td>Crashkurs Prompting<\/td><td><a href=\"https:\/\/www.managementcircle.de\/weiterbildung\/crashkurs-prompting.html\" target=\"_blank\">mehr Informationen<\/a><\/td><\/tr>\n\n  <tr><td>11.02.2026<\/td><td>14:00 - 18:00<\/td><td>online<\/td><td>\u00f6ffentlich<\/td><td>Deep Work f\u00fcr Revisoren<\/td><td><a href=\"https:\/\/www.haub-seminare.de\/seminar\/deep-work-fuer-revisoren\/\" target=\"_blank\">mehr Informationen<\/a><\/td><\/tr>\n\n  <tr><td>12.02.2026<\/td><td>09:00 - 13:00<\/td><td>online<\/td><td>\u00f6ffentlich<\/td><td>ChatGPT in Marketing<\/td><td><a href=\"https:\/\/www.managementcircle.de\/weiterbildung\/chatgpt-co-im-marketing.html\" target=\"_blank\">mehr Informationen<\/a><\/td><\/tr>\n\n  <tr><td>12.02.2026<\/td><td>13:00 - 17:00<\/td><td>online<\/td><td>\u00f6ffentlich<\/td><td>ChatGPT in Vertrieb<\/td><td><a href=\"https:\/\/www.managementcircle.de\/weiterbildung\/chatgpt-co-im-vertrieb.html\" target=\"_blank\">mehr Informationen<\/a><\/td><\/tr>\n\n  <tr><td>16.02.2026<\/td><td>13:00 - 17:00<\/td><td>online<\/td><td>\u00f6ffentlich<\/td><td>Generative KI f\u00fcr Gesch\u00e4ftsf\u00fchrer<\/td><td><a href=\"https:\/\/www.managementcircle.de\/weiterbildung\/chatgpt-fuer-geschaeftsfuehrer.html\" target=\"_blank\">mehr Informationen<\/a><\/td><\/tr>\n\n  <tr><td>17.02.2026<\/td><td>09:00 - 17:00<\/td><td>online<\/td><td>\u00f6ffentlich<\/td><td>KI-Kickstart 2026 \u2013 Strategien, Tools & Trends<\/td><td><a href=\"https:\/\/www.managementcircle.de\/weiterbildung\/ki-kickstart-2026.html\" target=\"_blank\">mehr Informationen<\/a><\/td><\/tr>\n\n  <tr><td>18.02.2026<\/td><td>09:00 - 13:00<\/td><td>online<\/td><td>\u00f6ffentlich<\/td><td>Crashkurs Prompting f\u00fcr Risikomanager<\/td><td><a href=\"https:\/\/www.managementcircle.de\/weiterbildung\/prompting-fuer-risikomanager.html\" target=\"_blank\">mehr Informationen<\/a><\/td><\/tr>\n\n  <tr><td>19.02.2026<\/td><td>13:00 - 17:00<\/td><td>online<\/td><td>\u00f6ffentlich<\/td><td>Crashkurs KI f\u00fcr Gesch\u00e4ftsf\u00fchrer<\/td><td><a href=\"https:\/\/www.managementcircle.de\/weiterbildung\/crashkurs-ki-fuer-geschaeftsfuehrer.html\" target=\"_blank\">mehr Informationen<\/a><\/td><\/tr>\n\n  <tr><td>23.02.2026<\/td><td>13:00 - 17:00<\/td><td>online<\/td><td>\u00f6ffentlich<\/td><td>Prompting f\u00fcr Gesch\u00e4ftsf\u00fchrer<\/td><td><a href=\"https:\/\/www.managementcircle.de\/weiterbildung\/prompting-fuer-geschaeftsfuehrer.html\" target=\"_blank\">mehr Informationen<\/a><\/td><\/tr>\n\n  <tr><td>24.02.2026<\/td><td>09:00 - 13:00<\/td><td>online<\/td><td>\u00f6ffentlich<\/td><td>KI-Assistenten f\u00fcr Gesch\u00e4ftsf\u00fchrer<\/td><td><a href=\"https:\/\/www.managementcircle.de\/weiterbildung\/ki-assistenten-fuer-geschaeftsfuehrer.html\" target=\"_blank\">mehr Informationen<\/a><\/td><\/tr>\n\n  <tr><td>02.03.2026<\/td><td>13:00 - 17:00<\/td><td>online<\/td><td>\u00f6ffentlich<\/td><td>ChatGPT im Marketing<\/td><td><a href=\"https:\/\/www.managementcircle.de\/weiterbildung\/chatgpt-co-im-marketing.html\" target=\"_blank\">mehr Informationen<\/a><\/td><\/tr>\n\n  <tr><td>02.03.2026<\/td><td>09:00 - 13:00<\/td><td>online<\/td><td>\u00f6ffentlich<\/td><td>ChatGPT im Vertrieb<\/td><td><a href=\"https:\/\/www.managementcircle.de\/weiterbildung\/chatgpt-co-im-vertrieb.html\" target=\"_blank\">mehr Informationen<\/a><\/td><\/tr>\n\n  <tr><td>04.03.2026<\/td><td>09:00 - 13:00<\/td><td>online<\/td><td>\u00f6ffentlich<\/td><td>Crashkurs Prompting<\/td><td><a href=\"https:\/\/www.managementcircle.de\/weiterbildung\/crashkurs-prompting.html\" target=\"_blank\">mehr Informationen<\/a><\/td><\/tr>\n\n  <tr><td>04.03.2026<\/td><td>13:00 - 17:00<\/td><td>online<\/td><td>\u00f6ffentlich<\/td><td>Crashkurs Prompting f\u00fcr Revisoren<\/td><td><a href=\"https:\/\/www.haub-seminare.de\/seminar\/crashkurs-prompting-fuer-revisoren\/\" target=\"_blank\">mehr Informationen<\/a><\/td><\/tr>\n\n  <tr><td>05.03.2026<\/td><td>09:00 - 13:00<\/td><td>online<\/td><td>\u00f6ffentlich<\/td><td>Entscheidungsfindung mit KI<\/td><td><a href=\"https:\/\/www.managementcircle.de\/weiterbildung\/entscheidungsfindung-mit-ki-speziell-fuer-geschaeftsfuehrer.html\" target=\"_blank\">mehr Informationen<\/a><\/td><\/tr>\n\n  <tr><td>12.03.2026<\/td><td>09:00 - 17:00<\/td><td>online<\/td><td>\u00f6ffentlich<\/td><td>K\u00fcnstliche Intelligenz (KI) im Facility Managemente<\/td><td><a href=\"https:\/\/www.compendiumplus.de\/seminare\/facility-management\/007066\" target=\"_blank\">mehr Informationen<\/a><\/td><\/tr>\n-->\n\n  <tr><td>19.03.2026<\/td><td>09:00 &#8211; 17:00<\/td><td>online<\/td><td>\u00f6ffentlich<\/td><td>KI-Kickstart 2026 \u2013 Strategien, Tools &#038; Trends<\/td><td><a href=\"https:\/\/www.managementcircle.de\/weiterbildung\/ki-kickstart-2026.html\" target=\"_blank\">mehr Informationen<\/a><\/td><\/tr>\n\n  <tr><td>24.03.2026<\/td><td>13:00 &#8211; 17:00<\/td><td>online<\/td><td>\u00f6ffentlich<\/td><td>KI-Assistenten f\u00fcr Gesch\u00e4ftsf\u00fchrer<\/td><td><a href=\"https:\/\/www.managementcircle.de\/weiterbildung\/ki-assistenten-fuer-geschaeftsfuehrer.html\" target=\"_blank\">mehr Informationen<\/a><\/td><\/tr>\n\n  <tr><td>01.04.2026<\/td><td>09:00 &#8211; 13:00<\/td><td>Online<\/td><td>\u00f6ffentlich<\/td><td>Entscheidungsfindung mit KI<\/td><td><a href=\"https:\/\/www.managementcircle.de\/weiterbildung\/entscheidungsfindung-mit-ki-speziell-fuer-geschaeftsfuehrer.html\" target=\"_blank\">mehr Informationen<\/a><\/td><\/tr>\n\n  <tr><td>14.04.2026<\/td><td>09:00 &#8211; 17:00<\/td><td>Online<\/td><td>\u00f6ffentlich<\/td><td>K\u00fcnstliche Intelligenz (KI) im Facility Management<\/td><td><a href=\"https:\/\/www.compendiumplus.de\/seminare\/facility-management\/007066\" target=\"_blank\">mehr Informationen<\/a><\/td><\/tr>\n\n  <tr><td>21.04.2026<\/td><td>09:00 &#8211; 17:00<\/td><td>Online<\/td><td>\u00f6ffentlich<\/td><td>K\u00fcnstliche Intelligenz (KI) im Fuhrparkmanagement<\/td><td><a href=\"https:\/\/www.compendiumplus.de\/seminare\/fuhrparkmanagement\/011025\" target=\"_blank\">mehr Informationen<\/a><\/td><\/tr>\n\n  <tr><td>06.05.2026<\/td><td>09:00 &#8211; 17:00<\/td><td>online<\/td><td>\u00f6ffentlich<\/td><td>K\u00fcnstliche Intelligenz (KI) im Facility Management<\/td><td><a href=\"https:\/\/www.compendiumplus.de\/seminare\/facility-management\/007066\" target=\"_blank\">mehr Informationen<\/a><\/td><\/tr>\n\n  <tr><td>19.05.2026<\/td><td>09:00 &#8211; 17:00<\/td><td>online<\/td><td>\u00f6ffentlich<\/td><td>K\u00fcnstliche Intelligenz (KI) im Fuhrparkmanagement<\/td><td><a href=\"https:\/\/www.compendiumplus.de\/seminare\/fuhrparkmanagement\/011025\" target=\"_blank\">mehr Informationen<\/a><\/td><\/tr>\n\n  <tr><td>16.06.2026<\/td><td>09:00 &#8211; 17:00<\/td><td>online<\/td><td>\u00f6ffentlich<\/td><td>K\u00fcnstliche Intelligenz (KI) im Fuhrparkmanagement<\/td><td><a href=\"https:\/\/www.compendiumplus.de\/seminare\/fuhrparkmanagement\/011025\" target=\"_blank\">mehr Informationen<\/a><\/td><\/tr>\n\n  <tr><td>23.06.2026<\/td><td>09:00 &#8211; 17:00<\/td><td>online<\/td><td>\u00f6ffentlich<\/td><td>K\u00fcnstliche Intelligenz (KI) im Facility Management<\/td><td><a href=\"https:\/\/www.compendiumplus.de\/seminare\/facility-management\/007066\" target=\"_blank\">mehr Informationen<\/a><\/td><\/tr>\n\n  <tr><td>09.07.2026<\/td><td>09:00 &#8211; 17:00<\/td><td>online<\/td><td>\u00f6ffentlich<\/td><td>K\u00fcnstliche Intelligenz (KI) im Facility Management<\/td><td><a href=\"https:\/\/www.compendiumplus.de\/seminare\/facility-management\/007066\" target=\"_blank\">mehr Informationen<\/a><\/td><\/tr>\n\n  <tr><td>14.07.2026<\/td><td>09:00 &#8211; 17:00<\/td><td>online<\/td><td>\u00f6ffentlich<\/td><td>K\u00fcnstliche Intelligenz (KI) im Fuhrparkmanagement<\/td><td><a href=\"https:\/\/www.compendiumplus.de\/seminare\/fuhrparkmanagement\/011025\" target=\"_blank\">mehr Informationen<\/a><\/td><\/tr>\n\n<\/table>\n","protected":false},"excerpt":{"rendered":"<p>Live Events mit Sanjay Sauldie Termine 2026 Datum Zeit Ort Art Eventtitel Mehr Informationen 19.03.2026 09:00 &#8211; 17:00 online \u00f6ffentlich KI-Kickstart 2026 \u2013 Strategien, Tools &#038; Trends mehr Informationen 24.03.2026 13:00 &#8211; 17:00 online \u00f6ffentlich KI-Assistenten f\u00fcr Gesch\u00e4ftsf\u00fchrer mehr Informationen 01.04.2026 09:00 &#8211; 13:00 Online \u00f6ffentlich Entscheidungsfindung mit KI mehr Informationen 14.04.2026 09:00 &#8211; 17:00 &#8230; <a title=\"riswave: KIROI: Live Events mit Sanjay Sauldie\" class=\"read-more\" href=\"https:\/\/risawave.org\/de\/live-events-mit-sanjay-sauldie\/\" aria-label=\"Mehr Informationen \u00fcber riswave: KIROI: Live Events mit Sanjay Sauldie\">Weiterlesen &#8230;<\/a><\/p>\n","protected":false},"author":2,"featured_media":0,"parent":0,"menu_order":0,"comment_status":"closed","ping_status":"closed","template":"","meta":{"footnotes":""},"class_list":{"0":"post-333312","1":"page","2":"type-page","3":"status-publish","5":"page_cat-kiroi-seiten"},"yoast_head":"<!-- This site is optimized with the Yoast SEO Premium plugin v27.5 (Yoast SEO v27.5) - https:\/\/yoast.com\/product\/yoast-seo-premium-wordpress\/ -->\n<title>riswave: KIROI: Live Events mit Sanjay Sauldie - risawave.org<\/title>\n<meta name=\"robots\" content=\"index, follow, max-snippet:-1, max-image-preview:large, max-video-preview:-1\" \/>\n<link rel=\"canonical\" href=\"https:\/\/risawave.org\/de\/live-events-mit-sanjay-sauldie\/\" \/>\n<meta property=\"og:locale\" content=\"de_DE\" \/>\n<meta property=\"og:type\" content=\"article\" \/>\n<meta property=\"og:title\" content=\"riswave: KIROI: Live Events mit Sanjay Sauldie\" \/>\n<meta property=\"og:description\" content=\"Live Events mit Sanjay Sauldie Termine 2026 Datum Zeit Ort Art Eventtitel Mehr Informationen 19.03.2026 09:00 &#8211; 17:00 online \u00f6ffentlich KI-Kickstart 2026 \u2013 Strategien, Tools &#038; Trends mehr Informationen 24.03.2026 13:00 &#8211; 17:00 online \u00f6ffentlich KI-Assistenten f\u00fcr Gesch\u00e4ftsf\u00fchrer mehr Informationen 01.04.2026 09:00 &#8211; 13:00 Online \u00f6ffentlich Entscheidungsfindung mit KI mehr Informationen 14.04.2026 09:00 &#8211; 17:00 ... Weiterlesen ...\" \/>\n<meta property=\"og:url\" content=\"https:\/\/risawave.org\/de\/live-events-mit-sanjay-sauldie\/\" \/>\n<meta property=\"og:site_name\" content=\"risawave.org\" \/>\n<meta property=\"article:modified_time\" content=\"2026-03-15T12:40:42+00:00\" \/>\n<meta property=\"og:image\" content=\"https:\/\/risawave.org\/wp-content\/uploads\/2026\/01\/Globales-logo-scaled-1.png\" \/>\n\t<meta property=\"og:image:width\" content=\"2560\" \/>\n\t<meta property=\"og:image:height\" content=\"2560\" \/>\n\t<meta property=\"og:image:type\" content=\"image\/png\" \/>\n<meta name=\"twitter:card\" content=\"summary_large_image\" \/>\n<meta name=\"twitter:label1\" content=\"Gesch\u00e4tzte Lesezeit\" \/>\n\t<meta name=\"twitter:data1\" content=\"1\u00a0Minute\" \/>\n<script type=\"application\/ld+json\" class=\"yoast-schema-graph\">{\"@context\":\"https:\\\/\\\/schema.org\",\"@graph\":[{\"@type\":\"WebPage\",\"@id\":\"https:\\\/\\\/risawave.org\\\/live-events-mit-sanjay-sauldie\\\/\",\"url\":\"https:\\\/\\\/risawave.org\\\/live-events-mit-sanjay-sauldie\\\/\",\"name\":\"riswave: KIROI: Live Events mit Sanjay Sauldie - risawave.org\",\"isPartOf\":{\"@id\":\"https:\\\/\\\/risawave.org\\\/#website\"},\"datePublished\":\"2025-06-14T06:25:02+00:00\",\"dateModified\":\"2026-03-15T12:40:42+00:00\",\"breadcrumb\":{\"@id\":\"https:\\\/\\\/risawave.org\\\/live-events-mit-sanjay-sauldie\\\/#breadcrumb\"},\"inLanguage\":\"de\",\"potentialAction\":[{\"@type\":\"ReadAction\",\"target\":[\"https:\\\/\\\/risawave.org\\\/live-events-mit-sanjay-sauldie\\\/\"]}]},{\"@type\":\"BreadcrumbList\",\"@id\":\"https:\\\/\\\/risawave.org\\\/live-events-mit-sanjay-sauldie\\\/#breadcrumb\",\"itemListElement\":[{\"@type\":\"ListItem\",\"position\":1,\"name\":\"Start\",\"item\":\"https:\\\/\\\/risawave.org\\\/\"},{\"@type\":\"ListItem\",\"position\":2,\"name\":\"riswave: KIROI: Live Events mit Sanjay Sauldie\"}]},{\"@type\":\"WebSite\",\"@id\":\"https:\\\/\\\/risawave.org\\\/#website\",\"url\":\"https:\\\/\\\/risawave.org\\\/\",\"name\":\"risawave.org\",\"description\":\"\",\"publisher\":{\"@id\":\"https:\\\/\\\/risawave.org\\\/#organization\"},\"potentialAction\":[{\"@type\":\"SearchAction\",\"target\":{\"@type\":\"EntryPoint\",\"urlTemplate\":\"https:\\\/\\\/risawave.org\\\/?s={search_term_string}\"},\"query-input\":{\"@type\":\"PropertyValueSpecification\",\"valueRequired\":true,\"valueName\":\"search_term_string\"}}],\"inLanguage\":\"de\"},{\"@type\":[\"Organization\",\"Place\"],\"@id\":\"https:\\\/\\\/risawave.org\\\/#organization\",\"name\":\"risawave.org\",\"url\":\"https:\\\/\\\/risawave.org\\\/\",\"logo\":{\"@id\":\"https:\\\/\\\/risawave.org\\\/live-events-mit-sanjay-sauldie\\\/#local-main-organization-logo\"},\"image\":{\"@id\":\"https:\\\/\\\/risawave.org\\\/live-events-mit-sanjay-sauldie\\\/#local-main-organization-logo\"},\"telephone\":[\"015140530884\"],\"openingHoursSpecification\":[],\"email\":\"office@newrella.hk\",\"faxNumber\":\"newrella Limited\"},{\"@type\":\"ImageObject\",\"inLanguage\":\"de\",\"@id\":\"https:\\\/\\\/risawave.org\\\/live-events-mit-sanjay-sauldie\\\/#local-main-organization-logo\",\"url\":\"https:\\\/\\\/risawave.org\\\/wp-content\\\/uploads\\\/2026\\\/01\\\/Globales-logo-scaled-1.png\",\"contentUrl\":\"https:\\\/\\\/risawave.org\\\/wp-content\\\/uploads\\\/2026\\\/01\\\/Globales-logo-scaled-1.png\",\"width\":2560,\"height\":2560,\"caption\":\"risawave.org\"}]}<\/script>\n<meta name=\"geo.placename\" content=\"\u8202\u574e\u89d2\" \/>\n<meta name=\"geo.region\" content=\"Hong Kong\" \/>\n<!-- \/ Yoast SEO Premium plugin. -->","yoast_head_json":{"title":"riswave: KIROI: Live Events mit Sanjay Sauldie - risawave.org","robots":{"index":"index","follow":"follow","max-snippet":"max-snippet:-1","max-image-preview":"max-image-preview:large","max-video-preview":"max-video-preview:-1"},"canonical":"https:\/\/risawave.org\/de\/live-events-mit-sanjay-sauldie\/","og_locale":"de_DE","og_type":"article","og_title":"riswave: KIROI: Live Events mit Sanjay Sauldie","og_description":"Live Events mit Sanjay Sauldie Termine 2026 Datum Zeit Ort Art Eventtitel Mehr Informationen 19.03.2026 09:00 &#8211; 17:00 online \u00f6ffentlich KI-Kickstart 2026 \u2013 Strategien, Tools &#038; Trends mehr Informationen 24.03.2026 13:00 &#8211; 17:00 online \u00f6ffentlich KI-Assistenten f\u00fcr Gesch\u00e4ftsf\u00fchrer mehr Informationen 01.04.2026 09:00 &#8211; 13:00 Online \u00f6ffentlich Entscheidungsfindung mit KI mehr Informationen 14.04.2026 09:00 &#8211; 17:00 ... Weiterlesen ...","og_url":"https:\/\/risawave.org\/de\/live-events-mit-sanjay-sauldie\/","og_site_name":"risawave.org","article_modified_time":"2026-03-15T12:40:42+00:00","og_image":[{"width":2560,"height":2560,"url":"https:\/\/risawave.org\/wp-content\/uploads\/2026\/01\/Globales-logo-scaled-1.png","type":"image\/png"}],"twitter_card":"summary_large_image","twitter_misc":{"Gesch\u00e4tzte Lesezeit":"1\u00a0Minute"},"schema":{"@context":"https:\/\/schema.org","@graph":[{"@type":"WebPage","@id":"https:\/\/risawave.org\/live-events-mit-sanjay-sauldie\/","url":"https:\/\/risawave.org\/live-events-mit-sanjay-sauldie\/","name":"riswave: KIROI: Live Events mit Sanjay Sauldie - risawave.org","isPartOf":{"@id":"https:\/\/risawave.org\/#website"},"datePublished":"2025-06-14T06:25:02+00:00","dateModified":"2026-03-15T12:40:42+00:00","breadcrumb":{"@id":"https:\/\/risawave.org\/live-events-mit-sanjay-sauldie\/#breadcrumb"},"inLanguage":"de","potentialAction":[{"@type":"ReadAction","target":["https:\/\/risawave.org\/live-events-mit-sanjay-sauldie\/"]}]},{"@type":"BreadcrumbList","@id":"https:\/\/risawave.org\/live-events-mit-sanjay-sauldie\/#breadcrumb","itemListElement":[{"@type":"ListItem","position":1,"name":"Start","item":"https:\/\/risawave.org\/"},{"@type":"ListItem","position":2,"name":"riswave: KIROI: Live Events mit Sanjay Sauldie"}]},{"@type":"WebSite","@id":"https:\/\/risawave.org\/#website","url":"https:\/\/risawave.org\/","name":"risawave.org","description":"","publisher":{"@id":"https:\/\/risawave.org\/#organization"},"potentialAction":[{"@type":"SearchAction","target":{"@type":"EntryPoint","urlTemplate":"https:\/\/risawave.org\/?s={search_term_string}"},"query-input":{"@type":"PropertyValueSpecification","valueRequired":true,"valueName":"search_term_string"}}],"inLanguage":"de"},{"@type":["Organization","Place"],"@id":"https:\/\/risawave.org\/#organization","name":"risawave.org","url":"https:\/\/risawave.org\/","logo":{"@id":"https:\/\/risawave.org\/live-events-mit-sanjay-sauldie\/#local-main-organization-logo"},"image":{"@id":"https:\/\/risawave.org\/live-events-mit-sanjay-sauldie\/#local-main-organization-logo"},"telephone":["015140530884"],"openingHoursSpecification":[],"email":"office@newrella.hk","faxNumber":"newrella Limited"},{"@type":"ImageObject","inLanguage":"de","@id":"https:\/\/risawave.org\/live-events-mit-sanjay-sauldie\/#local-main-organization-logo","url":"https:\/\/risawave.org\/wp-content\/uploads\/2026\/01\/Globales-logo-scaled-1.png","contentUrl":"https:\/\/risawave.org\/wp-content\/uploads\/2026\/01\/Globales-logo-scaled-1.png","width":2560,"height":2560,"caption":"risawave.org"}]},"geo.placename":"\u8202\u574e\u89d2","geo.region":"Hong Kong"},"_links":{"self":[{"href":"https:\/\/risawave.org\/de\/wp-json\/wp\/v2\/pages\/333312","targetHints":{"allow":["GET"]}}],"collection":[{"href":"https:\/\/risawave.org\/de\/wp-json\/wp\/v2\/pages"}],"about":[{"href":"https:\/\/risawave.org\/de\/wp-json\/wp\/v2\/types\/page"}],"author":[{"embeddable":true,"href":"https:\/\/risawave.org\/de\/wp-json\/wp\/v2\/users\/2"}],"replies":[{"embeddable":true,"href":"https:\/\/risawave.org\/de\/wp-json\/wp\/v2\/comments?post=333312"}],"version-history":[{"count":3,"href":"https:\/\/risawave.org\/de\/wp-json\/wp\/v2\/pages\/333312\/revisions"}],"predecessor-version":[{"id":355059,"href":"https:\/\/risawave.org\/de\/wp-json\/wp\/v2\/pages\/333312\/revisions\/355059"}],"wp:attachment":[{"href":"https:\/\/risawave.org\/de\/wp-json\/wp\/v2\/media?parent=333312"}],"curies":[{"name":"wp","href":"https:\/\/api.w.org\/{rel}","templated":true}]}}