{"id":330895,"date":"2025-06-01T12:36:45","date_gmt":"2025-06-01T10:36:45","guid":{"rendered":"https:\/\/sauldie.org\/?page_id=330895"},"modified":"2026-03-14T12:01:43","modified_gmt":"2026-03-14T11:01:43","slug":"haftungsausschluss","status":"publish","type":"page","link":"https:\/\/risawave.org\/de\/haftungsausschluss\/","title":{"rendered":"Rechtliche Information: Haftungsausschlu\u00df"},"content":{"rendered":"\n<p>Es gilt ausschlie\u00dflich der nachfolgende Haftungsausschluss:<\/p>\n\n\n\n<p>Wir sind dazu verpflichtet, diese Website aktuell und akkurat zu halten. Sollten Sie dennoch auf irgendetwas sto\u00dfen, dass veraltet oder inkorrekt ist, w\u00fcrden wir es sch\u00e4tzen, wenn Sie es uns wissen lassen. Bitte weisen Sie darauf hin, wo Sie auf der Seite die Information gelesen haben. Wir werden uns dann so schnell wie m\u00f6glich darum k\u00fcmmern.<\/p>\n\n\n\n<p>Wir \u00fcbernehmen keine Haftung f\u00fcr aus Ungenauigkeit oder Unvollst\u00e4ndigkeit resultierenden Verluste, noch f\u00fcr entstehende Verluste oder Verbreitung von Informationen durch das Internet, wie St\u00f6rungen oder Unterbrechungen. Bei der Verwendung von Internet-Formularen streben wir danach, die Anzahl der ben\u00f6tigten Felder zu minimieren. F\u00fcr jegliche Verluste, die aus der Verwendung&nbsp; empfohlener oder stammender Daten, Hinweisen oder Ideen \u00fcbernehmen keine Haftung.<\/p>\n\n\n\n<p>\u00dcber E-Mail oder mittels eines Internetformulars versendete Antworten und Datenschutzanfragen werden in gleicher Weise wie Briefe behandelt. Dies bedeutet, dass Sie sp\u00e4testens innerhalb eines Monats mit einer Antwort von uns rechnen k\u00f6nnen. Im Falle umfangreicher Anfragen werden wir Sie innerhalb eines Monats wissen lassen, ob wir ein Maximum von drei Monaten ben\u00f6tigen. Jegliche pers\u00f6nliche Information, die Sie uns innerhalb des Kontexts Ihrer Antwort oder Ihrem Antrag zur Verf\u00fcgung stellen, wird ausschlie\u00dflich gem\u00e4\u00df unserer Datenschutzerkl\u00e4rung genutzt.<\/p>\n\n\n\n<p>Wir werden jede angemessene Ma\u00dfnahme ergreifen, um unser System gegen jede Form unrechtm\u00e4\u00dfiger Nutzung zu sch\u00fctzen. Wir werden geeignete Technologien und organisatorische Ma\u00dfnahmen zu diesem Zweck, unter Ber\u00fccksichtigung des aktuellen Standes der Technik, einf\u00fchren. Wir sind jedoch nicht verantwortlich f\u00fcr direkte und\/oder indirekte Verluste jeglicher Art, welche bei einem Benutzer der Website auftreten, die der unrechtm\u00e4\u00dfigen Nutzung des Systems von Drittanbietern entspringt.<\/p>\n\n\n\n<p>Wir \u00fcbernehmen keine Verantwortung f\u00fcr den Inhalt von Websites, zu denen oder von denen ein Hyperlink oder ein anderer Verweis f\u00fchrt. Produkte oder Serviceleistungen, die von Drittanbieten angeboten werden, werden nach entsprechenden Bedingungen und Konditionen jener Drittanbieter behandelt werden.<\/p>\n\n\n\n<p>Unsere Angestellten unternehmen alle Anstrengungen, um Zugriff auf unsere Website zu garantieren und st\u00e4ndig zu verbessern. Ebenso f\u00fcr Personen die aufgrund einer Behinderung spezielle Software verwenden.<\/p>\n\n\n\n<p>Diese Website ist daher nach den Richtlinien der WCAG 2.1 Stufe AA aufgebaut. Diese Richtlinien sind international anerkannte Vereinbarungen \u00fcber Zug\u00e4nglichkeit (Barrierefreiheit), Nachhaltigkeit, Austauschbarkeit und Auffindbarkeit von Websites.<\/p>\n\n\n\n<p>Jegliches intellektuelles Eigentumsrecht an Inhalten auf dieser Website ist im Besitz von<\/p>\n\n\n\n<img loading=\"lazy\" decoding=\"async\" width=\"300\" height=\"100\" class=\"gb-media-fd94e64b\" alt=\"\" title=\"legal\" src=\"https:\/\/risawave.org\/wp-content\/uploads\/2026\/03\/legal.png\"\/>\n\n\n\n<p>Das Kopieren, Verbreiten oder jegliche andere Nutzung dieses Materials sind ohne die schriftliche Erlaubnis nicht gestattet, sofern in geltendem Gesetz nicht anders vereinbart oder ausgenommen (wie etwa das Recht zu zitieren), solang der spezifische Inhalt nichts anderes vorschreibt.<\/p>\n\n\n\n<p>Wenn Sie Fragen oder Probleme mit der Verf\u00fcgbarkeit der Website haben, z\u00f6gern Sie nicht uns zu kontaktieren.<\/p>\n","protected":false},"excerpt":{"rendered":"<p>Es gilt ausschlie\u00dflich der nachfolgende Haftungsausschluss: Wir sind dazu verpflichtet, diese Website aktuell und akkurat zu halten. Sollten Sie dennoch auf irgendetwas sto\u00dfen, dass veraltet oder inkorrekt ist, w\u00fcrden wir es sch\u00e4tzen, wenn Sie es uns wissen lassen. Bitte weisen Sie darauf hin, wo Sie auf der Seite die Information gelesen haben. Wir werden uns &#8230; <a title=\"Rechtliche Information: Haftungsausschlu\u00df\" class=\"read-more\" href=\"https:\/\/risawave.org\/de\/haftungsausschluss\/\" aria-label=\"Mehr Informationen \u00fcber Rechtliche Information: Haftungsausschlu\u00df\">Weiterlesen &#8230;<\/a><\/p>\n","protected":false},"author":2,"featured_media":0,"parent":0,"menu_order":0,"comment_status":"closed","ping_status":"closed","template":"","meta":{"footnotes":""},"class_list":{"0":"post-330895","1":"page","2":"type-page","3":"status-publish","5":"page_cat-rechtliche-seiten"},"yoast_head":"<!-- This site is optimized with the Yoast SEO Premium plugin v27.5 (Yoast SEO v27.5) - https:\/\/yoast.com\/product\/yoast-seo-premium-wordpress\/ -->\n<title>Rechtliche Information: Haftungsausschlu\u00df - risawave.org<\/title>\n<meta name=\"robots\" content=\"index, follow, max-snippet:-1, max-image-preview:large, max-video-preview:-1\" \/>\n<link rel=\"canonical\" href=\"https:\/\/risawave.org\/de\/haftungsausschluss\/\" \/>\n<meta property=\"og:locale\" content=\"de_DE\" \/>\n<meta property=\"og:type\" content=\"article\" \/>\n<meta property=\"og:title\" content=\"Rechtliche Information: Haftungsausschlu\u00df\" \/>\n<meta property=\"og:description\" content=\"Es gilt ausschlie\u00dflich der nachfolgende Haftungsausschluss: Wir sind dazu verpflichtet, diese Website aktuell und akkurat zu halten. Sollten Sie dennoch auf irgendetwas sto\u00dfen, dass veraltet oder inkorrekt ist, w\u00fcrden wir es sch\u00e4tzen, wenn Sie es uns wissen lassen. Bitte weisen Sie darauf hin, wo Sie auf der Seite die Information gelesen haben. Wir werden uns ... Weiterlesen ...\" \/>\n<meta property=\"og:url\" content=\"https:\/\/risawave.org\/de\/haftungsausschluss\/\" \/>\n<meta property=\"og:site_name\" content=\"risawave.org\" \/>\n<meta property=\"article:modified_time\" content=\"2026-03-14T11:01:43+00:00\" \/>\n<meta property=\"og:image\" content=\"https:\/\/risawave.org\/wp-content\/uploads\/2026\/03\/legal.png\" \/>\n<meta name=\"twitter:card\" content=\"summary_large_image\" \/>\n<meta name=\"twitter:label1\" content=\"Gesch\u00e4tzte Lesezeit\" \/>\n\t<meta name=\"twitter:data1\" content=\"3\u00a0Minuten\" \/>\n<script type=\"application\/ld+json\" class=\"yoast-schema-graph\">{\"@context\":\"https:\\\/\\\/schema.org\",\"@graph\":[{\"@type\":\"WebPage\",\"@id\":\"https:\\\/\\\/risawave.org\\\/haftungsausschluss\\\/\",\"url\":\"https:\\\/\\\/risawave.org\\\/haftungsausschluss\\\/\",\"name\":\"Rechtliche Information: Haftungsausschlu\u00df - risawave.org\",\"isPartOf\":{\"@id\":\"https:\\\/\\\/risawave.org\\\/#website\"},\"primaryImageOfPage\":{\"@id\":\"https:\\\/\\\/risawave.org\\\/haftungsausschluss\\\/#primaryimage\"},\"image\":{\"@id\":\"https:\\\/\\\/risawave.org\\\/haftungsausschluss\\\/#primaryimage\"},\"thumbnailUrl\":\"https:\\\/\\\/risawave.org\\\/wp-content\\\/uploads\\\/2026\\\/03\\\/legal.png\",\"datePublished\":\"2025-06-01T10:36:45+00:00\",\"dateModified\":\"2026-03-14T11:01:43+00:00\",\"breadcrumb\":{\"@id\":\"https:\\\/\\\/risawave.org\\\/haftungsausschluss\\\/#breadcrumb\"},\"inLanguage\":\"de\",\"potentialAction\":[{\"@type\":\"ReadAction\",\"target\":[\"https:\\\/\\\/risawave.org\\\/haftungsausschluss\\\/\"]}]},{\"@type\":\"ImageObject\",\"inLanguage\":\"de\",\"@id\":\"https:\\\/\\\/risawave.org\\\/haftungsausschluss\\\/#primaryimage\",\"url\":\"https:\\\/\\\/risawave.org\\\/wp-content\\\/uploads\\\/2026\\\/03\\\/legal.png\",\"contentUrl\":\"https:\\\/\\\/risawave.org\\\/wp-content\\\/uploads\\\/2026\\\/03\\\/legal.png\"},{\"@type\":\"BreadcrumbList\",\"@id\":\"https:\\\/\\\/risawave.org\\\/haftungsausschluss\\\/#breadcrumb\",\"itemListElement\":[{\"@type\":\"ListItem\",\"position\":1,\"name\":\"Start\",\"item\":\"https:\\\/\\\/risawave.org\\\/\"},{\"@type\":\"ListItem\",\"position\":2,\"name\":\"Rechtliche Information: Haftungsausschlu\u00df\"}]},{\"@type\":\"WebSite\",\"@id\":\"https:\\\/\\\/risawave.org\\\/#website\",\"url\":\"https:\\\/\\\/risawave.org\\\/\",\"name\":\"risawave.org\",\"description\":\"\",\"publisher\":{\"@id\":\"https:\\\/\\\/risawave.org\\\/#organization\"},\"potentialAction\":[{\"@type\":\"SearchAction\",\"target\":{\"@type\":\"EntryPoint\",\"urlTemplate\":\"https:\\\/\\\/risawave.org\\\/?s={search_term_string}\"},\"query-input\":{\"@type\":\"PropertyValueSpecification\",\"valueRequired\":true,\"valueName\":\"search_term_string\"}}],\"inLanguage\":\"de\"},{\"@type\":[\"Organization\",\"Place\"],\"@id\":\"https:\\\/\\\/risawave.org\\\/#organization\",\"name\":\"risawave.org\",\"url\":\"https:\\\/\\\/risawave.org\\\/\",\"logo\":{\"@id\":\"https:\\\/\\\/risawave.org\\\/haftungsausschluss\\\/#local-main-organization-logo\"},\"image\":{\"@id\":\"https:\\\/\\\/risawave.org\\\/haftungsausschluss\\\/#local-main-organization-logo\"},\"telephone\":[\"015140530884\"],\"openingHoursSpecification\":[],\"email\":\"office@newrella.hk\",\"faxNumber\":\"newrella Limited\"},{\"@type\":\"ImageObject\",\"inLanguage\":\"de\",\"@id\":\"https:\\\/\\\/risawave.org\\\/haftungsausschluss\\\/#local-main-organization-logo\",\"url\":\"https:\\\/\\\/risawave.org\\\/wp-content\\\/uploads\\\/2026\\\/01\\\/Globales-logo-scaled-1.png\",\"contentUrl\":\"https:\\\/\\\/risawave.org\\\/wp-content\\\/uploads\\\/2026\\\/01\\\/Globales-logo-scaled-1.png\",\"width\":2560,\"height\":2560,\"caption\":\"risawave.org\"}]}<\/script>\n<meta name=\"geo.placename\" content=\"\u8202\u574e\u89d2\" \/>\n<meta name=\"geo.region\" content=\"Hong Kong\" \/>\n<!-- \/ Yoast SEO Premium plugin. -->","yoast_head_json":{"title":"Rechtliche Information: Haftungsausschlu\u00df - risawave.org","robots":{"index":"index","follow":"follow","max-snippet":"max-snippet:-1","max-image-preview":"max-image-preview:large","max-video-preview":"max-video-preview:-1"},"canonical":"https:\/\/risawave.org\/de\/haftungsausschluss\/","og_locale":"de_DE","og_type":"article","og_title":"Rechtliche Information: Haftungsausschlu\u00df","og_description":"Es gilt ausschlie\u00dflich der nachfolgende Haftungsausschluss: Wir sind dazu verpflichtet, diese Website aktuell und akkurat zu halten. Sollten Sie dennoch auf irgendetwas sto\u00dfen, dass veraltet oder inkorrekt ist, w\u00fcrden wir es sch\u00e4tzen, wenn Sie es uns wissen lassen. Bitte weisen Sie darauf hin, wo Sie auf der Seite die Information gelesen haben. Wir werden uns ... Weiterlesen ...","og_url":"https:\/\/risawave.org\/de\/haftungsausschluss\/","og_site_name":"risawave.org","article_modified_time":"2026-03-14T11:01:43+00:00","og_image":[{"url":"https:\/\/risawave.org\/wp-content\/uploads\/2026\/03\/legal.png","type":"","width":"","height":""}],"twitter_card":"summary_large_image","twitter_misc":{"Gesch\u00e4tzte Lesezeit":"3\u00a0Minuten"},"schema":{"@context":"https:\/\/schema.org","@graph":[{"@type":"WebPage","@id":"https:\/\/risawave.org\/haftungsausschluss\/","url":"https:\/\/risawave.org\/haftungsausschluss\/","name":"Rechtliche Information: Haftungsausschlu\u00df - risawave.org","isPartOf":{"@id":"https:\/\/risawave.org\/#website"},"primaryImageOfPage":{"@id":"https:\/\/risawave.org\/haftungsausschluss\/#primaryimage"},"image":{"@id":"https:\/\/risawave.org\/haftungsausschluss\/#primaryimage"},"thumbnailUrl":"https:\/\/risawave.org\/wp-content\/uploads\/2026\/03\/legal.png","datePublished":"2025-06-01T10:36:45+00:00","dateModified":"2026-03-14T11:01:43+00:00","breadcrumb":{"@id":"https:\/\/risawave.org\/haftungsausschluss\/#breadcrumb"},"inLanguage":"de","potentialAction":[{"@type":"ReadAction","target":["https:\/\/risawave.org\/haftungsausschluss\/"]}]},{"@type":"ImageObject","inLanguage":"de","@id":"https:\/\/risawave.org\/haftungsausschluss\/#primaryimage","url":"https:\/\/risawave.org\/wp-content\/uploads\/2026\/03\/legal.png","contentUrl":"https:\/\/risawave.org\/wp-content\/uploads\/2026\/03\/legal.png"},{"@type":"BreadcrumbList","@id":"https:\/\/risawave.org\/haftungsausschluss\/#breadcrumb","itemListElement":[{"@type":"ListItem","position":1,"name":"Start","item":"https:\/\/risawave.org\/"},{"@type":"ListItem","position":2,"name":"Rechtliche Information: Haftungsausschlu\u00df"}]},{"@type":"WebSite","@id":"https:\/\/risawave.org\/#website","url":"https:\/\/risawave.org\/","name":"risawave.org","description":"","publisher":{"@id":"https:\/\/risawave.org\/#organization"},"potentialAction":[{"@type":"SearchAction","target":{"@type":"EntryPoint","urlTemplate":"https:\/\/risawave.org\/?s={search_term_string}"},"query-input":{"@type":"PropertyValueSpecification","valueRequired":true,"valueName":"search_term_string"}}],"inLanguage":"de"},{"@type":["Organization","Place"],"@id":"https:\/\/risawave.org\/#organization","name":"risawave.org","url":"https:\/\/risawave.org\/","logo":{"@id":"https:\/\/risawave.org\/haftungsausschluss\/#local-main-organization-logo"},"image":{"@id":"https:\/\/risawave.org\/haftungsausschluss\/#local-main-organization-logo"},"telephone":["015140530884"],"openingHoursSpecification":[],"email":"office@newrella.hk","faxNumber":"newrella Limited"},{"@type":"ImageObject","inLanguage":"de","@id":"https:\/\/risawave.org\/haftungsausschluss\/#local-main-organization-logo","url":"https:\/\/risawave.org\/wp-content\/uploads\/2026\/01\/Globales-logo-scaled-1.png","contentUrl":"https:\/\/risawave.org\/wp-content\/uploads\/2026\/01\/Globales-logo-scaled-1.png","width":2560,"height":2560,"caption":"risawave.org"}]},"geo.placename":"\u8202\u574e\u89d2","geo.region":"Hong Kong"},"_links":{"self":[{"href":"https:\/\/risawave.org\/de\/wp-json\/wp\/v2\/pages\/330895","targetHints":{"allow":["GET"]}}],"collection":[{"href":"https:\/\/risawave.org\/de\/wp-json\/wp\/v2\/pages"}],"about":[{"href":"https:\/\/risawave.org\/de\/wp-json\/wp\/v2\/types\/page"}],"author":[{"embeddable":true,"href":"https:\/\/risawave.org\/de\/wp-json\/wp\/v2\/users\/2"}],"replies":[{"embeddable":true,"href":"https:\/\/risawave.org\/de\/wp-json\/wp\/v2\/comments?post=330895"}],"version-history":[{"count":2,"href":"https:\/\/risawave.org\/de\/wp-json\/wp\/v2\/pages\/330895\/revisions"}],"predecessor-version":[{"id":352329,"href":"https:\/\/risawave.org\/de\/wp-json\/wp\/v2\/pages\/330895\/revisions\/352329"}],"wp:attachment":[{"href":"https:\/\/risawave.org\/de\/wp-json\/wp\/v2\/media?parent=330895"}],"curies":[{"name":"wp","href":"https:\/\/api.w.org\/{rel}","templated":true}]}}